{"id":98,"date":"2013-07-02T20:10:41","date_gmt":"2013-07-02T18:10:41","guid":{"rendered":"http:\/\/www.chile-reise.com\/wordpress\/?page_id=98"},"modified":"2019-07-26T15:51:23","modified_gmt":"2019-07-26T13:51:23","slug":"kleiner-norden","status":"publish","type":"page","link":"https:\/\/www.chile-reise.com\/en\/packages-daytrips\/kleiner-norden\/","title":{"rendered":"&#8221;Small North&#8221;"},"content":{"rendered":"<a href=\"https:\/\/www.chile-reise.com\/packages-daytrips\/kleiner-norden\/valle-del-elqui\/\" rel=\"attachment wp-att-3339\"><img loading=\"lazy\" decoding=\"async\" src=\"https:\/\/www.chile-reise.com\/wp-content\/uploads\/Valle-del-Elqui-240x140.jpg\" alt=\"Valle del Elqui\" width=\"240\" height=\"140\" class=\"alignleft size-thumbnail wp-image-3339\" \/><\/a>La Serena is located around 400km\/250mi north of Santiago, on a sweeping bay by the Pacific Ocean. With its extensive beaches and beautiful historic centre, the city makes an ideal base for relaxing days at the beach and for excursions to the nearby Elqui Valley. This fertile, deeply greenValley is the home of Chile\u2019s Nobel prize-winning poet Gabriela Mistral. Here also  lies the settlement of Pisco Elqui, the place that takes its name from the famous pisco drink. <\/p>\n<h6>Our Tours<\/h6>\n<span id=\"tablepress-37-description\" class=\"tablepress-table-description tablepress-table-description-id-37\"><\/span>\n\n<table id=\"tablepress-37\" class=\"tablepress tablepress-id-37\" aria-describedby=\"tablepress-37-description\">\n<thead>\n<tr class=\"row-1\">\n\t<th class=\"column-1\">Name <\/th><th class=\"column-2\">Travel Type<\/th><th class=\"column-3\">Duration<\/th>\n<\/tr>\n<\/thead>\n<tbody class=\"row-striping row-hover\">\n<tr class=\"row-2\">\n\t<td class=\"column-1\"><a href=\"https:\/\/www.chile-reise.com\/packages-daytrips\/kleiner-norden\/citytour-la-serena\/\" target=\"_blank\">City Tour La Serena<\/a><\/td><td class=\"column-2\">Culture<\/td><td class=\"column-3\">1 Day<\/td>\n<\/tr>\n<tr class=\"row-3\">\n\t<td class=\"column-1\"><a href=\"isla-damas\/\" target=\"_blank\">Isla Damas<\/a><\/td><td class=\"column-2\">Nature<\/td><td class=\"column-3\">1 Day<\/td>\n<\/tr>\n<tr class=\"row-4\">\n\t<td class=\"column-1\"><a href=\"elquital-und-observatoruim-mamalluca\/\" target=\"_blank\">Tour to the Elqui Valley and the Mamalluca Observatory<\/a><\/td><td class=\"column-2\">Nature \/ Culture<\/td><td class=\"column-3\">1 Day<\/td>\n<\/tr>\n<tr class=\"row-5\">\n\t<td class=\"column-1\"><a href=\"https:\/\/www.chile-reise.com\/packages-daytrips\/kleiner-norden\/fray-george-nationalpark-und-valle-del-encanto\/\" target=\"_blank\">Fray George National Park and the Valle del Encanto<\/a><\/td><td class=\"column-2\">Nature \/ Culture<\/td><td class=\"column-3\">1 Day<\/td>\n<\/tr>\n<\/tbody>\n<\/table>\n<!-- #tablepress-37 from cache -->","protected":false},"excerpt":{"rendered":"<p>La Serena is located around 400km\/250mi north of Santiago, on a sweeping bay by the Pacific Ocean. With its extensive beaches and beautiful historic centre, the city makes an ideal base for relaxing days at the beach and for excursions &#8230;<\/p>\n","protected":false},"author":16,"featured_media":0,"parent":88,"menu_order":0,"comment_status":"open","ping_status":"open","template":"","meta":{"slim_seo":{"title":"[:de]\"Kleiner Norden\"[:en]\"Small North\"[:] - travelArt","description":"[:de] Der \u00abkleine Norden\u00bb liegt auf halbem Weg zwischen den fruchtbaren Gebieten Zentralchiles und der Atacamaw\u00fcste und ist dementsprechend eine h\u00fcgelige Halbw\u00fc"},"footnotes":""},"class_list":["post-98","page","type-page","status-publish","hentry"],"_links":{"self":[{"href":"https:\/\/www.chile-reise.com\/en\/wp-json\/wp\/v2\/pages\/98","targetHints":{"allow":["GET"]}}],"collection":[{"href":"https:\/\/www.chile-reise.com\/en\/wp-json\/wp\/v2\/pages"}],"about":[{"href":"https:\/\/www.chile-reise.com\/en\/wp-json\/wp\/v2\/types\/page"}],"author":[{"embeddable":true,"href":"https:\/\/www.chile-reise.com\/en\/wp-json\/wp\/v2\/users\/16"}],"replies":[{"embeddable":true,"href":"https:\/\/www.chile-reise.com\/en\/wp-json\/wp\/v2\/comments?post=98"}],"version-history":[{"count":0,"href":"https:\/\/www.chile-reise.com\/en\/wp-json\/wp\/v2\/pages\/98\/revisions"}],"up":[{"embeddable":true,"href":"https:\/\/www.chile-reise.com\/en\/wp-json\/wp\/v2\/pages\/88"}],"wp:attachment":[{"href":"https:\/\/www.chile-reise.com\/en\/wp-json\/wp\/v2\/media?parent=98"}],"curies":[{"name":"wp","href":"https:\/\/api.w.org\/{rel}","templated":true}]}}