{"id":96,"date":"2013-07-02T20:10:10","date_gmt":"2013-07-02T18:10:10","guid":{"rendered":"http:\/\/www.chile-reise.com\/wordpress\/?page_id=96"},"modified":"2019-07-26T15:51:02","modified_gmt":"2019-07-26T13:51:02","slug":"atacamawueste","status":"publish","type":"page","link":"https:\/\/www.chile-reise.com\/en\/packages-daytrips\/atacamawueste\/","title":{"rendered":"Atacama Desert"},"content":{"rendered":"<img loading=\"lazy\" decoding=\"async\" class=\"alignleft size-thumbnail wp-image-698\" alt=\"slider_atacamawueste\" src=\"https:\/\/www.chile-reise.com\/wordpress\/wp-content\/uploads\/slider_atacamawueste-240x140.jpg\" width=\"240\" height=\"140\" \/>The small oasis town of San Pedro de Atacama, in the middle of the Atacama Desert, is blessed with a whole range of attractions in its vicinity, and tourists have been drawn to it for decades. The wealth of San Pedro de Atacama\u2019s natural and archaeological highlights ranges from the El Tatio geysers to the Moon Valley, from the ancient fortress of Pucar\u00e1 de Quitor to the thermal springs of Puritama, and certainly includes the Padre Le Paige Museum. Fortunately, this place with its sandy streets and low adobe houses does not seem to change, and appears almost untouched by the tourists, who come here to experience the incomporable Atacama Desert.<\/p>\n<h6>Our Tours<\/h6>\n<span id=\"tablepress-36-description\" class=\"tablepress-table-description tablepress-table-description-id-36\"><\/span>\n\n<table id=\"tablepress-36\" class=\"tablepress tablepress-id-36\" aria-describedby=\"tablepress-36-description\">\n<thead>\n<tr class=\"row-1\">\n\t<th class=\"column-1\">Name<\/th><th class=\"column-2\">Travel Type<\/th><th class=\"column-3\">Duration<\/th>\n<\/tr>\n<\/thead>\n<tbody class=\"row-striping row-hover\">\n<tr class=\"row-2\">\n\t<td class=\"column-1\"><a href=\"salar-de-atacama-und-lagunas-altiplanicas\/\" target=\"_blank\" rel=\"noopener\">Salar de Atacama and Lagunas Altiplanicas<\/a><\/td><td class=\"column-2\">Nature<\/td><td class=\"column-3\">1 Day<\/td>\n<\/tr>\n<tr class=\"row-3\">\n\t<td class=\"column-1\"><a href=\"archaeologische-tour\/\" target=\"_blank\" rel=\"noopener\">Archaeological Tour<\/a><\/td><td class=\"column-2\">Culture<\/td><td class=\"column-3\">1 Day<\/td>\n<\/tr>\n<tr class=\"row-4\">\n\t<td class=\"column-1\"><a href=\"karischlucht\/\" target=\"_blank\" rel=\"noopener\">Kari Gorge<\/a><\/td><td class=\"column-2\">Active<\/td><td class=\"column-3\">1 Day<\/td>\n<\/tr>\n<tr class=\"row-5\">\n\t<td class=\"column-1\"><a href=\"catarpe-valle-de-la-muerte\/\" target=\"_blank\" rel=\"noopener\">Catarpe \u2013 Valle de la Muerte<\/a><\/td><td class=\"column-2\">Active<\/td><td class=\"column-3\">1 Day<\/td>\n<\/tr>\n<tr class=\"row-6\">\n\t<td class=\"column-1\"><a href=\"machuca-rio-grande\/\" target=\"_blank\" rel=\"noopener\">Machuca \u2013 Rio Grande<\/a><\/td><td class=\"column-2\">Active<\/td><td class=\"column-3\">1 Day<\/td>\n<\/tr>\n<tr class=\"row-7\">\n\t<td class=\"column-1\"><a href=\"besteigung-des-vulkan-toco\/\" target=\"_blank\" rel=\"noopener\">Ascent of Toco Volcano<\/a><\/td><td class=\"column-2\">Active<\/td><td class=\"column-3\">1 Day<\/td>\n<\/tr>\n<tr class=\"row-8\">\n\t<td class=\"column-1\"><a href=\"trekking-vulkan-lascar\/\" target=\"_blank\" rel=\"noopener\">Trekking Lascar Volcano<\/a><\/td><td class=\"column-2\">Active<\/td><td class=\"column-3\">1 Day<\/td>\n<\/tr>\n<tr class=\"row-9\">\n\t<td class=\"column-1\"><a href=\"sternenbeobachtung\/\" target=\"_blank\" rel=\"noopener\">Star Observation<\/a><\/td><td class=\"column-2\">Nature<\/td><td class=\"column-3\">1 Day<\/td>\n<\/tr>\n<tr class=\"row-10\">\n\t<td class=\"column-1\"><a href=\"laguna-cejar\/\" target=\"_blank\" rel=\"noopener\">Laguna Cejar<\/a><\/td><td class=\"column-2\">Nature<\/td><td class=\"column-3\">1 Day<\/td>\n<\/tr>\n<tr class=\"row-11\">\n\t<td class=\"column-1\"><a href=\"guatin-und-die-thermen-von-puritama\/\" target=\"_blank\" rel=\"noopener\">Guatin and the Puritama Hot Springs<\/a><\/td><td class=\"column-2\">Nature<\/td><td class=\"column-3\">1 Day<\/td>\n<\/tr>\n<tr class=\"row-12\">\n\t<td class=\"column-1\"><a href=\"valle-del-arcoiris\/\" target=\"_blank\" rel=\"noopener\">Valle del Arcoiris<\/a><\/td><td class=\"column-2\">Nature<\/td><td class=\"column-3\">1 Day<\/td>\n<\/tr>\n<tr class=\"row-13\">\n\t<td class=\"column-1\"><a href=\"geysire-von-tatio\/\" target=\"_blank\" rel=\"noopener\">Geysers of Tatio<\/a><\/td><td class=\"column-2\">Nature<\/td><td class=\"column-3\">1 Day<\/td>\n<\/tr>\n<tr class=\"row-14\">\n\t<td class=\"column-1\"><a href=\"monche-von-pacana-und-laguna-pujsa\/\" target=\"_blank\" rel=\"noopener\">\u201cMonks\" of Pacana and Laguna Pujsa<\/a><\/td><td class=\"column-2\">Nature<\/td><td class=\"column-3\">1 Day<\/td>\n<\/tr>\n<tr class=\"row-15\">\n\t<td class=\"column-1\"><a href=\"valle-de-la-luna\/\" target=\"_blank\" rel=\"noopener\">Valle de la Luna<\/a><\/td><td class=\"column-2\">Nature<\/td><td class=\"column-3\">1 Day<\/td>\n<\/tr>\n<tr class=\"row-16\">\n\t<td class=\"column-1\"><a href=\"https:\/\/www.chile-reise.com\/packages-daytrips\/atacamawueste\/kupfermine-chuquicamata\/\" target=\"_blank\" rel=\"noopener\">Chuquicamata Copper Mine<\/a><\/td><td class=\"column-2\">Culture<\/td><td class=\"column-3\">1 Day<\/td>\n<\/tr>\n<\/tbody>\n<\/table>\n<!-- #tablepress-36 from cache -->","protected":false},"excerpt":{"rendered":"<p>The small oasis town of San Pedro de Atacama, in the middle of the Atacama Desert, is blessed with a whole range of attractions in its vicinity, and tourists have been drawn to it for decades. The wealth of San &#8230;<\/p>\n","protected":false},"author":16,"featured_media":0,"parent":88,"menu_order":0,"comment_status":"open","ping_status":"open","template":"","meta":{"slim_seo":{"title":"[:de]Atacamaw\u00fcste[:en]Atacama Desert[:] - travelArt","description":"[:de] San Pedro de Atacama, ein kleines Oasenst\u00e4dtchen inmitten der Atacamaw\u00fcste, ist mit einer ganzen Reihe von Attraktionen in seiner Umgebung gesegnet: Von d"},"footnotes":""},"class_list":["post-96","page","type-page","status-publish","hentry"],"_links":{"self":[{"href":"https:\/\/www.chile-reise.com\/en\/wp-json\/wp\/v2\/pages\/96","targetHints":{"allow":["GET"]}}],"collection":[{"href":"https:\/\/www.chile-reise.com\/en\/wp-json\/wp\/v2\/pages"}],"about":[{"href":"https:\/\/www.chile-reise.com\/en\/wp-json\/wp\/v2\/types\/page"}],"author":[{"embeddable":true,"href":"https:\/\/www.chile-reise.com\/en\/wp-json\/wp\/v2\/users\/16"}],"replies":[{"embeddable":true,"href":"https:\/\/www.chile-reise.com\/en\/wp-json\/wp\/v2\/comments?post=96"}],"version-history":[{"count":0,"href":"https:\/\/www.chile-reise.com\/en\/wp-json\/wp\/v2\/pages\/96\/revisions"}],"up":[{"embeddable":true,"href":"https:\/\/www.chile-reise.com\/en\/wp-json\/wp\/v2\/pages\/88"}],"wp:attachment":[{"href":"https:\/\/www.chile-reise.com\/en\/wp-json\/wp\/v2\/media?parent=96"}],"curies":[{"name":"wp","href":"https:\/\/api.w.org\/{rel}","templated":true}]}}