{"id":9,"date":"2013-07-01T22:52:16","date_gmt":"2013-07-01T20:52:16","guid":{"rendered":"http:\/\/www.chile-reise.com\/wordpress\/?page_id=9"},"modified":"2022-11-11T22:35:47","modified_gmt":"2022-11-11T20:35:47","slug":"ueber-uns","status":"publish","type":"page","link":"https:\/\/www.chile-reise.com\/en\/ueber-uns\/","title":{"rendered":"About us"},"content":{"rendered":"travelArt was founded in 1994 with the goal of creating <strong>unique and unforgettable travel experiences in Chile<\/strong> \u2013 and we\u2019ve become a dynamic and proven leader in the Chilean tourism market. Since 2017 travelArt is a division of the renowned Chilean travel company Turavion under the direction of Enrique Sacchetti.<\/p>\n<p>The travelArt team, our \u201ctravelArtists\u201d \u2013 is <strong>ready round the clock to assist our guests<\/strong> with any conceivable issue that might arise, ensuring the smooth, nuisance-free enjoyment of even the most unusual travel routes. Every year, our travelArtists visit the different regions of Chile to conduct quality spot-checks and training sessions, to search out new, interesting tour possibilities, and to locate and sample the most spectacular hotels and outstanding restaurants \u2013 even in the remotest corners of the country.<\/p>\n<p>travelArt has its primary office in Santiago, while maintaining support offices in Santiago Airport, Patagonia and the Lake District. With this support, and the assistance of our team of friendly, enthusiastic, highly-qualified tour guides, travelArt delivers the finest possible travel experience: unique, exhilarating, and with memories (and photos) to last a lifetime!<\/p>\n<p><\/p>\n<p><strong>Why travelArt?<\/strong><\/p>\n<p>\u2022 more than two decades of experience<br \/>\n\u2022 customer-first service mentality<br \/>\n\u2022 tailor-made programs for groups and FITs<br \/>\n\u2022 outstanding destination knowledge<br \/>\n\u2022 highly-qualified, enthusiastic tour guides<br \/>\n\u2022 regular training for staff members, guides and suppliers<br \/>\n\u2022 support offices in key tourist regions of Chile<br \/>\n\u2022 24h emergency phone assistance<br \/>\n\u2022 excellent relationships with key suppliers in the industry<br \/>\n\u2022 close collaboration with local organizations<\/p>\n<p><\/p>\n<p>travelArt is a member of LATC (Latin American Travel Concept), a network of tour operators providing a unified, continent-wide travel planning experience, of <a href=\"https:\/\/www.lata.travel\/\" target=\"_blank\" rel=\"noopener noreferrer\">LATA<\/a> (Latin American Travel Association) and of <a href=\"https:\/\/www.lateinamerika.org\/de\/\" target=\"_blank\" rel=\"noopener noreferrer\">ArgeLA<\/a> (Arbeitsgemeinschaft LateinAmerika)<\/p>\n<p><a href=\"https:\/\/www.chile-reise.com\/wp-content\/uploads\/All-logos-about-us-web.png\"><img loading=\"lazy\" decoding=\"async\" src=\"https:\/\/www.chile-reise.com\/wp-content\/uploads\/All-logos-about-us-web.png\" alt=\"\" width=\"700\" height=\"125\" style=\"border: none;\" class=\"aligncenter size-full wp-image-13051\" \/><\/a><\/p>\n<p><img loading=\"lazy\" decoding=\"async\" src=\"https:\/\/www.chile-reise.com\/wp-content\/uploads\/arrow-left.gif\" alt=\"\" width=\"50\" height=\"50\" class=\"alignleft size-full wp-image-14460\" \/><a href=\"https:\/\/www.chile-reise.com\/wp-content\/uploads\/About_travelArt.pdf\"target=\"_blank\">travelArt Company Profile<\/a><\/p>\n<p><a href=\"https:\/\/www.chile-reise.com\/wp-content\/uploads\/SUSTAINABILITY-POLICY-2022-travelArt-Turavion.pdf\" rel=\"noopener\" target=\"_blank\">Sustainability policy<\/a>","protected":false},"excerpt":{"rendered":"<p>travelArt was founded in 1994 with the goal of creating unique and unforgettable travel experiences in Chile \u2013 and we\u2019ve become a dynamic and proven leader in the Chilean tourism market. Since 2017 travelArt is a division of the renowned &#8230;<\/p>\n","protected":false},"author":16,"featured_media":0,"parent":0,"menu_order":0,"comment_status":"open","ping_status":"open","template":"","meta":{"slim_seo":{"title":"[:de]\u00dcber uns[:en]About us[:] - travelArt","description":"[:de]travelArt wurde 1994 mit dem Ziel gegr\u00fcndet, einzigartige und unvergessliche Reiseerlebnisse in Chile zu erm\u00f6glichen - und wir haben uns zu einem dynamisch"},"footnotes":""},"class_list":["post-9","page","type-page","status-publish","hentry"],"_links":{"self":[{"href":"https:\/\/www.chile-reise.com\/en\/wp-json\/wp\/v2\/pages\/9","targetHints":{"allow":["GET"]}}],"collection":[{"href":"https:\/\/www.chile-reise.com\/en\/wp-json\/wp\/v2\/pages"}],"about":[{"href":"https:\/\/www.chile-reise.com\/en\/wp-json\/wp\/v2\/types\/page"}],"author":[{"embeddable":true,"href":"https:\/\/www.chile-reise.com\/en\/wp-json\/wp\/v2\/users\/16"}],"replies":[{"embeddable":true,"href":"https:\/\/www.chile-reise.com\/en\/wp-json\/wp\/v2\/comments?post=9"}],"version-history":[{"count":0,"href":"https:\/\/www.chile-reise.com\/en\/wp-json\/wp\/v2\/pages\/9\/revisions"}],"wp:attachment":[{"href":"https:\/\/www.chile-reise.com\/en\/wp-json\/wp\/v2\/media?parent=9"}],"curies":[{"name":"wp","href":"https:\/\/api.w.org\/{rel}","templated":true}]}}