{"id":5500,"date":"2014-10-15T22:51:23","date_gmt":"2014-10-15T20:51:23","guid":{"rendered":"http:\/\/www.chile-reise.com\/?page_id=5500"},"modified":"2014-12-05T19:06:28","modified_gmt":"2014-12-05T17:06:28","slug":"naturparadies-und-kulturerbe","status":"publish","type":"page","link":"https:\/\/www.chile-reise.com\/en\/packages-daytrips\/seengebiet\/naturparadies-und-kulturerbe\/","title":{"rendered":"Chilo\u00e9: Natural Paradise and Cultural Heritage"},"content":{"rendered":"<p>\r\n        <style type='text\/css'>\r\n            #gallery-2 {\r\n                margin: auto;\r\n            }\r\n            #gallery-2 .gallery-item {\r\n                float: left;\r\n                margin-top: 10px;\r\n                text-align: center;\r\n                width: 33%;           }\r\n            #gallery-2 img {\r\n                border: 2px solid #cfcfcf;\r\n            }\r\n            #gallery-2 .gallery-caption {\r\n                margin-left: 0;\r\n            }\r\n        <\/style>\r\n        <!-- see gallery_shortcode() in wp-includes\/media.php -->\r\n        <div id='gallery-2' class='gallery-images gallery galleryid-5500'><dl class='gallery-item'>\r\n            <dt class='gallery-icon'>\r\n                <a href='https:\/\/www.chile-reise.com\/wp-content\/uploads\/Castro-Cathedral.jpg'><img loading=\"lazy\" decoding=\"async\" width=\"240\" height=\"140\" src=\"https:\/\/www.chile-reise.com\/wp-content\/uploads\/Castro-Cathedral-240x140.jpg\" class=\"attachment-thumbnail size-thumbnail\" alt=\"Castro Cathedral\" \/><\/a>\r\n            <\/dt>\r\n                <dd class='gallery-caption'>\r\n                Castro Cathedral\r\n                <\/dd><\/dl><dl class='gallery-item'>\r\n            <dt class='gallery-icon'>\r\n                <a href='https:\/\/www.chile-reise.com\/wp-content\/uploads\/Pinguine-Pu\u00f1ihuil.jpeg'><img loading=\"lazy\" decoding=\"async\" width=\"240\" height=\"140\" src=\"https:\/\/www.chile-reise.com\/wp-content\/uploads\/Pinguine-Pu\u00f1ihuil-240x140.jpeg\" class=\"attachment-thumbnail size-thumbnail\" alt=\"Pinguine Pu\u00f1ihuil\" \/><\/a>\r\n            <\/dt>\r\n                <dd class='gallery-caption'>\r\n                Penguins at Pu\u00f1ihuil\r\n                <\/dd><\/dl><dl class='gallery-item'>\r\n            <dt class='gallery-icon'>\r\n                <a href='https:\/\/www.chile-reise.com\/wp-content\/uploads\/Pu\u00f1ihuil-Beach1.jpg'><img loading=\"lazy\" decoding=\"async\" width=\"240\" height=\"140\" src=\"https:\/\/www.chile-reise.com\/wp-content\/uploads\/Pu\u00f1ihuil-Beach1-240x140.jpg\" class=\"attachment-thumbnail size-thumbnail\" alt=\"Pu\u00f1ihuil Beach\" \/><\/a>\r\n            <\/dt>\r\n                <dd class='gallery-caption'>\r\n                Playa Pu\u00f1ihuil\r\n                <\/dd><\/dl><br style=\"clear: both\" \/><dl class='gallery-item'>\r\n            <dt class='gallery-icon'>\r\n                <a href='https:\/\/www.chile-reise.com\/wp-content\/uploads\/Fundaci\u00f3n-Amigos-de-las-Iglesias.jpg'><img loading=\"lazy\" decoding=\"async\" width=\"240\" height=\"140\" src=\"https:\/\/www.chile-reise.com\/wp-content\/uploads\/Fundaci\u00f3n-Amigos-de-las-Iglesias-240x140.jpg\" class=\"attachment-thumbnail size-thumbnail\" alt=\"Fundaci\u00f3n Amigos de las Iglesias\" \/><\/a>\r\n            <\/dt>\r\n                <dd class='gallery-caption'>\r\n                Museo \r\n                <\/dd><\/dl><dl class='gallery-item'>\r\n            <dt class='gallery-icon'>\r\n                <a href='https:\/\/www.chile-reise.com\/wp-content\/uploads\/Chilo\u00e9-2_original.jpg'><img loading=\"lazy\" decoding=\"async\" width=\"240\" height=\"140\" src=\"https:\/\/www.chile-reise.com\/wp-content\/uploads\/Chilo\u00e9-2_original-240x140.jpg\" class=\"attachment-thumbnail size-thumbnail\" alt=\"Chilo\u00e9 2 original\" \/><\/a>\r\n            <\/dt>\r\n                <dd class='gallery-caption'>\r\n                Chilo\u00e9\r\n                <\/dd><\/dl><dl class='gallery-item'>\r\n            <dt class='gallery-icon'>\r\n                <a href='https:\/\/www.chile-reise.com\/wp-content\/uploads\/Dalcahue.jpg'><img loading=\"lazy\" decoding=\"async\" width=\"240\" height=\"140\" src=\"https:\/\/www.chile-reise.com\/wp-content\/uploads\/Dalcahue-240x140.jpg\" class=\"attachment-thumbnail size-thumbnail\" alt=\"Dalcahue\" \/><\/a>\r\n            <\/dt>\r\n                <dd class='gallery-caption'>\r\n                Ancud\r\n                <\/dd><\/dl><br style=\"clear: both\" \/>\r\n            <br style='clear: both;' \/>\r\n        <\/div>\n\n<div class=\"clear\"><\/div><div class=\"divider\"><\/div>\nChilo\u00e9 is a mystical island complete with legends, ancient customs, and a fascinating people who have their very own rhythm of life \u2013 you will be enchanted!<\/p>\n<p>The wooden churches of Chilo\u00e9 are among Chile\u2019s most valuable cultural treasures and were added to the UNESCO World Heritage list in 2000. The first of the 16 listed churches were built in the 18th century by Jesuit monks with the help of skilled local carpenters. They are made entirely of wood, without a single iron nail!<\/p>\n<p><strong>Travel Type:<\/strong> Culture \/ Nature<br \/>\n<strong>Duration:<\/strong> 4 Days<\/p>\n\n\t<script type=\"text\/javascript\">\tjQuery(document).ready(function($){\tjQuery(\"ul.tabs-nav\").tabs(\"> .pane\"); }); <\/script>\n\n\t\t<div class=\"post-tabs\">\n\t\t\n<ul class=\"tabs-nav\">\n<li>Tour Description<\/li>\n<li>Included Services<\/li>\n<li>Gear<\/li>\n<\/ul>\n\n\t\t<div class=\"pane\">\n\t\t\n<strong>Day 1: Castro<\/strong><br \/>\nFlight to Castro. Your bilingual guide and Chilo\u00e9 expert will pick you up at the airport. After the check-in in your hotel, you will explore Chilo\u00e9\u00b4s capital Castro during a city tour. You will visit the Plaza de Armas and its cathedral painted in daring lilac and orange. The island\u2019s largest craft market can also be visited near the harbour. Castro is famous for its \u2018palafitos\u2019, houses raised on stilts above the water. There are various reasons for their existence, but the most compelling is perhaps the simple fact that early inhabitants sought to evade taxes by building over the water. After all, the ocean has always belonged to everyone!<br \/>\nOvernight in Castro.<\/p>\n<p><strong>Day 2: Pu\u00f1ihuil  Penguin Colony, hike from Duhatao to Chepu, and taste Curanto<\/strong><br \/>\nToday\u2019s tour takes you to the northern part of the island. You will receive your lunchboxes for the day\u2019s hike in Ancud. Then, we show you the beach of Pu\u00f1ihuil. Weather permitting; you will take a small boat to one of the rocky outcrops in the sea, where the penguins nest during the breading season. It is one of the few places where Magellan and Humboldt penguins live side by side. After the surely entertaining encounter with the penguins, the active part of the day begins: an approx. 4-hour hike along the coast from Duhato to Chepu on the \u201cSendero de Chile.\u201d You will hike through an evergreen forest and pass the idyllic beach of Aul\u00edn. After the hike you will return to Ancud relaxed and refreshed. Make sure you stop to taste an original \u201cCuranto,\u201d a typical dish with meat, potatoes, collard greens and seafood cooked in an earth oven. Overnight in Ancud.<\/p>\n<p><strong>Day 3: Fundaci\u00f3n Amigos de las Igl\u00e9sias de Chilo\u00e9 and Caul\u00edn<\/strong><br \/>\nToday, you will visit the fascinating museum of the \u201cFriends of the Churches of Chilo\u00e9\u201d Foundation.<br \/>\nHere, you can learn everything about the island\u2019s unique architecture and its background.<br \/>\nAfterwards, your excursion takes you to the Bay of Caul\u00edn, where black-necked swans and other bird species can be observed during summer.<br \/>\nTransfer to Puerto Varas and overnight.<\/p>\n<p><strong>Day 4: Puerto Varas<\/strong><br \/>\nDeparture or extension programme in Puerto Varas.<\/p>\n\n\t\t<\/div>\n\t\n\n\t\t<div class=\"pane\">\n\t\t\nOvernight with breakfast, mentioned transfers and excursions, guide<br \/>\n\n\t\t<\/div>\n\t\n\n\t\t<div class=\"pane\">\n\t\t\nPlease bring all-weather-gear, hiking boots and sunscreen<br \/>\n\n\t\t<\/div>\n\t\n\n\t\t<\/div>\n\t<\/p>","protected":false},"excerpt":{"rendered":"<p>Chilo\u00e9 is a mystical island complete with legends, ancient customs, and a fascinating people who have their very own rhythm of life \u2013 you will be enchanted! The wooden churches of Chilo\u00e9 are among Chile\u2019s most valuable cultural treasures and &#8230;<\/p>\n","protected":false},"author":3,"featured_media":0,"parent":101,"menu_order":0,"comment_status":"open","ping_status":"open","template":"","meta":{"slim_seo":{"title":"Chilo\u00e9: Naturparadies und Kulturerbe Chilo\u00e9: Natural Paradise and Cultural Heritage - travelArt","description":"Castro Cathedral Penguins at Pu\u00f1ihuil Playa Pu\u00f1ihuil Museo Chilo\u00e9 Ancud Chilo\u00e9 ist eine Insel voller Mythen, Legenden, Br\u00e4uchen und interessanten Menschen mit e"},"footnotes":""},"class_list":["post-5500","page","type-page","status-publish","hentry"],"_links":{"self":[{"href":"https:\/\/www.chile-reise.com\/en\/wp-json\/wp\/v2\/pages\/5500","targetHints":{"allow":["GET"]}}],"collection":[{"href":"https:\/\/www.chile-reise.com\/en\/wp-json\/wp\/v2\/pages"}],"about":[{"href":"https:\/\/www.chile-reise.com\/en\/wp-json\/wp\/v2\/types\/page"}],"author":[{"embeddable":true,"href":"https:\/\/www.chile-reise.com\/en\/wp-json\/wp\/v2\/users\/3"}],"replies":[{"embeddable":true,"href":"https:\/\/www.chile-reise.com\/en\/wp-json\/wp\/v2\/comments?post=5500"}],"version-history":[{"count":0,"href":"https:\/\/www.chile-reise.com\/en\/wp-json\/wp\/v2\/pages\/5500\/revisions"}],"up":[{"embeddable":true,"href":"https:\/\/www.chile-reise.com\/en\/wp-json\/wp\/v2\/pages\/101"}],"wp:attachment":[{"href":"https:\/\/www.chile-reise.com\/en\/wp-json\/wp\/v2\/media?parent=5500"}],"curies":[{"name":"wp","href":"https:\/\/api.w.org\/{rel}","templated":true}]}}