{"id":5494,"date":"2014-10-15T22:39:41","date_gmt":"2014-10-15T20:39:41","guid":{"rendered":"http:\/\/www.chile-reise.com\/?page_id=5494"},"modified":"2014-12-05T19:05:44","modified_gmt":"2014-12-05T17:05:44","slug":"history-and-legends-chiloe","status":"publish","type":"page","link":"https:\/\/www.chile-reise.com\/en\/packages-daytrips\/seengebiet\/history-and-legends-chiloe\/","title":{"rendered":"History and Legends of Chilo\u00e9"},"content":{"rendered":"<p>\r\n        <style type='text\/css'>\r\n            #gallery-2 {\r\n                margin: auto;\r\n            }\r\n            #gallery-2 .gallery-item {\r\n                float: left;\r\n                margin-top: 10px;\r\n                text-align: center;\r\n                width: 33%;           }\r\n            #gallery-2 img {\r\n                border: 2px solid #cfcfcf;\r\n            }\r\n            #gallery-2 .gallery-caption {\r\n                margin-left: 0;\r\n            }\r\n        <\/style>\r\n        <!-- see gallery_shortcode() in wp-includes\/media.php -->\r\n        <div id='gallery-2' class='gallery-images gallery galleryid-5494'><dl class='gallery-item'>\r\n            <dt class='gallery-icon'>\r\n                <a href='https:\/\/www.chile-reise.com\/wp-content\/uploads\/Chilo\u00e9-from-the-sea.jpg'><img loading=\"lazy\" decoding=\"async\" width=\"240\" height=\"140\" src=\"https:\/\/www.chile-reise.com\/wp-content\/uploads\/Chilo\u00e9-from-the-sea-240x140.jpg\" class=\"attachment-thumbnail size-thumbnail\" alt=\"Chilo\u00e9 from the sea\" \/><\/a>\r\n            <\/dt>\r\n                <dd class='gallery-caption'>\r\n                Chilo\u00e9\r\n                <\/dd><\/dl><dl class='gallery-item'>\r\n            <dt class='gallery-icon'>\r\n                <a href='https:\/\/www.chile-reise.com\/wp-content\/uploads\/Curaco-de-Velez.jpg'><img loading=\"lazy\" decoding=\"async\" width=\"240\" height=\"140\" src=\"https:\/\/www.chile-reise.com\/wp-content\/uploads\/Curaco-de-Velez-240x140.jpg\" class=\"attachment-thumbnail size-thumbnail\" alt=\"Curaco de Velez\" \/><\/a>\r\n            <\/dt>\r\n                <dd class='gallery-caption'>\r\n                Curaco de Velez\r\n                <\/dd><\/dl><dl class='gallery-item'>\r\n            <dt class='gallery-icon'>\r\n                <a href='https:\/\/www.chile-reise.com\/wp-content\/uploads\/Dalcahue.jpg'><img loading=\"lazy\" decoding=\"async\" width=\"240\" height=\"140\" src=\"https:\/\/www.chile-reise.com\/wp-content\/uploads\/Dalcahue-240x140.jpg\" class=\"attachment-thumbnail size-thumbnail\" alt=\"Dalcahue\" \/><\/a>\r\n            <\/dt>\r\n                <dd class='gallery-caption'>\r\n                Ancud\r\n                <\/dd><\/dl><br style=\"clear: both\" \/><dl class='gallery-item'>\r\n            <dt class='gallery-icon'>\r\n                <a href='https:\/\/www.chile-reise.com\/wp-content\/uploads\/Puente-Almas_by-Tierra-Hoteles.jpg'><img loading=\"lazy\" decoding=\"async\" width=\"240\" height=\"140\" src=\"https:\/\/www.chile-reise.com\/wp-content\/uploads\/Puente-Almas_by-Tierra-Hoteles-240x140.jpg\" class=\"attachment-thumbnail size-thumbnail\" alt=\"Puente Almas by Tierra Hoteles\" \/><\/a>\r\n            <\/dt>\r\n                <dd class='gallery-caption'>\r\n                Puente de los Almas\r\n                <\/dd><\/dl><dl class='gallery-item'>\r\n            <dt class='gallery-icon'>\r\n                <a href='https:\/\/www.chile-reise.com\/wp-content\/uploads\/Chilo\u00e9-2_original.jpg'><img loading=\"lazy\" decoding=\"async\" width=\"240\" height=\"140\" src=\"https:\/\/www.chile-reise.com\/wp-content\/uploads\/Chilo\u00e9-2_original-240x140.jpg\" class=\"attachment-thumbnail size-thumbnail\" alt=\"Chilo\u00e9 2 original\" \/><\/a>\r\n            <\/dt>\r\n                <dd class='gallery-caption'>\r\n                Chilo\u00e9\r\n                <\/dd><\/dl><dl class='gallery-item'>\r\n            <dt class='gallery-icon'>\r\n                <a href='https:\/\/www.chile-reise.com\/wp-content\/uploads\/DSC02859.jpg'><img loading=\"lazy\" decoding=\"async\" width=\"240\" height=\"140\" src=\"https:\/\/www.chile-reise.com\/wp-content\/uploads\/DSC02859-240x140.jpg\" class=\"attachment-thumbnail size-thumbnail\" alt=\"DSC02859\" \/><\/a>\r\n            <\/dt>\r\n                <dd class='gallery-caption'>\r\n                Chilo\u00e9 Pacific Coast\r\n                <\/dd><\/dl><br style=\"clear: both\" \/>\r\n            <br style='clear: both;' \/>\r\n        <\/div>\n\n<div class=\"clear\"><\/div><div class=\"divider\"><\/div>\n<p>Chilo\u00e9 ist eine Insel voller Mythen, Legenden, Br\u00e4uchen und interessanten Menschen mit einem ganz eigenen Lebensrhytmus \u2013 Sie werden verzaubert sein!<\/p>\n<p>Die Kirchen von Chilo\u00e9 gelten als einer der gr\u00f6\u00dften Kultursch\u00e4tze des Landes und wurden im Jahr 2000 in das Weltkulturerbe der UNESCO aufgenommen. Die ersten der insgesamt 16 unter Schutz stehenden Kirchen wurden im 18. Jahrhundert von den Jesuiten mit Hilfe der kunstfertigen einheimischen Zimmerleute errichtet. Die Kirchen wurden komplett aus Holz und ohne einen einzigen Nagel gebaut.<\/p>\n<p><strong>Travel Type:<\/strong> Culture \/ Nature<br \/>\n<strong>Duration:<\/strong> 3 Days<\/p>\n\n\t<script type=\"text\/javascript\">\tjQuery(document).ready(function($){\tjQuery(\"ul.tabs-nav\").tabs(\"> .pane\"); }); <\/script>\n\n\t\t<div class=\"post-tabs\">\n\t\t\n<ul class=\"tabs-nav\">\n<li>Tour Description<\/li>\n<li>Included Services<\/li>\n<li>Gear<\/li>\n<\/ul>\n\n\t\t<div class=\"pane\">\n\t\t\n<strong>Day 1: Dalcahue and Isla Quinchao<\/strong><br \/>\nFlight to Castro. Your bilingual guide and Chilo\u00e9 expert will pick you up at the airport. After checking in at your hotel, you will explore the fishing village of Dalcahue, with its lovely wooden church. Dalcahue is the regional centre for many smaller islands and fishing villages along the coast and provides good insight into the traditional way of life on Chilo\u00e9. It has photogenic clapboard houses and colourful fishing boats that bring in fresh catches of crab daily.<br \/>\nAfterwards you take a ferry to the island of Quinchao with its beautiful viewpoints and wooden churches. First you will visit the hamlet of Curaco de Velez and its well preserved wooden church. Then you go on to  the village of Achao. The church of Achao is the oldest one on Chilo\u00e9 and is often described as the most valuable church of all Chile. Parts of the church are dated from 1740. After the visit you have time to see the village, before returning to Castro. Overnight in Castro.<\/p>\n<p><strong>Day 2: Cucao and Punta Pirulil<\/strong><br \/>\nThis will be a rather active day. Your hike starts at Cucao, a long, open bay with a beautiful white sandy beach surrounded by wooded hills. You will hike southwards along the coast through native forests and gain altitude until you arrive at a beautiful viewpoint looking out over the Pacific Ocean. From there, continue over the hills until you reach the mystic and highly symbolic \u201cPuente de las Almas\u201d (Bridge of the Souls). Locals believe that the souls of the deceased start their journey to the afterlife on this bridge. You can have a picnic and enjoy a spectacular view over the Pacific Ocean from a 70 meter high cliff. Return to Castro in the evening. Overnight in Castro.<\/p>\n<p><strong>Day 3: Puerto Varas<\/strong><br \/>\nDeparture or extension programme in Puerto Varas.<\/p>\n\n\t\t<\/div>\n\t\n\n\t\t<div class=\"pane\">\n\t\t\nOvernight with breakfast, mentioned transfers and excursions, guide<br \/>\n\n\t\t<\/div>\n\t\n\n\t\t<div class=\"pane\">\n\t\t\nPlease bring all-weather-gear, hiking boots and sunscreen<br \/>\n\n\t\t<\/div>\n\t\n\n\t\t<\/div>\n\t<\/p>","protected":false},"excerpt":{"rendered":"<p>Chilo\u00e9 ist eine Insel voller Mythen, Legenden, Br\u00e4uchen und interessanten Menschen mit einem ganz eigenen Lebensrhytmus \u2013 Sie werden verzaubert sein! Die Kirchen von Chilo\u00e9 gelten als einer der gr\u00f6\u00dften Kultursch\u00e4tze des Landes und wurden im Jahr 2000 in das &#8230;<\/p>\n","protected":false},"author":3,"featured_media":0,"parent":101,"menu_order":0,"comment_status":"open","ping_status":"open","template":"","meta":{"slim_seo":{"title":"Geschichte und Geschichten Chilo\u00e9s History and Legends of Chilo\u00e9 - travelArt","description":"Chilo\u00e9 Curaco de Velez Ancud Puente de los Almas Chilo\u00e9 Chilo\u00e9 Pacific Coast Chilo\u00e9 ist eine Insel voller Mythen, Legenden, Br\u00e4uchen und interessanten Menschen"},"footnotes":""},"class_list":["post-5494","page","type-page","status-publish","hentry"],"_links":{"self":[{"href":"https:\/\/www.chile-reise.com\/en\/wp-json\/wp\/v2\/pages\/5494","targetHints":{"allow":["GET"]}}],"collection":[{"href":"https:\/\/www.chile-reise.com\/en\/wp-json\/wp\/v2\/pages"}],"about":[{"href":"https:\/\/www.chile-reise.com\/en\/wp-json\/wp\/v2\/types\/page"}],"author":[{"embeddable":true,"href":"https:\/\/www.chile-reise.com\/en\/wp-json\/wp\/v2\/users\/3"}],"replies":[{"embeddable":true,"href":"https:\/\/www.chile-reise.com\/en\/wp-json\/wp\/v2\/comments?post=5494"}],"version-history":[{"count":0,"href":"https:\/\/www.chile-reise.com\/en\/wp-json\/wp\/v2\/pages\/5494\/revisions"}],"up":[{"embeddable":true,"href":"https:\/\/www.chile-reise.com\/en\/wp-json\/wp\/v2\/pages\/101"}],"wp:attachment":[{"href":"https:\/\/www.chile-reise.com\/en\/wp-json\/wp\/v2\/media?parent=5494"}],"curies":[{"name":"wp","href":"https:\/\/api.w.org\/{rel}","templated":true}]}}