{"id":5470,"date":"2014-10-15T22:17:35","date_gmt":"2014-10-15T20:17:35","guid":{"rendered":"http:\/\/www.chile-reise.com\/?page_id=5470"},"modified":"2014-12-05T19:02:17","modified_gmt":"2014-12-05T17:02:17","slug":"chiloe-intensiv","status":"publish","type":"page","link":"https:\/\/www.chile-reise.com\/en\/packages-daytrips\/seengebiet\/chiloe-intensiv\/","title":{"rendered":"Chilo\u00e9 &#8211; Intensive Tour"},"content":{"rendered":"<p>\r\n        <style type='text\/css'>\r\n            #gallery-2 {\r\n                margin: auto;\r\n            }\r\n            #gallery-2 .gallery-item {\r\n                float: left;\r\n                margin-top: 10px;\r\n                text-align: center;\r\n                width: 33%;           }\r\n            #gallery-2 img {\r\n                border: 2px solid #cfcfcf;\r\n            }\r\n            #gallery-2 .gallery-caption {\r\n                margin-left: 0;\r\n            }\r\n        <\/style>\r\n        <!-- see gallery_shortcode() in wp-includes\/media.php -->\r\n        <div id='gallery-2' class='gallery-images gallery galleryid-5470'><dl class='gallery-item'>\r\n            <dt class='gallery-icon'>\r\n                <a href='https:\/\/www.chile-reise.com\/wp-content\/uploads\/Pinguine-Pu\u00f1ihuil.jpeg'><img loading=\"lazy\" decoding=\"async\" width=\"240\" height=\"140\" src=\"https:\/\/www.chile-reise.com\/wp-content\/uploads\/Pinguine-Pu\u00f1ihuil-240x140.jpeg\" class=\"attachment-thumbnail size-thumbnail\" alt=\"Pinguine Pu\u00f1ihuil\" \/><\/a>\r\n            <\/dt>\r\n                <dd class='gallery-caption'>\r\n                Penguins at Pu\u00f1ihuil\r\n                <\/dd><\/dl><dl class='gallery-item'>\r\n            <dt class='gallery-icon'>\r\n                <a href='https:\/\/www.chile-reise.com\/wp-content\/uploads\/Curaco-de-Velez.jpg'><img loading=\"lazy\" decoding=\"async\" width=\"240\" height=\"140\" src=\"https:\/\/www.chile-reise.com\/wp-content\/uploads\/Curaco-de-Velez-240x140.jpg\" class=\"attachment-thumbnail size-thumbnail\" alt=\"Curaco de Velez\" \/><\/a>\r\n            <\/dt>\r\n                <dd class='gallery-caption'>\r\n                Curaco de Velez\r\n                <\/dd><\/dl><dl class='gallery-item'>\r\n            <dt class='gallery-icon'>\r\n                <a href='https:\/\/www.chile-reise.com\/wp-content\/uploads\/Castro.jpg'><img loading=\"lazy\" decoding=\"async\" width=\"240\" height=\"140\" src=\"https:\/\/www.chile-reise.com\/wp-content\/uploads\/Castro-240x140.jpg\" class=\"attachment-thumbnail size-thumbnail\" alt=\"Castro\" \/><\/a>\r\n            <\/dt>\r\n                <dd class='gallery-caption'>\r\n                Castro\r\n                <\/dd><\/dl><br style=\"clear: both\" \/><dl class='gallery-item'>\r\n            <dt class='gallery-icon'>\r\n                <a href='https:\/\/www.chile-reise.com\/wp-content\/uploads\/Dalcahue.jpg'><img loading=\"lazy\" decoding=\"async\" width=\"240\" height=\"140\" src=\"https:\/\/www.chile-reise.com\/wp-content\/uploads\/Dalcahue-240x140.jpg\" class=\"attachment-thumbnail size-thumbnail\" alt=\"Dalcahue\" \/><\/a>\r\n            <\/dt>\r\n                <dd class='gallery-caption'>\r\n                Ancud\r\n                <\/dd><\/dl><dl class='gallery-item'>\r\n            <dt class='gallery-icon'>\r\n                <a href='https:\/\/www.chile-reise.com\/wp-content\/uploads\/Chilo\u00e9-2_original.jpg'><img loading=\"lazy\" decoding=\"async\" width=\"240\" height=\"140\" src=\"https:\/\/www.chile-reise.com\/wp-content\/uploads\/Chilo\u00e9-2_original-240x140.jpg\" class=\"attachment-thumbnail size-thumbnail\" alt=\"Chilo\u00e9 2 original\" \/><\/a>\r\n            <\/dt>\r\n                <dd class='gallery-caption'>\r\n                Chilo\u00e9\r\n                <\/dd><\/dl><dl class='gallery-item'>\r\n            <dt class='gallery-icon'>\r\n                <a href='https:\/\/www.chile-reise.com\/wp-content\/uploads\/Pu\u00f1ihuil-Beach1.jpg'><img loading=\"lazy\" decoding=\"async\" width=\"240\" height=\"140\" src=\"https:\/\/www.chile-reise.com\/wp-content\/uploads\/Pu\u00f1ihuil-Beach1-240x140.jpg\" class=\"attachment-thumbnail size-thumbnail\" alt=\"Pu\u00f1ihuil Beach\" \/><\/a>\r\n            <\/dt>\r\n                <dd class='gallery-caption'>\r\n                Playa Pu\u00f1ihuil\r\n                <\/dd><\/dl><br style=\"clear: both\" \/>\r\n            <br style='clear: both;' \/>\r\n        <\/div>\n\n<div class=\"clear\"><\/div><div class=\"divider\"><\/div>\n<p>Chilo\u00e9 is a mystical island complete with legends, ancient customs, and a fascinating people who have their very own rhythm of life \u2013 you will be enchanted!<\/p>\n<p>The wooden churches of Chilo\u00e9 are among Chile\u2019s most valuable cultural treasures and were added to the UNESCO World Heritage list in 2000. The first of the 16 listed churches were built in the 18th century by Jesuit monks with the help of skilled local carpenters. They are made entirely of wood, without a single iron nail!<\/p>\n<p><strong>Travel Type:<\/strong> Culture \/ Nature<br \/>\n<strong>Duration:<\/strong> 4 Days<\/p>\n\n\t<script type=\"text\/javascript\">\tjQuery(document).ready(function($){\tjQuery(\"ul.tabs-nav\").tabs(\"> .pane\"); }); <\/script>\n\n\t\t<div class=\"post-tabs\">\n\t\t\n<ul class=\"tabs-nav\">\n<li>Tour Description<\/li>\n<li>Included Services<\/li>\n<li>Gear<\/li>\n<\/ul>\n\n\t\t<div class=\"pane\">\n\t\t\n<strong>Day 1: Dalcahue and Isla Quinchao<\/strong><br \/>\nFlight to Castro. Your bilingual guide and Chilo\u00e9 expert will pick you up at the airport. After checking in at your hotel, you will explore the fishing village of Dalcahue, with its lovely wooden church. Dalcahue is the regional centre for many smaller islands and fishing villages along the coast and provides good insight into the traditional way of life on Chilo\u00e9. It has photogenic clapboard houses and colourful fishing boats that bring in fresh catches of crab daily.<br \/>\nAfterwards you will take a ferry to the island of Quinchao, with its beautiful viewpoints and wooden churches. First, visit the hamlet of Curaco de Velez and its well-preserved wooden church. Then, continue on to the village of Achao. The church of Achao is the oldest on Chilo\u00e9 and is often described as the most valuable church of all Chile. Parts of the church date back to the year 1740. After visiting the church, you will have time to see the village before returning to Castro. Overnight in Castro.<\/p>\n<p><strong>Day 2: Castro and the Pu\u00f1ihuil  Penguin Colony<\/strong><br \/>\nYour day begins with a city tour of Castro. You will visit the Plaza de Armas and its cathedral painted in daring lilac and orange. The island\u2019s largest craft market can also be visited near the harbour. Castro is famous for its \u2018palafitos\u2019, houses raised on stilts above the water. There are various reasons for their existence, but the most compelling is perhaps the simple fact that early inhabitants sought to evade taxes by building over the water. After all, the ocean has always belonged to everyone!<br \/>\nThe tour goes on to Ancud, in the northern part of the island. On your way, you will have the opportunity to eat \u201cCuranto\u201d for lunch, a typical dish with meat, potatoes, collard greens and seafood made in an earth oven. Last but not least, we will take you to Pu\u00f1ihuil Beach. Weather permitting, you can take a small boat to one of the rocky outcrops in the sea where the penguins nest during breeding season. It is one of the few places where Magellan and Humboldt penguins live side by side. Overnight in Ancud.<\/p>\n<p><strong>Day 3: Ancud dnd Caul\u00edn<\/strong><br \/>\nToday you will visit Ancud, the northernmost town and former capital of the island. Here you can get some brief insight into the lifestyle of the island\u2019s inhabitants, known as \u201cChilotes.\u201d You will also see the colourful shingle houses on stilts, typical for the island, as well as fishing boats, the harbour, and the market. You will also visit fortifications dating back to the War of Independence. Afterwards, your excursion takes you to the Bay of Caul\u00edn, where black-necked swans and other bird species can be observed during summer. Transfer to Puerto Varas and overnight.<\/p>\n<p><strong>Day 4: Puerto Varas<\/strong><br \/>\nDeparture or extension programme in Puerto Varas.<\/p>\n\n\t\t<\/div>\n\t\n\n\t\t<div class=\"pane\">\n\t\t\nOvernight with breakfast, mentioned transfers and excursions, guide<br \/>\n\n\t\t<\/div>\n\t\n\n\t\t<div class=\"pane\">\n\t\t\nPlease bring all-weather-gear, hiking boots and sunscreen<br \/>\n\n\t\t<\/div>\n\t\n\n\t\t<\/div>\n\t<\/p>","protected":false},"excerpt":{"rendered":"<p>Chilo\u00e9 is a mystical island complete with legends, ancient customs, and a fascinating people who have their very own rhythm of life \u2013 you will be enchanted! The wooden churches of Chilo\u00e9 are among Chile\u2019s most valuable cultural treasures and &#8230;<\/p>\n","protected":false},"author":3,"featured_media":0,"parent":101,"menu_order":0,"comment_status":"open","ping_status":"open","template":"","meta":{"slim_seo":{"title":"Chilo\u00e9 intensiv Chilo\u00e9 - Intensive Tour - travelArt","description":"Penguins at Pu\u00f1ihuil Curaco de Velez Castro Ancud Chilo\u00e9 Playa Pu\u00f1ihuil Chilo\u00e9 ist eine Insel voller Mythen, Legenden, Br\u00e4uchen und interessanten Menschen mit e"},"footnotes":""},"class_list":["post-5470","page","type-page","status-publish","hentry"],"_links":{"self":[{"href":"https:\/\/www.chile-reise.com\/en\/wp-json\/wp\/v2\/pages\/5470","targetHints":{"allow":["GET"]}}],"collection":[{"href":"https:\/\/www.chile-reise.com\/en\/wp-json\/wp\/v2\/pages"}],"about":[{"href":"https:\/\/www.chile-reise.com\/en\/wp-json\/wp\/v2\/types\/page"}],"author":[{"embeddable":true,"href":"https:\/\/www.chile-reise.com\/en\/wp-json\/wp\/v2\/users\/3"}],"replies":[{"embeddable":true,"href":"https:\/\/www.chile-reise.com\/en\/wp-json\/wp\/v2\/comments?post=5470"}],"version-history":[{"count":0,"href":"https:\/\/www.chile-reise.com\/en\/wp-json\/wp\/v2\/pages\/5470\/revisions"}],"up":[{"embeddable":true,"href":"https:\/\/www.chile-reise.com\/en\/wp-json\/wp\/v2\/pages\/101"}],"wp:attachment":[{"href":"https:\/\/www.chile-reise.com\/en\/wp-json\/wp\/v2\/media?parent=5470"}],"curies":[{"name":"wp","href":"https:\/\/api.w.org\/{rel}","templated":true}]}}