{"id":5317,"date":"2014-09-05T23:32:34","date_gmt":"2014-09-05T21:32:34","guid":{"rendered":"http:\/\/www.chile-reise.com\/?page_id=5317"},"modified":"2014-10-16T14:57:08","modified_gmt":"2014-10-16T12:57:08","slug":"die-wilde-schoenheit-von-aysen","status":"publish","type":"page","link":"https:\/\/www.chile-reise.com\/en\/packages-daytrips\/carretera-austral\/die-wilde-schoenheit-von-aysen\/","title":{"rendered":"The pristine beauty of Ays\u00e9n"},"content":{"rendered":"<p>\r\n        <style type='text\/css'>\r\n            #gallery-2 {\r\n                margin: auto;\r\n            }\r\n            #gallery-2 .gallery-item {\r\n                float: left;\r\n                margin-top: 10px;\r\n                text-align: center;\r\n                width: 33%;           }\r\n            #gallery-2 img {\r\n                border: 2px solid #cfcfcf;\r\n            }\r\n            #gallery-2 .gallery-caption {\r\n                margin-left: 0;\r\n            }\r\n        <\/style>\r\n        <!-- see gallery_shortcode() in wp-includes\/media.php -->\r\n        <div id='gallery-2' class='gallery-images gallery galleryid-5317'><dl class='gallery-item'>\r\n            <dt class='gallery-icon'>\r\n                <a href='https:\/\/www.chile-reise.com\/wp-content\/uploads\/Loberias.jpg'><img loading=\"lazy\" decoding=\"async\" width=\"240\" height=\"140\" src=\"https:\/\/www.chile-reise.com\/wp-content\/uploads\/Loberias-240x140.jpg\" class=\"attachment-thumbnail size-thumbnail\" alt=\"Loberias\" \/><\/a>\r\n            <\/dt>\r\n                <dd class='gallery-caption'>\r\n                Hotel Lober\u00edas del Sur\r\n                <\/dd><\/dl><dl class='gallery-item'>\r\n            <dt class='gallery-icon'>\r\n                <a href='https:\/\/www.chile-reise.com\/wp-content\/uploads\/Lag-San-Raf-1.jpg'><img loading=\"lazy\" decoding=\"async\" width=\"240\" height=\"140\" src=\"https:\/\/www.chile-reise.com\/wp-content\/uploads\/Lag-San-Raf-1-240x140.jpg\" class=\"attachment-thumbnail size-thumbnail\" alt=\"Lag San Raf\" \/><\/a>\r\n            <\/dt>\r\n                <dd class='gallery-caption'>\r\n                Laguna San Rafael\r\n                <\/dd><\/dl><dl class='gallery-item'>\r\n            <dt class='gallery-icon'>\r\n                <a href='https:\/\/www.chile-reise.com\/wp-content\/uploads\/Lag-San-Raf-2.jpg'><img loading=\"lazy\" decoding=\"async\" width=\"240\" height=\"140\" src=\"https:\/\/www.chile-reise.com\/wp-content\/uploads\/Lag-San-Raf-2-240x140.jpg\" class=\"attachment-thumbnail size-thumbnail\" alt=\"Lag San Raf\" \/><\/a>\r\n            <\/dt>\r\n                <dd class='gallery-caption'>\r\n                Laguna San Rafael\r\n                <\/dd><\/dl><br style=\"clear: both\" \/><dl class='gallery-item'>\r\n            <dt class='gallery-icon'>\r\n                <a href='https:\/\/www.chile-reise.com\/wp-content\/uploads\/Lag-San-Raf-3.jpg'><img loading=\"lazy\" decoding=\"async\" width=\"240\" height=\"140\" src=\"https:\/\/www.chile-reise.com\/wp-content\/uploads\/Lag-San-Raf-3-240x140.jpg\" class=\"attachment-thumbnail size-thumbnail\" alt=\"Lag San Raf\" \/><\/a>\r\n            <\/dt>\r\n                <dd class='gallery-caption'>\r\n                Catamaran at Laguna San Rafael\r\n                <\/dd><\/dl><dl class='gallery-item'>\r\n            <dt class='gallery-icon'>\r\n                <a href='https:\/\/www.chile-reise.com\/wp-content\/uploads\/Aiken-2.jpg'><img loading=\"lazy\" decoding=\"async\" width=\"240\" height=\"140\" src=\"https:\/\/www.chile-reise.com\/wp-content\/uploads\/Aiken-2-240x140.jpg\" class=\"attachment-thumbnail size-thumbnail\" alt=\"Beauty of Aiys\u00e9n\" \/><\/a>\r\n            <\/dt>\r\n                <dd class='gallery-caption'>\r\n                Aiken del Sur Nature Park\r\n                <\/dd><\/dl><dl class='gallery-item'>\r\n            <dt class='gallery-icon'>\r\n                <a href='https:\/\/www.chile-reise.com\/wp-content\/uploads\/Aiken-1.jpg'><img loading=\"lazy\" decoding=\"async\" width=\"240\" height=\"140\" src=\"https:\/\/www.chile-reise.com\/wp-content\/uploads\/Aiken-1-240x140.jpg\" class=\"attachment-thumbnail size-thumbnail\" alt=\"Aiken\" \/><\/a>\r\n            <\/dt>\r\n                <dd class='gallery-caption'>\r\n                Aiken del Sur Nature Park\r\n                <\/dd><\/dl><br style=\"clear: both\" \/>\r\n            <br style='clear: both;' \/>\r\n        <\/div>\n\n<div class=\"clear\"><\/div><div class=\"divider\"><\/div>\n<p>Experience mazelike fiords an virgin forests that reach fron the mountain tops down to the ocean\u2026 Cruise between islands and hidden beaches to the stunning Laguna San Rafael with its giant glacier and age-old icebergs.<\/p>\n\n\t<script type=\"text\/javascript\">\tjQuery(document).ready(function($){\tjQuery(\"ul.tabs-nav\").tabs(\"> .pane\"); }); <\/script>\n\n\t\t<div class=\"post-tabs\">\n\t\t\n<ul class=\"tabs-nav\">\n<li>Route<\/li>\n<li>Services<\/li>\n<li>Gear<\/li>\n<li>Video<\/li>\n<\/ul>\n\n\t\t<div class=\"pane\">\n\t\t\n<p><strong>Day 1 \u2013 Puerto Chacabuco<\/strong><\/p>\n<p>You will be picked up at Balmaceda airport and brought to the Hotel Lober\u00edas del Sur in Puerto Chacabuco via the nice little town of Coyhaique. On the way, you can have a first glimpse on the beautiful landscapes of this pristine region. You will stay all three nights at the Hotel Lober\u00edas del Sur.<\/p>\n<p><strong>Day 2 \u2013 Laguna San Rafael<\/strong><\/p>\n<p>Departing from Chacabuco, take an unforgettable journey by catamaran to see a natural phenomenon of spectacular beauty. The boat will pass through fjords and channels, through the Gulf of Tres Cruces and Elephant Bay and, after around five hours, it will finally reach the San Rafael National Park, which is a UNESCO World Biosphere. On some days, you can even spot sea lions in Elephant Bay. A 20,000-year-old wall of ice towers above the San Rafael Lagoon, and inflatable zodiac boats will take you right up close to the glacier. With a bit of luck, you will witness icebergs calving off the glacier and see pieces of the ancient ice falling into the lagoon with a thunderous crash. Breakfast and lunch included.<\/p>\n<p>NOTE: this tour lasts around 12hrs in total<\/p>\n<p><strong>Day 3 \u2013 \u201cAiken del Sur\u201d Nature Park<\/strong><\/p>\n<p>At 9 am you will head towards the \u201cAiken del Sur\u201d Nature Park. This privately-owned 300-hectare nature preserve, located along the shore of Lago Riesco, is home to a beautiful natural environment of wild-rushing streams, waterfalls and cold evergreen rainforest. Several plant species in this far-off corner of the world have only recently been discovered! During your hike along the footpaths of this wonderful landscape, an experienced ranger will teach you about the distinctive local flora and fauna. Afterwards, you may enjoy a typical Patagonian barbecue and a folkloric show.<\/p>\n<p><strong>Day 4 \u2013 Transfer to Balmaceda Airport or extension<\/strong><\/p>\n<p>End of programm and transfer to the Balmaceda airport. You also may stay one or more days longer and keep exploring this beautiful region or simply relax at Lober\u00edas del Sur.<\/p>\n\n\t\t<\/div>\n\t\n\n\t\t<div class=\"pane\">\n\t\t\n<p>Transfers<\/p>\n<p>Excursions<\/p>\n<p>Full board<\/p>\n\n\t\t<\/div>\n\t\n\n\t\t<div class=\"pane\">\n\t\t\n<p>Please bring all-weather gear!<\/p>\n\n\t\t<\/div>\n\t\n\n\t\t<div class=\"pane\">\n\t\t\n<p><iframe loading=\"lazy\" src=\"\/\/www.youtube.com\/embed\/JkZAR21zgpA?rel=0\" width=\"620\" height=\"349\" frameborder=\"0\" allowfullscreen=\"allowfullscreen\"><\/iframe><\/p>\n\n\t\t<\/div>\n\t\n\n\t\t<\/div>\n\t<\/p>","protected":false},"excerpt":{"rendered":"<p>Experience mazelike fiords an virgin forests that reach fron the mountain tops down to the ocean\u2026 Cruise between islands and hidden beaches to the stunning Laguna San Rafael with its giant glacier and age-old icebergs.<\/p>\n","protected":false},"author":3,"featured_media":0,"parent":102,"menu_order":0,"comment_status":"open","ping_status":"open","template":"","meta":{"slim_seo":{"title":"Die wilde Sch\u00f6nheit von Ays\u00e9n The pristine beauty of Ays\u00e9n - travelArt","description":"Hotel Lober\u00edas del Sur Laguna San Rafael Laguna San Rafael Catamaran at Laguna San Rafael Aiken del Sur Nature Park Aiken del Sur Nature Park Von Puerto Chacabu"},"footnotes":""},"class_list":["post-5317","page","type-page","status-publish","hentry"],"_links":{"self":[{"href":"https:\/\/www.chile-reise.com\/en\/wp-json\/wp\/v2\/pages\/5317","targetHints":{"allow":["GET"]}}],"collection":[{"href":"https:\/\/www.chile-reise.com\/en\/wp-json\/wp\/v2\/pages"}],"about":[{"href":"https:\/\/www.chile-reise.com\/en\/wp-json\/wp\/v2\/types\/page"}],"author":[{"embeddable":true,"href":"https:\/\/www.chile-reise.com\/en\/wp-json\/wp\/v2\/users\/3"}],"replies":[{"embeddable":true,"href":"https:\/\/www.chile-reise.com\/en\/wp-json\/wp\/v2\/comments?post=5317"}],"version-history":[{"count":0,"href":"https:\/\/www.chile-reise.com\/en\/wp-json\/wp\/v2\/pages\/5317\/revisions"}],"up":[{"embeddable":true,"href":"https:\/\/www.chile-reise.com\/en\/wp-json\/wp\/v2\/pages\/102"}],"wp:attachment":[{"href":"https:\/\/www.chile-reise.com\/en\/wp-json\/wp\/v2\/media?parent=5317"}],"curies":[{"name":"wp","href":"https:\/\/api.w.org\/{rel}","templated":true}]}}