{"id":506,"date":"2013-07-05T17:12:01","date_gmt":"2013-07-05T15:12:01","guid":{"rendered":"http:\/\/www.chile-reise.com\/wordpress\/?page_id=506"},"modified":"2025-03-26T16:51:15","modified_gmt":"2025-03-26T14:51:15","slug":"betreuung-von-kreuzfahrtschiffen","status":"publish","type":"page","link":"https:\/\/www.chile-reise.com\/en\/betreuung-von-kreuzfahrtschiffen\/","title":{"rendered":"Cruise Handling"},"content":{"rendered":"<img loading=\"lazy\" decoding=\"async\" src=\"https:\/\/www.chile-reise.com\/wp-content\/uploads\/cruise-handling-tA.png\" alt=\"Cruise handling ta\" width=\"700\" height=\"394\" class=\"aligncenter size-full wp-image-17196\" srcset=\"https:\/\/www.chile-reise.com\/wp-content\/uploads\/cruise-handling-tA.png 700w, https:\/\/www.chile-reise.com\/wp-content\/uploads\/cruise-handling-tA-586x330.png 586w\" sizes=\"auto, (max-width: 700px) 100vw, 700px\" \/><\/p>\n<p><strong>Safe port of call<\/strong><br \/>\nThe travelArt cruise team offers clients of the world\u2019s leading cruise companies a huge range of high quality services. We work hand in hand with onboard and corporate teams on seamless coordination and execution of land operations, customized to each cruise line\u2019s unique specifications.<\/p>\n<p><strong><br \/>\nShore excursions<\/strong><br \/>\nWhether you are looking for a memorable experience and inspiring tours with an authentic local flavor or the latest technology to increase the comfort of your guests, you can rely on the travelArt representatives at all major Chilean ports. Our unique portfolio features a wide range of services for all destinations.<\/p>\n<p><strong><br \/>\nPassenger exchange (Turnaround)<\/strong><br \/>\nThe first and last experiences of any cruise are the most memorable. This is why we individually train and select our multilingual staff so they can handle the logistical challenges of a passenger exchange. This entails a friendly Meet and Greet on arrival at the airport, smart hospitality counters, luggage handling or smooth transfers.<\/p>\n<p><strong><br \/>\nOverland Programs<\/strong><br \/>\nPort to port services. Furthermore our service includes overland excursions to cities further away<br \/>\nfrom the port like San Pedro de Atacama Village (Atacama Desert) or Torres del Paine (Patagonia). <\/p>\n<p><strong><br \/>\nPre &#038; Post Cruise Programs<\/strong><br \/>\nWhether exploring the Atacama Desert or discovering the rich fauna of Patagonia and the exotic Easter Island, we offer the cruise participants the possibility to extend their trip with interesting stays in Chile, before embarking or after disembarking at one of the Chilean ports.<\/p>\n<p><strong><br \/>\nHospitality Desk Service<\/strong><br \/>\nWe attach great importance to the fulfilment of all special requests of cruise lines that have to be accomplished during embarking or disembarking operation. Our staff will take care of your guests on land.<\/p>\n<p><strong><br \/>\nContact:<\/strong><br \/>\n<a href=\"&#x6d;a&#x69;&#x6c;t&#x6f;&#58;c&#x72;&#117;i&#x73;e&#x73;&#x40;t&#x72;&#97;v&#x65;&#108;a&#x72;t&#x2e;&#x63;o&#x6d;\">cr&#117;&#x69;&#x73;&#x65;s&#64;t&#114;&#x61;&#x76;&#x65;la&#114;&#116;&#x2e;&#x63;&#x6f;m<\/a> | <a href=\"m&#x61;&#x69;l&#x74;&#x6f;:&#x69;&#x6e;f&#x6f;&#x40;t&#x72;&#x61;v&#x65;&#x6c;a&#x72;&#x74;.&#x63;&#x6f;m\">&#x69;&#110;f&#x6f;&#64;t&#x72;&#x61;v&#x65;&#x6c;&#97;r&#x74;&#46;c&#x6f;&#x6d;<\/a>","protected":false},"excerpt":{"rendered":"<p>Safe port of call The travelArt cruise team offers clients of the world\u2019s leading cruise companies a huge range of high quality services. We work hand in hand with onboard and corporate teams on seamless coordination and execution of land &#8230;<\/p>\n","protected":false},"author":16,"featured_media":0,"parent":0,"menu_order":0,"comment_status":"open","ping_status":"open","template":"","meta":{"slim_seo":{"title":"[:de]Betreuung von Kreuzfahrtschiffen[:en]Cruise Handling[:] - travelArt","description":"[:de] F\u00fcr Kreuzfahrtschiffe, die chilenische H\u00e4fen anlaufen, bieten wir eine gro\u00dfe Auswahl an qualitativ hochwertigen Dienstleistungen an. Wir arbeiten Hand in"},"footnotes":""},"class_list":["post-506","page","type-page","status-publish","hentry"],"_links":{"self":[{"href":"https:\/\/www.chile-reise.com\/en\/wp-json\/wp\/v2\/pages\/506","targetHints":{"allow":["GET"]}}],"collection":[{"href":"https:\/\/www.chile-reise.com\/en\/wp-json\/wp\/v2\/pages"}],"about":[{"href":"https:\/\/www.chile-reise.com\/en\/wp-json\/wp\/v2\/types\/page"}],"author":[{"embeddable":true,"href":"https:\/\/www.chile-reise.com\/en\/wp-json\/wp\/v2\/users\/16"}],"replies":[{"embeddable":true,"href":"https:\/\/www.chile-reise.com\/en\/wp-json\/wp\/v2\/comments?post=506"}],"version-history":[{"count":5,"href":"https:\/\/www.chile-reise.com\/en\/wp-json\/wp\/v2\/pages\/506\/revisions"}],"predecessor-version":[{"id":17201,"href":"https:\/\/www.chile-reise.com\/en\/wp-json\/wp\/v2\/pages\/506\/revisions\/17201"}],"wp:attachment":[{"href":"https:\/\/www.chile-reise.com\/en\/wp-json\/wp\/v2\/media?parent=506"}],"curies":[{"name":"wp","href":"https:\/\/api.w.org\/{rel}","templated":true}]}}