{"id":500,"date":"2013-07-04T21:47:40","date_gmt":"2013-07-04T19:47:40","guid":{"rendered":"http:\/\/www.chile-reise.com\/wordpress\/?page_id=500"},"modified":"2026-03-02T21:57:06","modified_gmt":"2026-03-02T19:57:06","slug":"transpatagonia","status":"publish","type":"page","link":"https:\/\/www.chile-reise.com\/en\/rundreisen\/transpatagonia\/","title":{"rendered":"(Deutsch) Transpatagonia"},"content":{"rendered":"<p class=\"qtranxs-available-languages-message qtranxs-available-languages-message-en\">Sorry, this entry is only available in <a href=\"https:\/\/www.chile-reise.com\/de\/wp-json\/wp\/v2\/pages\/500\" class=\"qtranxs-available-language-link qtranxs-available-language-link-de\" title=\"Deutsch\">Deutsch<\/a>.<\/p>","protected":false},"excerpt":{"rendered":"<p>Sorry, this entry is only available in Deutsch.<\/p>\n","protected":false},"author":16,"featured_media":0,"parent":190,"menu_order":0,"comment_status":"open","ping_status":"open","template":"","meta":{"slim_seo":{"title":"[:de]Transpatagonia[:] - travelArt","description":"[:de] Art der Reise: Natur Dauer: 15 Tage Eine Reise durch die wilde Natur Patagoniens \u2026 Diese 15-t\u00e4gige \u00dcberland-Reise wird Sie in endloses Staunen \u00fcber die at"},"footnotes":""},"class_list":["post-500","page","type-page","status-publish","hentry"],"_links":{"self":[{"href":"https:\/\/www.chile-reise.com\/en\/wp-json\/wp\/v2\/pages\/500","targetHints":{"allow":["GET"]}}],"collection":[{"href":"https:\/\/www.chile-reise.com\/en\/wp-json\/wp\/v2\/pages"}],"about":[{"href":"https:\/\/www.chile-reise.com\/en\/wp-json\/wp\/v2\/types\/page"}],"author":[{"embeddable":true,"href":"https:\/\/www.chile-reise.com\/en\/wp-json\/wp\/v2\/users\/16"}],"replies":[{"embeddable":true,"href":"https:\/\/www.chile-reise.com\/en\/wp-json\/wp\/v2\/comments?post=500"}],"version-history":[{"count":7,"href":"https:\/\/www.chile-reise.com\/en\/wp-json\/wp\/v2\/pages\/500\/revisions"}],"predecessor-version":[{"id":18016,"href":"https:\/\/www.chile-reise.com\/en\/wp-json\/wp\/v2\/pages\/500\/revisions\/18016"}],"up":[{"embeddable":true,"href":"https:\/\/www.chile-reise.com\/en\/wp-json\/wp\/v2\/pages\/190"}],"wp:attachment":[{"href":"https:\/\/www.chile-reise.com\/en\/wp-json\/wp\/v2\/media?parent=500"}],"curies":[{"name":"wp","href":"https:\/\/api.w.org\/{rel}","templated":true}]}}