{"id":4773,"date":"2014-04-22T20:52:33","date_gmt":"2014-04-22T18:52:33","guid":{"rendered":"http:\/\/www.chile-reise.com\/?page_id=4773"},"modified":"2015-04-10T22:33:10","modified_gmt":"2015-04-10T20:33:10","slug":"hosteria-andenrose","status":"publish","type":"page","link":"https:\/\/www.chile-reise.com\/en\/hotels\/seengebiet\/hosteria-andenrose\/","title":{"rendered":"Hosteria Andenrose **"},"content":{"rendered":"<p>\r\n        <style type='text\/css'>\r\n            #gallery-2 {\r\n                margin: auto;\r\n            }\r\n            #gallery-2 .gallery-item {\r\n                float: left;\r\n                margin-top: 10px;\r\n                text-align: center;\r\n                width: 33%;           }\r\n            #gallery-2 img {\r\n                border: 2px solid #cfcfcf;\r\n            }\r\n            #gallery-2 .gallery-caption {\r\n                margin-left: 0;\r\n            }\r\n        <\/style>\r\n        <!-- see gallery_shortcode() in wp-includes\/media.php -->\r\n        <div id='gallery-2' class='gallery-images gallery galleryid-4773'><dl class='gallery-item'>\r\n            <dt class='gallery-icon'>\r\n                <a href='https:\/\/www.chile-reise.com\/wp-content\/uploads\/aussenansicht-1.jpg'><img loading=\"lazy\" decoding=\"async\" width=\"240\" height=\"140\" src=\"https:\/\/www.chile-reise.com\/wp-content\/uploads\/aussenansicht-1-240x140.jpg\" class=\"attachment-thumbnail size-thumbnail\" alt=\"Aussenansicht\" \/><\/a>\r\n            <\/dt>\r\n                <dd class='gallery-caption'>\r\n                Hoster\u00eda Andenrose\r\n                <\/dd><\/dl><dl class='gallery-item'>\r\n            <dt class='gallery-icon'>\r\n                <a href='https:\/\/www.chile-reise.com\/wp-content\/uploads\/de-fuera.jpg'><img loading=\"lazy\" decoding=\"async\" width=\"240\" height=\"140\" src=\"https:\/\/www.chile-reise.com\/wp-content\/uploads\/de-fuera-240x140.jpg\" class=\"attachment-thumbnail size-thumbnail\" alt=\"De fuera\" \/><\/a>\r\n            <\/dt>\r\n                <dd class='gallery-caption'>\r\n                Hoster\u00eda Andenrose\r\n                <\/dd><\/dl><dl class='gallery-item'>\r\n            <dt class='gallery-icon'>\r\n                <a href='https:\/\/www.chile-reise.com\/wp-content\/uploads\/Andenrose.jpg'><img loading=\"lazy\" decoding=\"async\" width=\"240\" height=\"140\" src=\"https:\/\/www.chile-reise.com\/wp-content\/uploads\/Andenrose-240x140.jpg\" class=\"attachment-thumbnail size-thumbnail\" alt=\"Andenrose\" \/><\/a>\r\n            <\/dt>\r\n                <dd class='gallery-caption'>\r\n                Hoster\u00eda Andenrose \r\n                <\/dd><\/dl><br style=\"clear: both\" \/><dl class='gallery-item'>\r\n            <dt class='gallery-icon'>\r\n                <a href='https:\/\/www.chile-reise.com\/wp-content\/uploads\/DSC03813.jpg'><img loading=\"lazy\" decoding=\"async\" width=\"240\" height=\"140\" src=\"https:\/\/www.chile-reise.com\/wp-content\/uploads\/DSC03813-240x140.jpg\" class=\"attachment-thumbnail size-thumbnail\" alt=\"DSC03813\" \/><\/a>\r\n            <\/dt>\r\n                <dd class='gallery-caption'>\r\n                Hoster\u00eda Andenrose\r\n                <\/dd><\/dl><dl class='gallery-item'>\r\n            <dt class='gallery-icon'>\r\n                <a href='https:\/\/www.chile-reise.com\/wp-content\/uploads\/DSC03809.jpg'><img loading=\"lazy\" decoding=\"async\" width=\"240\" height=\"140\" src=\"https:\/\/www.chile-reise.com\/wp-content\/uploads\/DSC03809-240x140.jpg\" class=\"attachment-thumbnail size-thumbnail\" alt=\"DSC03809\" \/><\/a>\r\n            <\/dt>\r\n                <dd class='gallery-caption'>\r\n                Hoster\u00eda Andenrose Room\r\n                <\/dd><\/dl><dl class='gallery-item'>\r\n            <dt class='gallery-icon'>\r\n                <a href='https:\/\/www.chile-reise.com\/wp-content\/uploads\/DSC03800.jpg'><img loading=\"lazy\" decoding=\"async\" width=\"240\" height=\"140\" src=\"https:\/\/www.chile-reise.com\/wp-content\/uploads\/DSC03800-240x140.jpg\" class=\"attachment-thumbnail size-thumbnail\" alt=\"DSC03800\" \/><\/a>\r\n            <\/dt>\r\n                <dd class='gallery-caption'>\r\n                Hoster\u00eda Andenrose Room\r\n                <\/dd><\/dl><br style=\"clear: both\" \/>\r\n            <br style='clear: both;' \/>\r\n        <\/div>\n<div class=\"clear\"><\/div><div class=\"divider\"><\/div>\n<p>The country hotel \u201cAndenrose\u201c captivates through its idyllic setting on the banks of the Cautin River near the National Parks Conguillio and Tohualca. It offers many activities in the national parks and several thermal springs are located nearby. Entirely built of wood, the hotel features simple equipment and a friendly atmosphere. The Bavarian owner is an excellent cook, who loves to take care of his guests. Price-conscious adventurers will feel at home at the \u201cAndenrose\u201d.<\/p>\n<p><strong>Rooms:<\/strong> 7<br \/>\n<strong>Facilities:<\/strong> Restaurant, cafeteria, laundry service, money exchange, rental of mountain bikes and kayaks<br \/>\n<strong>Activities:<\/strong> Organized excursions with 4 or more people, rafting<\/p>","protected":false},"excerpt":{"rendered":"<p>The country hotel \u201cAndenrose\u201c captivates through its idyllic setting on the banks of the Cautin River near the National Parks Conguillio and Tohualca. It offers many activities in the national parks and several thermal springs are located nearby. Entirely built &#8230;<\/p>\n","protected":false},"author":3,"featured_media":0,"parent":214,"menu_order":0,"comment_status":"open","ping_status":"open","template":"","meta":{"slim_seo":{"title":"Hosteria Andenrose ** Hosteria Andenrose ** - travelArt","description":"Hoster\u00eda Andenrose Hoster\u00eda Andenrose Hoster\u00eda Andenrose Hoster\u00eda Andenrose Hoster\u00eda Andenrose Room Hoster\u00eda Andenrose Room Die \u201eAndenrose\u201c besticht durch ihre"},"footnotes":""},"class_list":["post-4773","page","type-page","status-publish","hentry"],"_links":{"self":[{"href":"https:\/\/www.chile-reise.com\/en\/wp-json\/wp\/v2\/pages\/4773","targetHints":{"allow":["GET"]}}],"collection":[{"href":"https:\/\/www.chile-reise.com\/en\/wp-json\/wp\/v2\/pages"}],"about":[{"href":"https:\/\/www.chile-reise.com\/en\/wp-json\/wp\/v2\/types\/page"}],"author":[{"embeddable":true,"href":"https:\/\/www.chile-reise.com\/en\/wp-json\/wp\/v2\/users\/3"}],"replies":[{"embeddable":true,"href":"https:\/\/www.chile-reise.com\/en\/wp-json\/wp\/v2\/comments?post=4773"}],"version-history":[{"count":0,"href":"https:\/\/www.chile-reise.com\/en\/wp-json\/wp\/v2\/pages\/4773\/revisions"}],"up":[{"embeddable":true,"href":"https:\/\/www.chile-reise.com\/en\/wp-json\/wp\/v2\/pages\/214"}],"wp:attachment":[{"href":"https:\/\/www.chile-reise.com\/en\/wp-json\/wp\/v2\/media?parent=4773"}],"curies":[{"name":"wp","href":"https:\/\/api.w.org\/{rel}","templated":true}]}}