{"id":469,"date":"2013-07-04T19:18:42","date_gmt":"2013-07-04T17:18:42","guid":{"rendered":"http:\/\/www.chile-reise.com\/wordpress\/?page_id=469"},"modified":"2014-03-17T19:52:52","modified_gmt":"2014-03-17T17:52:52","slug":"araucania-route","status":"publish","type":"page","link":"https:\/\/www.chile-reise.com\/en\/mietwagenreisen\/araucania-route\/","title":{"rendered":"The Araucan\u00eda Route"},"content":{"rendered":"<p>\r\n        <style type='text\/css'>\r\n            #gallery-2 {\r\n                margin: auto;\r\n            }\r\n            #gallery-2 .gallery-item {\r\n                float: left;\r\n                margin-top: 10px;\r\n                text-align: center;\r\n                width: 33%;           }\r\n            #gallery-2 img {\r\n                border: 2px solid #cfcfcf;\r\n            }\r\n            #gallery-2 .gallery-caption {\r\n                margin-left: 0;\r\n            }\r\n        <\/style>\r\n        <!-- see gallery_shortcode() in wp-includes\/media.php -->\r\n        <div id='gallery-2' class='gallery-images gallery galleryid-469'><dl class='gallery-item'>\r\n            <dt class='gallery-icon'>\r\n                <a href='https:\/\/www.chile-reise.com\/wp-content\/uploads\/Araukanien_klein.jpg'><img loading=\"lazy\" decoding=\"async\" width=\"240\" height=\"140\" src=\"https:\/\/www.chile-reise.com\/wp-content\/uploads\/Araukanien_klein-240x140.jpg\" class=\"attachment-thumbnail size-thumbnail\" alt=\"Araukanien klein\" \/><\/a>\r\n            <\/dt>\r\n                <dd class='gallery-caption'>\r\n                 Araucaria\r\n                <\/dd><\/dl><dl class='gallery-item'>\r\n            <dt class='gallery-icon'>\r\n                <a href='https:\/\/www.chile-reise.com\/wp-content\/uploads\/Conguillio_klein1.jpg'><img loading=\"lazy\" decoding=\"async\" width=\"240\" height=\"140\" src=\"https:\/\/www.chile-reise.com\/wp-content\/uploads\/Conguillio_klein1-240x140.jpg\" class=\"attachment-thumbnail size-thumbnail\" alt=\"Conguillio klein\" \/><\/a>\r\n            <\/dt>\r\n                <dd class='gallery-caption'>\r\n                Conguill\u00edo National Park\r\n                <\/dd><\/dl><dl class='gallery-item'>\r\n            <dt class='gallery-icon'>\r\n                <a href='https:\/\/www.chile-reise.com\/wp-content\/uploads\/Cumbre-Volcan-Villarrica-3_klein.jpg'><img loading=\"lazy\" decoding=\"async\" width=\"240\" height=\"140\" src=\"https:\/\/www.chile-reise.com\/wp-content\/uploads\/Cumbre-Volcan-Villarrica-3_klein-240x140.jpg\" class=\"attachment-thumbnail size-thumbnail\" alt=\"Cumbre Volcan Villarrica 3 klein\" \/><\/a>\r\n            <\/dt>\r\n                <dd class='gallery-caption'>\r\n                Volcano Villarrica \r\n                <\/dd><\/dl><br style=\"clear: both\" \/><dl class='gallery-item'>\r\n            <dt class='gallery-icon'>\r\n                <a href='https:\/\/www.chile-reise.com\/wp-content\/uploads\/Huilo-Huilo-Salto-Leona_klein.jpg'><img loading=\"lazy\" decoding=\"async\" width=\"240\" height=\"140\" src=\"https:\/\/www.chile-reise.com\/wp-content\/uploads\/Huilo-Huilo-Salto-Leona_klein-240x140.jpg\" class=\"attachment-thumbnail size-thumbnail\" alt=\"Huilo Huilo Salto Leona klein\" \/><\/a>\r\n            <\/dt>\r\n                <dd class='gallery-caption'>\r\n                Leona Waterfall Huilo Huilo\r\n                <\/dd><\/dl><dl class='gallery-item'>\r\n            <dt class='gallery-icon'>\r\n                <a href='https:\/\/www.chile-reise.com\/wp-content\/uploads\/Termas-Geometricas_klein2.jpg'><img loading=\"lazy\" decoding=\"async\" width=\"240\" height=\"140\" src=\"https:\/\/www.chile-reise.com\/wp-content\/uploads\/Termas-Geometricas_klein2-240x140.jpg\" class=\"attachment-thumbnail size-thumbnail\" alt=\"Termas Geometricas klein\" \/><\/a>\r\n            <\/dt>\r\n                <dd class='gallery-caption'>\r\n                Termas Geometricas\r\n                <\/dd><\/dl><dl class='gallery-item'>\r\n            <dt class='gallery-icon'>\r\n                <a href='https:\/\/www.chile-reise.com\/wp-content\/uploads\/Volcan-Lonquimay_05_klein1.jpg'><img loading=\"lazy\" decoding=\"async\" width=\"240\" height=\"140\" src=\"https:\/\/www.chile-reise.com\/wp-content\/uploads\/Volcan-Lonquimay_05_klein1-240x140.jpg\" class=\"attachment-thumbnail size-thumbnail\" alt=\"OLYMPUS DIGITAL CAMERA\" \/><\/a>\r\n            <\/dt>\r\n                <dd class='gallery-caption'>\r\n                Volcano Lonquimay\r\n                <\/dd><\/dl><br style=\"clear: both\" \/>\r\n            <br style='clear: both;' \/>\r\n        <\/div>\n<div class=\"clear\"><\/div><div class=\"divider\"><\/div>\n<p><strong>Region:<\/strong> Northern Lake Region<br \/>\n<strong>Duration:<\/strong> 7 Days<\/p>\n\n\t<script type=\"text\/javascript\">\tjQuery(document).ready(function($){\tjQuery(\"ul.tabs-nav\").tabs(\"> .pane\"); }); <\/script>\n\n\t\t<div class=\"post-tabs\">\n\t\t\n<ul class=\"tabs-nav\">\n<li>Tour Description<\/li>\n<\/ul>\n\n\t\t<div class=\"pane\">\n\t\t\n<ul>\n<strong>Day 1 &#8211; Temuco &#8211; Malacahuello<\/strong><\/p>\n<li>Pick up your rental car in Temuco<\/li>\n<li>Visit Temuco with its interesting markets<\/li>\n<li>Drive to Malacahuello via Curacautin<\/li>\n<li>Overnight in Malacahuello<\/li>\n<li>100 \u2013115km \/ 62 \u2013 72mi paved road<\/li>\n<\/ul>\n<p><strong>Day 2 &#8211; Hiking at the Lonquimay volcano, to \u201cNavidad\u201c crater <\/strong><\/p>\n<ul>\n<li>Drive to the Natural preserve \u201eLas Nalcas\u201c<\/li>\n<li>Go hiking at the foot of the Llonquimay volcano <\/li>\n<li>See fascinating Araucaria forests and surpising lava fields<\/li>\n<li>Return via Lonquimay<\/li>\n<li>Overnight in Malacahuello<\/li>\n<li>About 25 km \/ 16mi gravel road<\/li>\n<\/ul>\n<p><strong>Day 3 &#8211; Conguillio National Park<\/strong><\/p>\n<ul>\n<li>Drive to Conguillio National Park<\/li>\n<li>Dense virgin forest, hiking from lagoon to lagoon.<\/li>\n<li>Fantastic views from the Sierra Nevada Mountain range <\/li>\n<li>Overnight in Trailanqui or Conguillio<\/li>\n<li>About 70km\/44mi \/ 30km\/19mi paved road<\/li>\n<\/ul>\n<p><strong>Day 4 &#8211; Puc\u00f3n &#8211; Volcano Villarrica<\/strong><\/p>\n<ul>\n<li>Drive to Puc\u00f3n and enjoy the wonderful landscape<\/li>\n<li>Active Villarrica volcano<\/li>\n<li>Drive up the volcano and visit the fascinating volcanic caves below it<\/li>\n<li>Overnight in Puc\u00f3n <\/li>\n<li>160km\/99mi total \/ 60km\/37mi paved road<\/li>\n<\/ul>\n<p><strong>Day 5 &#8211; Puc\u00f3n \u2013 Termas Geometricas \u2013 Huilo Huilo Nature Park<\/strong><\/p>\n<ul>\n<li>Marvellous Termas Geometricas: Relax in the hot water \u2013 surrounded by virgin forests and wild rocks<\/li>\n<li>Huilo Huilo Nature Park<\/li>\n<li>Overnight in one of the fairy-tale-like hotels of the park<\/li>\n<li>160km\/99mi total \/ 70km\/44mi paved road<\/li>\n<\/ul>\n<p><strong>Day 6 &#8211; Huilo Huilo Nature Park<\/strong><\/p>\n<ul>\n<li>Discover this beautiful park and hike to its mighty waterfall<\/li>\n<li>Take part in one of the many excursions offered by the hotels: horse riding, canopy, mountain biking, hiking, aquatic sports, or&#8230;<\/li>\n<li>Relax in the hot tubs of the hotels and enjoy the magic of this unique place <\/li>\n<li>Overnight in the Huilo Huilo Park<\/li>\n<\/ul>\n<p><strong>Day 7 &#8211; Huilo Huilo Nature Park &#8211; Temuco<\/strong><\/p>\n<ul>\n<li>Return your rental car in Temuco<\/li>\n<li>About 200km \/ 124mi<\/li>\n<\/ul>\n\n\t\t<\/div>\n\t\n\n\t\t<\/div>\n\t<\/p>","protected":false},"excerpt":{"rendered":"<p>Region: Northern Lake Region Duration: 7 Days<\/p>\n","protected":false},"author":16,"featured_media":0,"parent":192,"menu_order":0,"comment_status":"open","ping_status":"open","template":"","meta":{"slim_seo":{"title":"Araucan\u00eda-Route The Araucan\u00eda Route - travelArt","description":"Araucaria Conguill\u00edo National Park Volcano Villarrica Leona Waterfall Huilo Huilo Termas Geometricas Volcano Lonquimay Region: Seengebiet Dauer: 7 Tage Tourverl"},"footnotes":""},"class_list":["post-469","page","type-page","status-publish","hentry"],"_links":{"self":[{"href":"https:\/\/www.chile-reise.com\/en\/wp-json\/wp\/v2\/pages\/469","targetHints":{"allow":["GET"]}}],"collection":[{"href":"https:\/\/www.chile-reise.com\/en\/wp-json\/wp\/v2\/pages"}],"about":[{"href":"https:\/\/www.chile-reise.com\/en\/wp-json\/wp\/v2\/types\/page"}],"author":[{"embeddable":true,"href":"https:\/\/www.chile-reise.com\/en\/wp-json\/wp\/v2\/users\/16"}],"replies":[{"embeddable":true,"href":"https:\/\/www.chile-reise.com\/en\/wp-json\/wp\/v2\/comments?post=469"}],"version-history":[{"count":0,"href":"https:\/\/www.chile-reise.com\/en\/wp-json\/wp\/v2\/pages\/469\/revisions"}],"up":[{"embeddable":true,"href":"https:\/\/www.chile-reise.com\/en\/wp-json\/wp\/v2\/pages\/192"}],"wp:attachment":[{"href":"https:\/\/www.chile-reise.com\/en\/wp-json\/wp\/v2\/media?parent=469"}],"curies":[{"name":"wp","href":"https:\/\/api.w.org\/{rel}","templated":true}]}}