{"id":459,"date":"2013-07-04T18:51:59","date_gmt":"2013-07-04T16:51:59","guid":{"rendered":"http:\/\/www.chile-reise.com\/wordpress\/?page_id=459"},"modified":"2013-10-21T22:21:39","modified_gmt":"2013-10-21T20:21:39","slug":"hotel-terravina","status":"publish","type":"page","link":"https:\/\/www.chile-reise.com\/en\/hotels\/weinhotels\/hotel-terravina\/","title":{"rendered":"Hotel Terravi\u00f1a ***"},"content":{"rendered":"<p>\r\n        <style type='text\/css'>\r\n            #gallery-2 {\r\n                margin: auto;\r\n            }\r\n            #gallery-2 .gallery-item {\r\n                float: left;\r\n                margin-top: 10px;\r\n                text-align: center;\r\n                width: 50%;           }\r\n            #gallery-2 img {\r\n                border: 2px solid #cfcfcf;\r\n            }\r\n            #gallery-2 .gallery-caption {\r\n                margin-left: 0;\r\n            }\r\n        <\/style>\r\n        <!-- see gallery_shortcode() in wp-includes\/media.php -->\r\n        <div id='gallery-2' class='gallery-images gallery galleryid-459'><dl class='gallery-item'>\r\n            <dt class='gallery-icon'>\r\n                <a href='https:\/\/www.chile-reise.com\/wp-content\/uploads\/Hotel-Terravi\u00f1a-afuera.jpg'><img loading=\"lazy\" decoding=\"async\" width=\"240\" height=\"140\" src=\"https:\/\/www.chile-reise.com\/wp-content\/uploads\/Hotel-Terravi\u00f1a-afuera-240x140.jpg\" class=\"attachment-thumbnail size-thumbnail\" alt=\"Hotel Terravi\u00f1a afuera\" \/><\/a>\r\n            <\/dt>\r\n                <dd class='gallery-caption'>\r\n                Hotel Terravi\u00f1a\r\n                <\/dd><\/dl><dl class='gallery-item'>\r\n            <dt class='gallery-icon'>\r\n                <a href='https:\/\/www.chile-reise.com\/wp-content\/uploads\/Hotel-Terravi\u00f1a-hab.jpg'><img loading=\"lazy\" decoding=\"async\" width=\"240\" height=\"140\" src=\"https:\/\/www.chile-reise.com\/wp-content\/uploads\/Hotel-Terravi\u00f1a-hab-240x140.jpg\" class=\"attachment-thumbnail size-thumbnail\" alt=\"Hotel Terravi\u00f1a\" \/><\/a>\r\n            <\/dt>\r\n                <dd class='gallery-caption'>\r\n                Hotel Terravi\u00f1a Double Room\r\n                <\/dd><\/dl><br style=\"clear: both\" \/>\r\n            <br style='clear: both;' \/>\r\n        <\/div>\n\n<div class=\"clear\"><\/div><div class=\"divider\"><\/div>\n<p>The Terravi\u00f1a Hotel is set right in the middle of the Laura Hartwig vineyard. All rooms have beautiful views towards the Andes Mountains while the architecture of the hotel is in the local \u2018campo\u2019 style of the rural Colchagua Valley. The Colchagua Valley offers a wide variety of activities, such as a visit to one of the surrounding vineyards or an excursion on horseback. The owners offer tours in English, German or Danish.<\/p>\n<p><strong>Rooms:<\/strong> 19<br \/>\n<strong>Facilities:<\/strong> safe, central heating, cable TV, common room with fireplace, parking lots<br \/>\n<strong>Internet:<\/strong> Wi-Fi<\/p>","protected":false},"excerpt":{"rendered":"<p>The Terravi\u00f1a Hotel is set right in the middle of the Laura Hartwig vineyard. All rooms have beautiful views towards the Andes Mountains while the architecture of the hotel is in the local \u2018campo\u2019 style of the rural Colchagua Valley. &#8230;<\/p>\n","protected":false},"author":16,"featured_media":0,"parent":433,"menu_order":0,"comment_status":"open","ping_status":"open","template":"","meta":{"slim_seo":{"title":"Hotel Terravi\u00f1a *** Hotel Terravi\u00f1a *** - travelArt","description":"Hotel Terravi\u00f1a Hotel Terravi\u00f1a Double Room Das Hotel Terravi\u00f1a wurde im Januar 2010 inmitten der Weinberge des Weinguts Laura Hartwig er\u00f6ffnet. Alle Zimmer des"},"footnotes":""},"class_list":["post-459","page","type-page","status-publish","hentry"],"_links":{"self":[{"href":"https:\/\/www.chile-reise.com\/en\/wp-json\/wp\/v2\/pages\/459","targetHints":{"allow":["GET"]}}],"collection":[{"href":"https:\/\/www.chile-reise.com\/en\/wp-json\/wp\/v2\/pages"}],"about":[{"href":"https:\/\/www.chile-reise.com\/en\/wp-json\/wp\/v2\/types\/page"}],"author":[{"embeddable":true,"href":"https:\/\/www.chile-reise.com\/en\/wp-json\/wp\/v2\/users\/16"}],"replies":[{"embeddable":true,"href":"https:\/\/www.chile-reise.com\/en\/wp-json\/wp\/v2\/comments?post=459"}],"version-history":[{"count":0,"href":"https:\/\/www.chile-reise.com\/en\/wp-json\/wp\/v2\/pages\/459\/revisions"}],"up":[{"embeddable":true,"href":"https:\/\/www.chile-reise.com\/en\/wp-json\/wp\/v2\/pages\/433"}],"wp:attachment":[{"href":"https:\/\/www.chile-reise.com\/en\/wp-json\/wp\/v2\/media?parent=459"}],"curies":[{"name":"wp","href":"https:\/\/api.w.org\/{rel}","templated":true}]}}