{"id":451,"date":"2013-07-04T18:45:15","date_gmt":"2013-07-04T16:45:15","guid":{"rendered":"http:\/\/www.chile-reise.com\/wordpress\/?page_id=451"},"modified":"2015-04-09T20:44:28","modified_gmt":"2015-04-09T18:44:28","slug":"lodge-vik","status":"publish","type":"page","link":"https:\/\/www.chile-reise.com\/en\/hotels\/weinhotels\/lodge-vik\/","title":{"rendered":"Hotel Vi\u00f1a VIK *****"},"content":{"rendered":"<p><div class=\"clear\"><\/div><div class=\"divider\"><\/div>\nThe Hotel Vi\u00f1a VIK is situated on a hilltop overlooking the magnificent VIK estate in the Millahue Valley. \u00abMillahue\u00bb means \u00abPlace of Gold\u00bb and you will agree: the hills, woods, grapes and water look absolutely glorious. The spacious and cosy suites with giant windows are designed to make you feel connected to nature \u2013 while offering a sophisticated comfort ideal for a long weekend. The carefully selected, high-end paintings, furniture, lustres and bathroom equipment is surely unique in Chile. In addition to VIK wine-tastings and gastronomy, guests can enjoy trekking, horseback riding, and other outdoor activities.<\/p>\n<p><strong>Rooms:<\/strong> 22<br \/>\n<strong>Facilities:<\/strong> heating, air conditioning, bar, two large terraces, infinity pool, gourmet dining service, sitting area with view to the Andes, extra beds for children and babysitter upon request, fitness centre, laundry service, parking lots<br \/>\n<strong>Internet:<\/strong> Wi-Fi<\/p>","protected":false},"excerpt":{"rendered":"<p>The Hotel Vi\u00f1a VIK is situated on a hilltop overlooking the magnificent VIK estate in the Millahue Valley. \u00abMillahue\u00bb means \u00abPlace of Gold\u00bb and you will agree: the hills, woods, grapes and water look absolutely glorious. The spacious and cosy &#8230;<\/p>\n","protected":false},"author":16,"featured_media":0,"parent":433,"menu_order":0,"comment_status":"open","ping_status":"open","template":"","meta":{"slim_seo":{"title":"Hotel Vi\u00f1a VIK ***** Hotel Vi\u00f1a VIK ***** - travelArt","description":"Das exklusive Hotel Vi\u00f1a VIK geh\u00f6rt zum Anwesen des Weinguts VIK und wurde auf einem H\u00fcgel mit Blick \u00fcber die umliegenden W\u00e4lder und Weinberge errichtet. Idylli"},"footnotes":""},"class_list":["post-451","page","type-page","status-publish","hentry"],"_links":{"self":[{"href":"https:\/\/www.chile-reise.com\/en\/wp-json\/wp\/v2\/pages\/451","targetHints":{"allow":["GET"]}}],"collection":[{"href":"https:\/\/www.chile-reise.com\/en\/wp-json\/wp\/v2\/pages"}],"about":[{"href":"https:\/\/www.chile-reise.com\/en\/wp-json\/wp\/v2\/types\/page"}],"author":[{"embeddable":true,"href":"https:\/\/www.chile-reise.com\/en\/wp-json\/wp\/v2\/users\/16"}],"replies":[{"embeddable":true,"href":"https:\/\/www.chile-reise.com\/en\/wp-json\/wp\/v2\/comments?post=451"}],"version-history":[{"count":0,"href":"https:\/\/www.chile-reise.com\/en\/wp-json\/wp\/v2\/pages\/451\/revisions"}],"up":[{"embeddable":true,"href":"https:\/\/www.chile-reise.com\/en\/wp-json\/wp\/v2\/pages\/433"}],"wp:attachment":[{"href":"https:\/\/www.chile-reise.com\/en\/wp-json\/wp\/v2\/media?parent=451"}],"curies":[{"name":"wp","href":"https:\/\/api.w.org\/{rel}","templated":true}]}}