{"id":431,"date":"2013-07-03T23:55:39","date_gmt":"2013-07-03T21:55:39","guid":{"rendered":"http:\/\/www.chile-reise.com\/wordpress\/?page_id=431"},"modified":"2015-04-10T19:13:07","modified_gmt":"2015-04-10T17:13:07","slug":"osterinsel","status":"publish","type":"page","link":"https:\/\/www.chile-reise.com\/en\/hotels\/osterinsel\/","title":{"rendered":"Easter Island"},"content":{"rendered":"<p><img loading=\"lazy\" decoding=\"async\" src=\"https:\/\/www.chile-reise.com\/wordpress\/wp-content\/uploads\/slider_hotels_osterinsel-240x140.jpg\" alt=\"slider_hotels_osterinsel\" width=\"240\" height=\"140\" class=\"alignleft size-thumbnail wp-image-1062\" \/>On Easter Island, there are luxury hotels with spa, as well as mid-range properties and basic accommodations, all decorated in the island style. The hotels are all located in and around the town of Hanga Roa. Due to the small size of the island they should be booked months in advance, especially during Chile\u2019s summer season.<br \/>\n(B) = Boutique Hotel<\/p>\n<h6>Our Hotels<\/h6>\n<span id=\"tablepress-33-description\" class=\"tablepress-table-description tablepress-table-description-id-33\"><\/span>\n\n<table id=\"tablepress-33\" class=\"tablepress tablepress-id-33\" aria-describedby=\"tablepress-33-description\">\n<thead>\n<tr class=\"row-1\">\n\t<th class=\"column-1\">Hotel<\/th><th class=\"column-2\">Ort<\/th>\n<\/tr>\n<\/thead>\n<tbody class=\"row-striping row-hover\">\n<tr class=\"row-2\">\n\t<td class=\"column-1\"><a href=\"https:\/\/www.chile-reise.com\/hotels\/osterinsel\/hanga-roa-eco-village-spa\/\" target=\"_blank\">Hanga Roa Eco Village &amp; Spa ****<\/a><\/td><td class=\"column-2\">Hanga Roa<\/td>\n<\/tr>\n<tr class=\"row-3\">\n\t<td class=\"column-1\"><a href=\"altiplanico-rapa-nui\/\" target=\"_blank\">Altiplanico Rapa Nui (B)<\/a><\/td><td class=\"column-2\">Hanga Roa<\/td>\n<\/tr>\n<tr class=\"row-4\">\n\t<td class=\"column-1\"><a href=\"hotel-iorana\/\" target=\"_blank\">Hotel Iorana ***<\/a><\/td><td class=\"column-2\">Hanga Roa<\/td>\n<\/tr>\n<tr class=\"row-5\">\n\t<td class=\"column-1\"><a href=\"hotel-gomero\/\" target=\"_blank\">Hotel Gomero ***<\/a><\/td><td class=\"column-2\">Hanga Roa<\/td>\n<\/tr>\n<tr class=\"row-6\">\n\t<td class=\"column-1\"><a href=\"hotel-otai\/\" target=\"_blank\">Hotel O\u2019tai ****<\/a><\/td><td class=\"column-2\">Hanga Roa<\/td>\n<\/tr>\n<tr class=\"row-7\">\n\t<td class=\"column-1\"><a href=\"hotel-taha-tai\/\" target=\"_blank\">Hotel Taha Tai ***<\/a><\/td><td class=\"column-2\">Hanga Roa<\/td>\n<\/tr>\n<tr class=\"row-8\">\n\t<td class=\"column-1\"><a href=\"hotel-manutara\/\" target=\"_blank\">Hotel Manutara ***<\/a><\/td><td class=\"column-2\">Hanga Roa<\/td>\n<\/tr>\n<tr class=\"row-9\">\n\t<td class=\"column-1\"><a href=\"hotel-puku-vai\/\" target=\"_blank\">Hotel Puku Vai ***<\/a><\/td><td class=\"column-2\">Hanga Roa<\/td>\n<\/tr>\n<tr class=\"row-10\">\n\t<td class=\"column-1\"><a href=\"hare-noi\/\" target=\"_blank\">Hare Noi (B)<\/a><\/td><td class=\"column-2\">Hanga Roa<\/td>\n<\/tr>\n<\/tbody>\n<\/table>\n<!-- #tablepress-33 from cache --><\/p>","protected":false},"excerpt":{"rendered":"<p>On Easter Island, there are luxury hotels with spa, as well as mid-range properties and basic accommodations, all decorated in the island style. The hotels are all located in and around the town of Hanga Roa. Due to the small &#8230;<\/p>\n","protected":false},"author":16,"featured_media":0,"parent":196,"menu_order":0,"comment_status":"open","ping_status":"open","template":"","meta":{"slim_seo":{"title":"Osterinsel Easter Island - travelArt","description":"Auf der Osterinsel gibt es luxuri\u00f6se Hotels mit Spa, Mittelklasseh\u00e4user und einfache Unterk\u00fcnfte, alle im inseltypischen Stil gehalten. Die Hotels befinden sich"},"footnotes":""},"class_list":["post-431","page","type-page","status-publish","hentry"],"_links":{"self":[{"href":"https:\/\/www.chile-reise.com\/en\/wp-json\/wp\/v2\/pages\/431","targetHints":{"allow":["GET"]}}],"collection":[{"href":"https:\/\/www.chile-reise.com\/en\/wp-json\/wp\/v2\/pages"}],"about":[{"href":"https:\/\/www.chile-reise.com\/en\/wp-json\/wp\/v2\/types\/page"}],"author":[{"embeddable":true,"href":"https:\/\/www.chile-reise.com\/en\/wp-json\/wp\/v2\/users\/16"}],"replies":[{"embeddable":true,"href":"https:\/\/www.chile-reise.com\/en\/wp-json\/wp\/v2\/comments?post=431"}],"version-history":[{"count":0,"href":"https:\/\/www.chile-reise.com\/en\/wp-json\/wp\/v2\/pages\/431\/revisions"}],"up":[{"embeddable":true,"href":"https:\/\/www.chile-reise.com\/en\/wp-json\/wp\/v2\/pages\/196"}],"wp:attachment":[{"href":"https:\/\/www.chile-reise.com\/en\/wp-json\/wp\/v2\/media?parent=431"}],"curies":[{"name":"wp","href":"https:\/\/api.w.org\/{rel}","templated":true}]}}