{"id":424,"date":"2013-07-03T23:50:37","date_gmt":"2013-07-03T21:50:37","guid":{"rendered":"http:\/\/www.chile-reise.com\/wordpress\/?page_id=424"},"modified":"2014-03-14T15:51:09","modified_gmt":"2014-03-14T13:51:09","slug":"hosteria-pehoe","status":"publish","type":"page","link":"https:\/\/www.chile-reise.com\/en\/hotels\/patagonien\/hosteria-pehoe\/","title":{"rendered":"Hoster\u00eda Pehoe ***"},"content":{"rendered":"<p>\r\n        <style type='text\/css'>\r\n            #gallery-2 {\r\n                margin: auto;\r\n            }\r\n            #gallery-2 .gallery-item {\r\n                float: left;\r\n                margin-top: 10px;\r\n                text-align: center;\r\n                width: 33%;           }\r\n            #gallery-2 img {\r\n                border: 2px solid #cfcfcf;\r\n            }\r\n            #gallery-2 .gallery-caption {\r\n                margin-left: 0;\r\n            }\r\n        <\/style>\r\n        <!-- see gallery_shortcode() in wp-includes\/media.php -->\r\n        <div id='gallery-2' class='gallery-images gallery galleryid-424'><dl class='gallery-item'>\r\n            <dt class='gallery-icon'>\r\n                <a href='https:\/\/www.chile-reise.com\/wp-content\/uploads\/Fachada_klein12.jpg'><img loading=\"lazy\" decoding=\"async\" width=\"240\" height=\"140\" src=\"https:\/\/www.chile-reise.com\/wp-content\/uploads\/Fachada_klein12-240x140.jpg\" class=\"attachment-thumbnail size-thumbnail\" alt=\"Fachada klein\" \/><\/a>\r\n            <\/dt>\r\n                <dd class='gallery-caption'>\r\n                Hoster\u00eda Pehoe\r\n                <\/dd><\/dl><dl class='gallery-item'>\r\n            <dt class='gallery-icon'>\r\n                <a href='https:\/\/www.chile-reise.com\/wp-content\/uploads\/Mat-std_klein.jpg'><img loading=\"lazy\" decoding=\"async\" width=\"240\" height=\"140\" src=\"https:\/\/www.chile-reise.com\/wp-content\/uploads\/Mat-std_klein-240x140.jpg\" class=\"attachment-thumbnail size-thumbnail\" alt=\"Mat std klein\" \/><\/a>\r\n            <\/dt>\r\n                <dd class='gallery-caption'>\r\n                Hoster\u00eda Pehoe Room\r\n                <\/dd><\/dl><dl class='gallery-item'>\r\n            <dt class='gallery-icon'>\r\n                <a href='https:\/\/www.chile-reise.com\/wp-content\/uploads\/Comedor3_klein.jpg'><img loading=\"lazy\" decoding=\"async\" width=\"240\" height=\"140\" src=\"https:\/\/www.chile-reise.com\/wp-content\/uploads\/Comedor3_klein-240x140.jpg\" class=\"attachment-thumbnail size-thumbnail\" alt=\"Comedor3 klein\" \/><\/a>\r\n            <\/dt>\r\n                <dd class='gallery-caption'>\r\n                Hoster\u00eda Pehoe Restaurant\r\n                <\/dd><\/dl><br style=\"clear: both\" \/>\r\n            <br style='clear: both;' \/>\r\n        <\/div>\n<div class=\"clear\"><\/div><div class=\"divider\"><\/div>\n<p>The Hoster\u00eda Pehoe is the right choice for visitors who are looking for peace and relaxation in the splendid isolation of a truly stunning environment. Located in the middle of the Torres del Paine National Park, it is set on an otherwise uninhabited island on Lake Pehoe. All of the Hoster\u00eda Pehoe\u2019s simple rooms are housed in the main building and an annex, both surrounded by a large garden. There are wonderful views towards the Torres del Paine massif from the restaurant and from some of the rooms.<\/p>\n<p><strong>Rooms:<\/strong> 40<br \/>\n<strong>Facilities:<\/strong> Central heating, hairdryer, telephone, room safe, restaurant with bar and cafeteria, TV in the communal area, laundry service, parking lots<br \/>\n<strong>Internet:<\/strong> Two computers with internet access available<\/p>","protected":false},"excerpt":{"rendered":"<p>The Hoster\u00eda Pehoe is the right choice for visitors who are looking for peace and relaxation in the splendid isolation of a truly stunning environment. Located in the middle of the Torres del Paine National Park, it is set on &#8230;<\/p>\n","protected":false},"author":16,"featured_media":0,"parent":221,"menu_order":0,"comment_status":"open","ping_status":"open","template":"","meta":{"slim_seo":{"title":"Hoster\u00eda Pehoe *** Hoster\u00eda Pehoe *** - travelArt","description":"Hoster\u00eda Pehoe Hoster\u00eda Pehoe Room Hoster\u00eda Pehoe Restaurant Die Hoster\u00eda Pehoe ist das Richtige f\u00fcr G\u00e4ste, die Erholung in der Abgeschiedenheit einer wirklich"},"footnotes":""},"class_list":["post-424","page","type-page","status-publish","hentry"],"_links":{"self":[{"href":"https:\/\/www.chile-reise.com\/en\/wp-json\/wp\/v2\/pages\/424","targetHints":{"allow":["GET"]}}],"collection":[{"href":"https:\/\/www.chile-reise.com\/en\/wp-json\/wp\/v2\/pages"}],"about":[{"href":"https:\/\/www.chile-reise.com\/en\/wp-json\/wp\/v2\/types\/page"}],"author":[{"embeddable":true,"href":"https:\/\/www.chile-reise.com\/en\/wp-json\/wp\/v2\/users\/16"}],"replies":[{"embeddable":true,"href":"https:\/\/www.chile-reise.com\/en\/wp-json\/wp\/v2\/comments?post=424"}],"version-history":[{"count":0,"href":"https:\/\/www.chile-reise.com\/en\/wp-json\/wp\/v2\/pages\/424\/revisions"}],"up":[{"embeddable":true,"href":"https:\/\/www.chile-reise.com\/en\/wp-json\/wp\/v2\/pages\/221"}],"wp:attachment":[{"href":"https:\/\/www.chile-reise.com\/en\/wp-json\/wp\/v2\/media?parent=424"}],"curies":[{"name":"wp","href":"https:\/\/api.w.org\/{rel}","templated":true}]}}