{"id":389,"date":"2013-07-03T23:05:06","date_gmt":"2013-07-03T21:05:06","guid":{"rendered":"http:\/\/www.chile-reise.com\/wordpress\/?page_id=389"},"modified":"2014-09-05T23:07:25","modified_gmt":"2014-09-05T21:07:25","slug":"loberias-del-sur","status":"publish","type":"page","link":"https:\/\/www.chile-reise.com\/en\/hotels\/carretera-austral\/loberias-del-sur\/","title":{"rendered":"Lober\u00edas del Sur ****"},"content":{"rendered":"<p>\r\n        <style type='text\/css'>\r\n            #gallery-2 {\r\n                margin: auto;\r\n            }\r\n            #gallery-2 .gallery-item {\r\n                float: left;\r\n                margin-top: 10px;\r\n                text-align: center;\r\n                width: 33%;           }\r\n            #gallery-2 img {\r\n                border: 2px solid #cfcfcf;\r\n            }\r\n            #gallery-2 .gallery-caption {\r\n                margin-left: 0;\r\n            }\r\n        <\/style>\r\n        <!-- see gallery_shortcode() in wp-includes\/media.php -->\r\n        <div id='gallery-2' class='gallery-images gallery galleryid-389'><dl class='gallery-item'>\r\n            <dt class='gallery-icon'>\r\n                <a href='https:\/\/www.chile-reise.com\/wp-content\/uploads\/Hotel-Lober\u00edas-del-Sur.jpg'><img loading=\"lazy\" decoding=\"async\" width=\"240\" height=\"140\" src=\"https:\/\/www.chile-reise.com\/wp-content\/uploads\/Hotel-Lober\u00edas-del-Sur-240x140.jpg\" class=\"attachment-thumbnail size-thumbnail\" alt=\"Hotel Lober\u00edas del Sur\" \/><\/a>\r\n            <\/dt>\r\n                <dd class='gallery-caption'>\r\n                Hotel Lober\u00edas del Sur\r\n                <\/dd><\/dl><dl class='gallery-item'>\r\n            <dt class='gallery-icon'>\r\n                <a href='https:\/\/www.chile-reise.com\/wp-content\/uploads\/Hab-Loberias.jpg'><img loading=\"lazy\" decoding=\"async\" width=\"240\" height=\"140\" src=\"https:\/\/www.chile-reise.com\/wp-content\/uploads\/Hab-Loberias-240x140.jpg\" class=\"attachment-thumbnail size-thumbnail\" alt=\"Hab Loberias\" \/><\/a>\r\n            <\/dt>\r\n                <dd class='gallery-caption'>\r\n                Lober\u00edas del Sur Room\r\n                <\/dd><\/dl><dl class='gallery-item'>\r\n            <dt class='gallery-icon'>\r\n                <a href='https:\/\/www.chile-reise.com\/wp-content\/uploads\/Hotel-Lober\u00edas-del-Sur-Fireplace.jpg'><img loading=\"lazy\" decoding=\"async\" width=\"240\" height=\"140\" src=\"https:\/\/www.chile-reise.com\/wp-content\/uploads\/Hotel-Lober\u00edas-del-Sur-Fireplace-240x140.jpg\" class=\"attachment-thumbnail size-thumbnail\" alt=\"Hotel Lober\u00edas del Sur Fireplace\" \/><\/a>\r\n            <\/dt>\r\n                <dd class='gallery-caption'>\r\n                Lober\u00edas del Sur Fireplace\r\n                <\/dd><\/dl><br style=\"clear: both\" \/>\r\n            <br style='clear: both;' \/>\r\n        <\/div>\n\n<div class=\"clear\"><\/div><div class=\"divider\"><\/div>\n<p>The traditional 4* hotel of Lober\u00edas del Sur in Puerto Chacabuco is set among green hills near the Ais\u00e9n fjord. It has 60 comfortable rooms and offers first-class service, as well as a number of conveniences, including a spa and fitness room. Wood and natural stone give the hotel a warm and welcoming atmosphere. The Chucao Restaurant serves excellent traditional Chilean and international cuisine.<\/p>\n<p><strong>Rooms:<\/strong> 60<br \/>\n<strong>Facilities:<\/strong> Telephone, hairdryer, cable TV, room safe, restaurant, bar, cafeteria, games room, multi-functional rooms, business centre, laundry service, heated pool, spa with sauna, fitness room,  laundry service, parking lots<br \/>\nHandicapped accessible rooms are available.<br \/>\n<strong>Internet:<\/strong> Wi-Fi in the communal areas, computers with internet access are also provided.<br \/>\n<\/p>","protected":false},"excerpt":{"rendered":"<p>The traditional 4* hotel of Lober\u00edas del Sur in Puerto Chacabuco is set among green hills near the Ais\u00e9n fjord. It has 60 comfortable rooms and offers first-class service, as well as a number of conveniences, including a spa and &#8230;<\/p>\n","protected":false},"author":16,"featured_media":0,"parent":218,"menu_order":0,"comment_status":"open","ping_status":"open","template":"","meta":{"slim_seo":{"title":"Lober\u00edas del Sur **** Lober\u00edas del Sur **** - travelArt","description":"Hotel Lober\u00edas del Sur Lober\u00edas del Sur Room Lober\u00edas del Sur Fireplace Das traditionelle Hotel \u201eLober\u00edas del Sur\u201c in Puerto Chacabuco liegt zwischen gr\u00fcnen H\u00fcg"},"footnotes":""},"class_list":["post-389","page","type-page","status-publish","hentry"],"_links":{"self":[{"href":"https:\/\/www.chile-reise.com\/en\/wp-json\/wp\/v2\/pages\/389","targetHints":{"allow":["GET"]}}],"collection":[{"href":"https:\/\/www.chile-reise.com\/en\/wp-json\/wp\/v2\/pages"}],"about":[{"href":"https:\/\/www.chile-reise.com\/en\/wp-json\/wp\/v2\/types\/page"}],"author":[{"embeddable":true,"href":"https:\/\/www.chile-reise.com\/en\/wp-json\/wp\/v2\/users\/16"}],"replies":[{"embeddable":true,"href":"https:\/\/www.chile-reise.com\/en\/wp-json\/wp\/v2\/comments?post=389"}],"version-history":[{"count":0,"href":"https:\/\/www.chile-reise.com\/en\/wp-json\/wp\/v2\/pages\/389\/revisions"}],"up":[{"embeddable":true,"href":"https:\/\/www.chile-reise.com\/en\/wp-json\/wp\/v2\/pages\/218"}],"wp:attachment":[{"href":"https:\/\/www.chile-reise.com\/en\/wp-json\/wp\/v2\/media?parent=389"}],"curies":[{"name":"wp","href":"https:\/\/api.w.org\/{rel}","templated":true}]}}