{"id":377,"date":"2013-07-03T22:53:06","date_gmt":"2013-07-03T20:53:06","guid":{"rendered":"http:\/\/www.chile-reise.com\/wordpress\/?page_id=377"},"modified":"2015-04-10T22:29:54","modified_gmt":"2015-04-10T20:29:54","slug":"hotel-ancud","status":"publish","type":"page","link":"https:\/\/www.chile-reise.com\/en\/hotels\/seengebiet\/hotel-ancud\/","title":{"rendered":"Hotel Ancud ***"},"content":{"rendered":"<p>\r\n        <style type='text\/css'>\r\n            #gallery-2 {\r\n                margin: auto;\r\n            }\r\n            #gallery-2 .gallery-item {\r\n                float: left;\r\n                margin-top: 10px;\r\n                text-align: center;\r\n                width: 33%;           }\r\n            #gallery-2 img {\r\n                border: 2px solid #cfcfcf;\r\n            }\r\n            #gallery-2 .gallery-caption {\r\n                margin-left: 0;\r\n            }\r\n        <\/style>\r\n        <!-- see gallery_shortcode() in wp-includes\/media.php -->\r\n        <div id='gallery-2' class='gallery-images gallery galleryid-377'><dl class='gallery-item'>\r\n            <dt class='gallery-icon'>\r\n                <a href='https:\/\/www.chile-reise.com\/wp-content\/uploads\/Hotel-Ancud.jpg'><img loading=\"lazy\" decoding=\"async\" width=\"240\" height=\"140\" src=\"https:\/\/www.chile-reise.com\/wp-content\/uploads\/Hotel-Ancud-240x140.jpg\" class=\"attachment-thumbnail size-thumbnail\" alt=\"Hotel Ancud\" \/><\/a>\r\n            <\/dt>\r\n                <dd class='gallery-caption'>\r\n                Hotel Ancud\r\n                <\/dd><\/dl><dl class='gallery-item'>\r\n            <dt class='gallery-icon'>\r\n                <a href='https:\/\/www.chile-reise.com\/wp-content\/uploads\/Hotel-AncusdDouble-Room.jpg'><img loading=\"lazy\" decoding=\"async\" width=\"240\" height=\"140\" src=\"https:\/\/www.chile-reise.com\/wp-content\/uploads\/Hotel-AncusdDouble-Room-240x140.jpg\" class=\"attachment-thumbnail size-thumbnail\" alt=\"Hotel AncusdDouble Room\" \/><\/a>\r\n            <\/dt>\r\n                <dd class='gallery-caption'>\r\n                Hotel Ancud Double Room\r\n                <\/dd><\/dl><dl class='gallery-item'>\r\n            <dt class='gallery-icon'>\r\n                <a href='https:\/\/www.chile-reise.com\/wp-content\/uploads\/Hotel-Ancud-Living-Room.jpg'><img loading=\"lazy\" decoding=\"async\" width=\"240\" height=\"140\" src=\"https:\/\/www.chile-reise.com\/wp-content\/uploads\/Hotel-Ancud-Living-Room-240x140.jpg\" class=\"attachment-thumbnail size-thumbnail\" alt=\"Hotel Ancud Living Room\" \/><\/a>\r\n            <\/dt>\r\n                <dd class='gallery-caption'>\r\n                Hotel Ancud Living Room\r\n                <\/dd><\/dl><br style=\"clear: both\" \/>\r\n            <br style='clear: both;' \/>\r\n        <\/div>\n\n<div class=\"clear\"><\/div><div class=\"divider\"><\/div>\n<p>Located high above the Golf of Ancud, Hotel Ancud offers great views and high comfort. The hotel, built with local Alerce wood, lies directly at the seaside and is still only a few steps away from the centre of Ancud. The cozy and well-equipped rooms promise relaxation and tranquillity. Guests can savour local specialties at the restaurant or a refreshing cocktail at the bar while enjoying the sea view. Choose the Hoster\u00eda Ancud as a perfect starting point for exploring the island of Chilo\u00e9! <\/p>\n<p><strong>Rooms:<\/strong> 24<br \/>\n<strong>Facilities:<\/strong> cable TV, central heating, telephone, safe at the reception, restaurant, bar, meeting room, living room, garden, laundry service<br \/>\n<strong>Internet:<\/strong> Wi-Fi<br \/>\n<em>Awarded with &#8220;Sello S&#8221;, the Chilean sustainability seal.<\/em><\/p>","protected":false},"excerpt":{"rendered":"<p>Located high above the Golf of Ancud, Hotel Ancud offers great views and high comfort. The hotel, built with local Alerce wood, lies directly at the seaside and is still only a few steps away from the centre of Ancud. &#8230;<\/p>\n","protected":false},"author":16,"featured_media":0,"parent":214,"menu_order":0,"comment_status":"open","ping_status":"open","template":"","meta":{"slim_seo":{"title":"Hotel Ancud *** Hotel Ancud *** - travelArt","description":"Hotel Ancud Hotel Ancud Double Room Hotel Ancud Living Room Malerisch auf einer Anh\u00f6he \u00fcber dem Golf von Ancud gelegen bietet die Hoster\u00eda Ancud Komfort und ein"},"footnotes":""},"class_list":["post-377","page","type-page","status-publish","hentry"],"_links":{"self":[{"href":"https:\/\/www.chile-reise.com\/en\/wp-json\/wp\/v2\/pages\/377","targetHints":{"allow":["GET"]}}],"collection":[{"href":"https:\/\/www.chile-reise.com\/en\/wp-json\/wp\/v2\/pages"}],"about":[{"href":"https:\/\/www.chile-reise.com\/en\/wp-json\/wp\/v2\/types\/page"}],"author":[{"embeddable":true,"href":"https:\/\/www.chile-reise.com\/en\/wp-json\/wp\/v2\/users\/16"}],"replies":[{"embeddable":true,"href":"https:\/\/www.chile-reise.com\/en\/wp-json\/wp\/v2\/comments?post=377"}],"version-history":[{"count":0,"href":"https:\/\/www.chile-reise.com\/en\/wp-json\/wp\/v2\/pages\/377\/revisions"}],"up":[{"embeddable":true,"href":"https:\/\/www.chile-reise.com\/en\/wp-json\/wp\/v2\/pages\/214"}],"wp:attachment":[{"href":"https:\/\/www.chile-reise.com\/en\/wp-json\/wp\/v2\/media?parent=377"}],"curies":[{"name":"wp","href":"https:\/\/api.w.org\/{rel}","templated":true}]}}