{"id":370,"date":"2013-07-03T22:41:21","date_gmt":"2013-07-03T20:41:21","guid":{"rendered":"http:\/\/www.chile-reise.com\/wordpress\/?page_id=370"},"modified":"2017-02-23T22:20:12","modified_gmt":"2017-02-23T20:20:12","slug":"hotel-patagonico","status":"publish","type":"page","link":"https:\/\/www.chile-reise.com\/en\/hotels\/seengebiet\/hotel-patagonico\/","title":{"rendered":"Hotel Enjoy Puerto Varas *****"},"content":{"rendered":"<style type='text\/css'>\r\n            #gallery-2 {\r\n                margin: auto;\r\n            }\r\n            #gallery-2 .gallery-item {\r\n                float: left;\r\n                margin-top: 10px;\r\n                text-align: center;\r\n                width: 33%;           }\r\n            #gallery-2 img {\r\n                border: 2px solid #cfcfcf;\r\n            }\r\n            #gallery-2 .gallery-caption {\r\n                margin-left: 0;\r\n            }\r\n        <\/style>\r\n        <!-- see gallery_shortcode() in wp-includes\/media.php -->\r\n        <div id='gallery-2' class='gallery-images gallery galleryid-370'><dl class='gallery-item'>\r\n            <dt class='gallery-icon'>\r\n                <a href='https:\/\/www.chile-reise.com\/wp-content\/uploads\/Hotel-Patag\u00f3nico-Panoramica.jpg'><img loading=\"lazy\" decoding=\"async\" width=\"240\" height=\"140\" src=\"https:\/\/www.chile-reise.com\/wp-content\/uploads\/Hotel-Patag\u00f3nico-Panoramica-240x140.jpg\" class=\"attachment-thumbnail size-thumbnail\" alt=\"Hotel Patag\u00f3nico Panoramica\" srcset=\"https:\/\/www.chile-reise.com\/wp-content\/uploads\/Hotel-Patag\u00f3nico-Panoramica-240x140.jpg 240w, https:\/\/www.chile-reise.com\/wp-content\/uploads\/Hotel-Patag\u00f3nico-Panoramica-564x330.jpg 564w, https:\/\/www.chile-reise.com\/wp-content\/uploads\/Hotel-Patag\u00f3nico-Panoramica.jpg 640w\" sizes=\"auto, (max-width: 240px) 100vw, 240px\" \/><\/a>\r\n            <\/dt>\r\n                <dd class='gallery-caption'>\r\n                Hotel Patag\u00f3nico\r\n                <\/dd><\/dl><dl class='gallery-item'>\r\n            <dt class='gallery-icon'>\r\n                <a href='https:\/\/www.chile-reise.com\/wp-content\/uploads\/Hotel-Patag\u00f3nico-Standard.jpg'><img loading=\"lazy\" decoding=\"async\" width=\"240\" height=\"140\" src=\"https:\/\/www.chile-reise.com\/wp-content\/uploads\/Hotel-Patag\u00f3nico-Standard-240x140.jpg\" class=\"attachment-thumbnail size-thumbnail\" alt=\"Hotel Patag\u00f3nico Standard\" \/><\/a>\r\n            <\/dt>\r\n                <dd class='gallery-caption'>\r\n                Patag\u00f3nico Standard Double Room\r\n                <\/dd><\/dl><dl class='gallery-item'>\r\n            <dt class='gallery-icon'>\r\n                <a href='https:\/\/www.chile-reise.com\/wp-content\/uploads\/Hotel-Patag\u00f3nico-Living-002.jpg'><img loading=\"lazy\" decoding=\"async\" width=\"240\" height=\"140\" src=\"https:\/\/www.chile-reise.com\/wp-content\/uploads\/Hotel-Patag\u00f3nico-Living-002-240x140.jpg\" class=\"attachment-thumbnail size-thumbnail\" alt=\"Hotel Patag\u00f3nico\" \/><\/a>\r\n            <\/dt>\r\n                <dd class='gallery-caption'>\r\n                Patag\u00f3nico Lobby\r\n                <\/dd><\/dl><br style=\"clear: both\" \/><dl class='gallery-item'>\r\n            <dt class='gallery-icon'>\r\n                <a href='https:\/\/www.chile-reise.com\/wp-content\/uploads\/Hotel-Patag\u00f3nico-Restaurant-Alerce-002.jpg'><img loading=\"lazy\" decoding=\"async\" width=\"240\" height=\"140\" src=\"https:\/\/www.chile-reise.com\/wp-content\/uploads\/Hotel-Patag\u00f3nico-Restaurant-Alerce-002-240x140.jpg\" class=\"attachment-thumbnail size-thumbnail\" alt=\"Hotel Patag\u00f3nico Restaurant Alerce\" \/><\/a>\r\n            <\/dt>\r\n                <dd class='gallery-caption'>\r\n                Patag\u00f3nico Restaurant\r\n                <\/dd><\/dl><dl class='gallery-item'>\r\n            <dt class='gallery-icon'>\r\n                <a href='https:\/\/www.chile-reise.com\/wp-content\/uploads\/Pagonico_Superior-Twin.jpg'><img loading=\"lazy\" decoding=\"async\" width=\"240\" height=\"140\" src=\"https:\/\/www.chile-reise.com\/wp-content\/uploads\/Pagonico_Superior-Twin-240x140.jpg\" class=\"attachment-thumbnail size-thumbnail\" alt=\"Pagonico Superior Twin\" \/><\/a>\r\n            <\/dt>\r\n                <dd class='gallery-caption'>\r\n                Patag\u00f3nico Superior Twin Room\r\n                <\/dd><\/dl><dl class='gallery-item'>\r\n            <dt class='gallery-icon'>\r\n                <a href='https:\/\/www.chile-reise.com\/wp-content\/uploads\/patagonico-918.jpg'><img loading=\"lazy\" decoding=\"async\" width=\"240\" height=\"140\" src=\"https:\/\/www.chile-reise.com\/wp-content\/uploads\/patagonico-918-240x140.jpg\" class=\"attachment-thumbnail size-thumbnail\" alt=\"Patagonico\" \/><\/a>\r\n            <\/dt><\/dl><br style=\"clear: both\" \/>\r\n            <br style='clear: both;' \/>\r\n        <\/div>\n\n<div class=\"clear\"><\/div><div class=\"divider\"><\/div>\nThis large 5-star hotel is located in a convenient and quiet spot near Puerto Varas\u2019 main attractions. The hotel and grounds offer wonderful views of the Llanquihue Lake and the Osorno volcano. It is installed in a traditional building that was fully renovated in 2007. Light colours and a lot of wood characterise the facilities and provide the hotel with an inviting, bright and friendly ambience. Guests will find no comfort missing at the Hotel Patag\u00f3nico.<\/p>\n<p><strong>Rooms:<\/strong> 91<br \/>\n<strong>Facilities:<\/strong> Central heating, telephone, hairdryer, room safe, cable TV, minibar, two restaurants, bar with open fire, cafeteria, terrace, swimming pools, whirlpool, sauna, massage rooms, laundry service,  shoe cleaning service, parking lots<br \/>\nHandicapped accessible rooms are available.<br \/>\n<strong>Internet:<\/strong> WiFi<br \/>\n<em>Awarded with &#8220;Sello S&#8221;, the Chilean sustainability seal.<\/em><\/p>","protected":false},"excerpt":{"rendered":"<p>This large 5-star hotel is located in a convenient and quiet spot near Puerto Varas\u2019 main attractions. The hotel and grounds offer wonderful views of the Llanquihue Lake and the Osorno volcano. It is installed in a traditional building that &#8230;<\/p>\n","protected":false},"author":16,"featured_media":0,"parent":214,"menu_order":0,"comment_status":"open","ping_status":"open","template":"","meta":{"slim_seo":{"title":"Hotel Enjoy Puerto Varas ***** - travelArt","description":"[:de] Hotel Patag\u00f3nico Patag\u00f3nico Standard Double Room Patag\u00f3nico Lobby Patag\u00f3nico Restaurant Patag\u00f3nico Superior Twin Room Dieses gro\u00dfe 5-Sterne-Hotel befindet"},"footnotes":""},"class_list":["post-370","page","type-page","status-publish","hentry"],"_links":{"self":[{"href":"https:\/\/www.chile-reise.com\/en\/wp-json\/wp\/v2\/pages\/370","targetHints":{"allow":["GET"]}}],"collection":[{"href":"https:\/\/www.chile-reise.com\/en\/wp-json\/wp\/v2\/pages"}],"about":[{"href":"https:\/\/www.chile-reise.com\/en\/wp-json\/wp\/v2\/types\/page"}],"author":[{"embeddable":true,"href":"https:\/\/www.chile-reise.com\/en\/wp-json\/wp\/v2\/users\/16"}],"replies":[{"embeddable":true,"href":"https:\/\/www.chile-reise.com\/en\/wp-json\/wp\/v2\/comments?post=370"}],"version-history":[{"count":0,"href":"https:\/\/www.chile-reise.com\/en\/wp-json\/wp\/v2\/pages\/370\/revisions"}],"up":[{"embeddable":true,"href":"https:\/\/www.chile-reise.com\/en\/wp-json\/wp\/v2\/pages\/214"}],"wp:attachment":[{"href":"https:\/\/www.chile-reise.com\/en\/wp-json\/wp\/v2\/media?parent=370"}],"curies":[{"name":"wp","href":"https:\/\/api.w.org\/{rel}","templated":true}]}}