{"id":361,"date":"2013-07-03T22:24:31","date_gmt":"2013-07-03T20:24:31","guid":{"rendered":"http:\/\/www.chile-reise.com\/wordpress\/?page_id=361"},"modified":"2013-10-09T17:29:39","modified_gmt":"2013-10-09T15:29:39","slug":"la-montana-magica-lodge","status":"publish","type":"page","link":"https:\/\/www.chile-reise.com\/en\/hotels\/seengebiet\/la-montana-magica-lodge\/","title":{"rendered":"La Monta\u00f1a M\u00e1gica Lodge ****"},"content":{"rendered":"<p>\r\n        <style type='text\/css'>\r\n            #gallery-2 {\r\n                margin: auto;\r\n            }\r\n            #gallery-2 .gallery-item {\r\n                float: left;\r\n                margin-top: 10px;\r\n                text-align: center;\r\n                width: 50%;           }\r\n            #gallery-2 img {\r\n                border: 2px solid #cfcfcf;\r\n            }\r\n            #gallery-2 .gallery-caption {\r\n                margin-left: 0;\r\n            }\r\n        <\/style>\r\n        <!-- see gallery_shortcode() in wp-includes\/media.php -->\r\n        <div id='gallery-2' class='gallery-images gallery galleryid-361'><dl class='gallery-item'>\r\n            <dt class='gallery-icon'>\r\n                <a href='https:\/\/www.chile-reise.com\/wp-content\/uploads\/Monta\u00f1a-M\u00e1gica.jpg'><img loading=\"lazy\" decoding=\"async\" width=\"240\" height=\"140\" src=\"https:\/\/www.chile-reise.com\/wp-content\/uploads\/Monta\u00f1a-M\u00e1gica-240x140.jpg\" class=\"attachment-thumbnail size-thumbnail\" alt=\"Monta\u00f1a M\u00e1gica\" \/><\/a>\r\n            <\/dt>\r\n                <dd class='gallery-caption'>\r\n                Monta\u00f1a M\u00e1giga Lodge\r\n                <\/dd><\/dl><dl class='gallery-item'>\r\n            <dt class='gallery-icon'>\r\n                <a href='https:\/\/www.chile-reise.com\/wp-content\/uploads\/Monta\u00f1a-M\u00e1gica-Standard-Room.jpg'><img loading=\"lazy\" decoding=\"async\" width=\"240\" height=\"140\" src=\"https:\/\/www.chile-reise.com\/wp-content\/uploads\/Monta\u00f1a-M\u00e1gica-Standard-Room-240x140.jpg\" class=\"attachment-thumbnail size-thumbnail\" alt=\"Monta\u00f1a M\u00e1gica Standard Room\" \/><\/a>\r\n            <\/dt>\r\n                <dd class='gallery-caption'>\r\n                Monta\u00f1a M\u00e1giga Lodge Standard Room\r\n                <\/dd><\/dl><br style=\"clear: both\" \/>\r\n            <br style='clear: both;' \/>\r\n        <\/div>\n\n<div class=\"clear\"><\/div><div class=\"divider\"><\/div>\n<p>The Monta\u00f1a M\u00e1gica Lodge looks like straight out of a fairy tale: a cone-shaped building of natural stone with small round windows stands in the middle of the forest overgrown by plants. Water bursts from the tip of the cone, cascading over the hotel as a whooshing waterfall. Inside the d\u00e9cor is rustically cosy and completely made of wood and natural stone. In the evenings, the fire place welcomes tired hikers with a blazing fire \u2013 truly a place few people wish to leave in a hurry. Guests have access to the Lawenko Spa, located in the nearby<a href=\"https:\/\/www.chile-reise.com\/wordpress\/hotels\/seengebiet\/nothofagus-hotel-spa\/\" target=\"_blank\"> Nothofagus Hotel &amp; Spa.<\/a><\/p>\n<p><strong>Rooms:<\/strong> 13<br \/>\n<strong>Facilities:<\/strong> Central heating, room safe, restaurant, bar, mini golf, conference room, games room, library with reading room, hot tubs, sauna, spa, laundry service, parking lots<br \/>\n<strong>Activities in summer<\/strong> Canpoy, horseback riding, mountainbiking, trekking, fishing, etc.<br \/>\n<strong>Activieites in winter:<\/strong> Skiing, snowshoe hiking, snowmobile, trekking, horseback riding, etc.<\/p>","protected":false},"excerpt":{"rendered":"<p>The Monta\u00f1a M\u00e1gica Lodge looks like straight out of a fairy tale: a cone-shaped building of natural stone with small round windows stands in the middle of the forest overgrown by plants. Water bursts from the tip of the cone, &#8230;<\/p>\n","protected":false},"author":16,"featured_media":0,"parent":214,"menu_order":0,"comment_status":"open","ping_status":"open","template":"","meta":{"slim_seo":{"title":"La Monta\u00f1a M\u00e1gica Lodge **** La Monta\u00f1a M\u00e1gica Lodge **** - travelArt","description":"Monta\u00f1a M\u00e1giga Lodge Monta\u00f1a M\u00e1giga Lodge Standard Room Das Hotel Monta\u00f1a M\u00e1gica mutet an wie aus dem M\u00e4rchen: Ein von Pflanzen umranktes, kegelf\u00f6rmiges Naturst"},"footnotes":""},"class_list":["post-361","page","type-page","status-publish","hentry"],"_links":{"self":[{"href":"https:\/\/www.chile-reise.com\/en\/wp-json\/wp\/v2\/pages\/361","targetHints":{"allow":["GET"]}}],"collection":[{"href":"https:\/\/www.chile-reise.com\/en\/wp-json\/wp\/v2\/pages"}],"about":[{"href":"https:\/\/www.chile-reise.com\/en\/wp-json\/wp\/v2\/types\/page"}],"author":[{"embeddable":true,"href":"https:\/\/www.chile-reise.com\/en\/wp-json\/wp\/v2\/users\/16"}],"replies":[{"embeddable":true,"href":"https:\/\/www.chile-reise.com\/en\/wp-json\/wp\/v2\/comments?post=361"}],"version-history":[{"count":0,"href":"https:\/\/www.chile-reise.com\/en\/wp-json\/wp\/v2\/pages\/361\/revisions"}],"up":[{"embeddable":true,"href":"https:\/\/www.chile-reise.com\/en\/wp-json\/wp\/v2\/pages\/214"}],"wp:attachment":[{"href":"https:\/\/www.chile-reise.com\/en\/wp-json\/wp\/v2\/media?parent=361"}],"curies":[{"name":"wp","href":"https:\/\/api.w.org\/{rel}","templated":true}]}}