{"id":352,"date":"2013-07-03T21:40:22","date_gmt":"2013-07-03T19:40:22","guid":{"rendered":"http:\/\/www.chile-reise.com\/wordpress\/?page_id=352"},"modified":"2014-02-28T20:14:51","modified_gmt":"2014-02-28T18:14:51","slug":"casona-de-pucon","status":"publish","type":"page","link":"https:\/\/www.chile-reise.com\/en\/hotels\/seengebiet\/casona-de-pucon\/","title":{"rendered":"Casona de Puc\u00f3n ***"},"content":{"rendered":"<p>\r\n        <style type='text\/css'>\r\n            #gallery-2 {\r\n                margin: auto;\r\n            }\r\n            #gallery-2 .gallery-item {\r\n                float: left;\r\n                margin-top: 10px;\r\n                text-align: center;\r\n                width: 33%;           }\r\n            #gallery-2 img {\r\n                border: 2px solid #cfcfcf;\r\n            }\r\n            #gallery-2 .gallery-caption {\r\n                margin-left: 0;\r\n            }\r\n        <\/style>\r\n        <!-- see gallery_shortcode() in wp-includes\/media.php -->\r\n        <div id='gallery-2' class='gallery-images gallery galleryid-352'><dl class='gallery-item'>\r\n            <dt class='gallery-icon'>\r\n                <a href='https:\/\/www.chile-reise.com\/wp-content\/uploads\/fachada_klein.jpg'><img loading=\"lazy\" decoding=\"async\" width=\"240\" height=\"140\" src=\"https:\/\/www.chile-reise.com\/wp-content\/uploads\/fachada_klein-240x140.jpg\" class=\"attachment-thumbnail size-thumbnail\" alt=\"Fachada klein\" srcset=\"https:\/\/www.chile-reise.com\/wp-content\/uploads\/fachada_klein-240x140.jpg 240w, https:\/\/www.chile-reise.com\/wp-content\/uploads\/fachada_klein-565x330.jpg 565w\" sizes=\"auto, (max-width: 240px) 100vw, 240px\" \/><\/a>\r\n            <\/dt>\r\n                <dd class='gallery-caption'>\r\n                La Casona de Pucon\r\n                <\/dd><\/dl><dl class='gallery-item'>\r\n            <dt class='gallery-icon'>\r\n                <a href='https:\/\/www.chile-reise.com\/wp-content\/uploads\/La-Casona-de-Pucon-habitacion_klein.jpg'><img loading=\"lazy\" decoding=\"async\" width=\"240\" height=\"140\" src=\"https:\/\/www.chile-reise.com\/wp-content\/uploads\/La-Casona-de-Pucon-habitacion_klein-240x140.jpg\" class=\"attachment-thumbnail size-thumbnail\" alt=\"La Casona de Pucon habitacion klein\" \/><\/a>\r\n            <\/dt>\r\n                <dd class='gallery-caption'>\r\n                La Casona de Pucon Room\r\n                <\/dd><\/dl>\r\n            <br style='clear: both;' \/>\r\n        <\/div>\n<div class=\"clear\"><\/div><div class=\"divider\"><\/div>\n<p>This small pension is housed in a converted historic villa, and lies right on the main square of Puc\u00f3n. The welcoming ambience created by the use of plenty of wood, tasteful rooms, a common room that feels more like a living room, and the small breakfast room, all combine to give patrons the feeling of being house guests, rather than of being in a hotel. A garden is also available and Lake Villarrica is just a short walk away.<\/p>\n<p><strong>Zimmer:<\/strong> 8<br \/>\n<strong>Ausstattung:<\/strong> Central heating, telephone, TV on request, living rooms with open fires, garden, terrace, parking lots<br \/>\n<strong>Internet:<\/strong> Wi-Fi<\/p>","protected":false},"excerpt":{"rendered":"<p>This small pension is housed in a converted historic villa, and lies right on the main square of Puc\u00f3n. The welcoming ambience created by the use of plenty of wood, tasteful rooms, a common room that feels more like a &#8230;<\/p>\n","protected":false},"author":16,"featured_media":0,"parent":214,"menu_order":0,"comment_status":"open","ping_status":"open","template":"","meta":{"slim_seo":{"title":"Casona de Puc\u00f3n *** Casona de Puc\u00f3n *** - travelArt","description":"La Casona de Pucon La Casona de Pucon Room Die Casona de Puc\u00f3n liegt direkt am Hauptplatz von Puc\u00f3n: eine alte Villa wurde in eine kleine Hotel-Pension umgebaut"},"footnotes":""},"class_list":["post-352","page","type-page","status-publish","hentry"],"_links":{"self":[{"href":"https:\/\/www.chile-reise.com\/en\/wp-json\/wp\/v2\/pages\/352","targetHints":{"allow":["GET"]}}],"collection":[{"href":"https:\/\/www.chile-reise.com\/en\/wp-json\/wp\/v2\/pages"}],"about":[{"href":"https:\/\/www.chile-reise.com\/en\/wp-json\/wp\/v2\/types\/page"}],"author":[{"embeddable":true,"href":"https:\/\/www.chile-reise.com\/en\/wp-json\/wp\/v2\/users\/16"}],"replies":[{"embeddable":true,"href":"https:\/\/www.chile-reise.com\/en\/wp-json\/wp\/v2\/comments?post=352"}],"version-history":[{"count":0,"href":"https:\/\/www.chile-reise.com\/en\/wp-json\/wp\/v2\/pages\/352\/revisions"}],"up":[{"embeddable":true,"href":"https:\/\/www.chile-reise.com\/en\/wp-json\/wp\/v2\/pages\/214"}],"wp:attachment":[{"href":"https:\/\/www.chile-reise.com\/en\/wp-json\/wp\/v2\/media?parent=352"}],"curies":[{"name":"wp","href":"https:\/\/api.w.org\/{rel}","templated":true}]}}