{"id":340,"date":"2013-07-03T21:26:38","date_gmt":"2013-07-03T19:26:38","guid":{"rendered":"http:\/\/www.chile-reise.com\/wordpress\/?page_id=340"},"modified":"2015-08-31T23:02:20","modified_gmt":"2015-08-31T21:02:20","slug":"hotel-galerias","status":"publish","type":"page","link":"https:\/\/www.chile-reise.com\/en\/hotels\/santiago-zentralchile-und-pazifikkueste\/hotel-galerias\/","title":{"rendered":"Hotel Galer\u00edas ****"},"content":{"rendered":"<style type='text\/css'>\r\n            #gallery-2 {\r\n                margin: auto;\r\n            }\r\n            #gallery-2 .gallery-item {\r\n                float: left;\r\n                margin-top: 10px;\r\n                text-align: center;\r\n                width: 33%;           }\r\n            #gallery-2 img {\r\n                border: 2px solid #cfcfcf;\r\n            }\r\n            #gallery-2 .gallery-caption {\r\n                margin-left: 0;\r\n            }\r\n        <\/style>\r\n        <!-- see gallery_shortcode() in wp-includes\/media.php -->\r\n        <div id='gallery-2' class='gallery-images gallery galleryid-340'><dl class='gallery-item'>\r\n            <dt class='gallery-icon'>\r\n                <a href='https:\/\/www.chile-reise.com\/wp-content\/uploads\/Galerias.jpg'><img loading=\"lazy\" decoding=\"async\" width=\"240\" height=\"140\" src=\"https:\/\/www.chile-reise.com\/wp-content\/uploads\/Galerias-240x140.jpg\" class=\"attachment-thumbnail size-thumbnail\" alt=\"Galerias\" \/><\/a>\r\n            <\/dt>\r\n                <dd class='gallery-caption'>\r\n                Hotel Galer\u00edas\r\n                <\/dd><\/dl><dl class='gallery-item'>\r\n            <dt class='gallery-icon'>\r\n                <a href='https:\/\/www.chile-reise.com\/wp-content\/uploads\/Galerias_Twin.jpg'><img loading=\"lazy\" decoding=\"async\" width=\"240\" height=\"140\" src=\"https:\/\/www.chile-reise.com\/wp-content\/uploads\/Galerias_Twin-240x140.jpg\" class=\"attachment-thumbnail size-thumbnail\" alt=\"Galerias Twin\" \/><\/a>\r\n            <\/dt>\r\n                <dd class='gallery-caption'>\r\n                Galer\u00edas Twin Room\r\n                <\/dd><\/dl><dl class='gallery-item'>\r\n            <dt class='gallery-icon'>\r\n                <a href='https:\/\/www.chile-reise.com\/wp-content\/uploads\/Galerias-common-area.jpg'><img loading=\"lazy\" decoding=\"async\" width=\"240\" height=\"140\" src=\"https:\/\/www.chile-reise.com\/wp-content\/uploads\/Galerias-common-area-240x140.jpg\" class=\"attachment-thumbnail size-thumbnail\" alt=\"Galerias common area\" \/><\/a>\r\n            <\/dt>\r\n                <dd class='gallery-caption'>\r\n                Galer\u00edas Common Area\r\n                <\/dd><\/dl><br style=\"clear: both\" \/><dl class='gallery-item'>\r\n            <dt class='gallery-icon'>\r\n                <a href='https:\/\/www.chile-reise.com\/wp-content\/uploads\/Galer\u00edas-Bar.jpg'><img loading=\"lazy\" decoding=\"async\" width=\"240\" height=\"140\" src=\"https:\/\/www.chile-reise.com\/wp-content\/uploads\/Galer\u00edas-Bar-240x140.jpg\" class=\"attachment-thumbnail size-thumbnail\" alt=\"Galer\u00edas Bar\" \/><\/a>\r\n            <\/dt>\r\n                <dd class='gallery-caption'>\r\n                Galer\u00edas Bar\r\n                <\/dd><\/dl><dl class='gallery-item'>\r\n            <dt class='gallery-icon'>\r\n                <a href='https:\/\/www.chile-reise.com\/wp-content\/uploads\/Galerias_Double.jpg'><img loading=\"lazy\" decoding=\"async\" width=\"240\" height=\"140\" src=\"https:\/\/www.chile-reise.com\/wp-content\/uploads\/Galerias_Double-240x140.jpg\" class=\"attachment-thumbnail size-thumbnail\" alt=\"Galerias Double\" \/><\/a>\r\n            <\/dt>\r\n                <dd class='gallery-caption'>\r\n                Galer\u00edas Double Room\r\n                <\/dd><\/dl><dl class='gallery-item'>\r\n            <dt class='gallery-icon'>\r\n                <a href='https:\/\/www.chile-reise.com\/wp-content\/uploads\/Galerias-Pool.jpg'><img loading=\"lazy\" decoding=\"async\" width=\"240\" height=\"140\" src=\"https:\/\/www.chile-reise.com\/wp-content\/uploads\/Galerias-Pool-240x140.jpg\" class=\"attachment-thumbnail size-thumbnail\" alt=\"Galerias Pool\" \/><\/a>\r\n            <\/dt><\/dl><br style=\"clear: both\" \/>\r\n            <br style='clear: both;' \/>\r\n        <\/div>\n\n<div class=\"clear\"><\/div><div class=\"divider\"><\/div>\nThe modern Galer\u00edas Hotel lies in the heart of Santiago: close to the seat of parliament and just a few steps from the number 1 metro line, the most important shopping streets, and the city\u2019s museums. The hotel d\u00e9cor represents an interesting overview of Chilean culture and history, while the rooms have generous proportions, and are both comfortable and practical; all windows are double glazed. The roof terrace has an attractive swimming pool, and the Vichuquen hotel restaurant is renowned for its high standards throughout Santiago. <\/p>\n<p><strong>Rooms:<\/strong> 162<br \/>\n<strong>Facilities:<\/strong> Central heating, telephone, hairdryer, room safe, cable TV, air-conditioning, minibar, restaurant, bar,  double glazing, terrace, swimming pool, relaxation centre, conference rooms, business-centre, laundry service<br \/>\n<strong>Internet:<\/strong> Wi-Fi<br \/>\n<em>Awarded with \u201cSello S\u201d, the Chilean sustainability seal.<\/em>","protected":false},"excerpt":{"rendered":"<p>The modern Galer\u00edas Hotel lies in the heart of Santiago: close to the seat of parliament and just a few steps from the number 1 metro line, the most important shopping streets, and the city\u2019s museums. The hotel d\u00e9cor represents &#8230;<\/p>\n","protected":false},"author":16,"featured_media":0,"parent":210,"menu_order":0,"comment_status":"open","ping_status":"open","template":"","meta":{"slim_seo":{"title":"Hotel Galer\u00edas **** - travelArt","description":"[:de] Hotel Galer\u00edas Galer\u00edas Twin Room Galer\u00edas Common Area Galer\u00edas Bar Galer\u00edas Double Room Das moderne Hotel Galer\u00edas liegt im Herzen Santiagos, unweit des"},"footnotes":""},"class_list":["post-340","page","type-page","status-publish","hentry"],"_links":{"self":[{"href":"https:\/\/www.chile-reise.com\/en\/wp-json\/wp\/v2\/pages\/340","targetHints":{"allow":["GET"]}}],"collection":[{"href":"https:\/\/www.chile-reise.com\/en\/wp-json\/wp\/v2\/pages"}],"about":[{"href":"https:\/\/www.chile-reise.com\/en\/wp-json\/wp\/v2\/types\/page"}],"author":[{"embeddable":true,"href":"https:\/\/www.chile-reise.com\/en\/wp-json\/wp\/v2\/users\/16"}],"replies":[{"embeddable":true,"href":"https:\/\/www.chile-reise.com\/en\/wp-json\/wp\/v2\/comments?post=340"}],"version-history":[{"count":0,"href":"https:\/\/www.chile-reise.com\/en\/wp-json\/wp\/v2\/pages\/340\/revisions"}],"up":[{"embeddable":true,"href":"https:\/\/www.chile-reise.com\/en\/wp-json\/wp\/v2\/pages\/210"}],"wp:attachment":[{"href":"https:\/\/www.chile-reise.com\/en\/wp-json\/wp\/v2\/media?parent=340"}],"curies":[{"name":"wp","href":"https:\/\/api.w.org\/{rel}","templated":true}]}}