{"id":293,"date":"2013-07-03T20:55:37","date_gmt":"2013-07-03T18:55:37","guid":{"rendered":"http:\/\/www.chile-reise.com\/wordpress\/?page_id=293"},"modified":"2013-10-18T18:05:06","modified_gmt":"2013-10-18T16:05:06","slug":"radisson-acqua-concon","status":"publish","type":"page","link":"https:\/\/www.chile-reise.com\/en\/hotels\/santiago-zentralchile-und-pazifikkueste\/radisson-acqua-concon\/","title":{"rendered":"Radisson Acqua Concon ****"},"content":{"rendered":"<p>\r\n        <style type='text\/css'>\r\n            #gallery-2 {\r\n                margin: auto;\r\n            }\r\n            #gallery-2 .gallery-item {\r\n                float: left;\r\n                margin-top: 10px;\r\n                text-align: center;\r\n                width: 33%;           }\r\n            #gallery-2 img {\r\n                border: 2px solid #cfcfcf;\r\n            }\r\n            #gallery-2 .gallery-caption {\r\n                margin-left: 0;\r\n            }\r\n        <\/style>\r\n        <!-- see gallery_shortcode() in wp-includes\/media.php -->\r\n        <div id='gallery-2' class='gallery-images gallery galleryid-293'><dl class='gallery-item'>\r\n            <dt class='gallery-icon'>\r\n                <a href='https:\/\/www.chile-reise.com\/wp-content\/uploads\/Radisson-Acqua.jpg'><img loading=\"lazy\" decoding=\"async\" width=\"240\" height=\"140\" src=\"https:\/\/www.chile-reise.com\/wp-content\/uploads\/Radisson-Acqua-240x140.jpg\" class=\"attachment-thumbnail size-thumbnail\" alt=\"Radisson Acqua\" srcset=\"https:\/\/www.chile-reise.com\/wp-content\/uploads\/Radisson-Acqua-240x140.jpg 240w, https:\/\/www.chile-reise.com\/wp-content\/uploads\/Radisson-Acqua-567x330.jpg 567w\" sizes=\"auto, (max-width: 240px) 100vw, 240px\" \/><\/a>\r\n            <\/dt>\r\n                <dd class='gallery-caption'>\r\n                Radisson Acqua Conc\u00f3n\r\n                <\/dd><\/dl><dl class='gallery-item'>\r\n            <dt class='gallery-icon'>\r\n                <a href='https:\/\/www.chile-reise.com\/wp-content\/uploads\/Radisson-Acqua-Room.jpg'><img loading=\"lazy\" decoding=\"async\" width=\"240\" height=\"140\" src=\"https:\/\/www.chile-reise.com\/wp-content\/uploads\/Radisson-Acqua-Room-240x140.jpg\" class=\"attachment-thumbnail size-thumbnail\" alt=\"Radisson Acqua Room\" \/><\/a>\r\n            <\/dt>\r\n                <dd class='gallery-caption'>\r\n                Radisson Acqua Conc\u00f3n Double Room\r\n                <\/dd><\/dl><dl class='gallery-item'>\r\n            <dt class='gallery-icon'>\r\n                <a href='https:\/\/www.chile-reise.com\/wp-content\/uploads\/Radisson-Acqua-Terrace.jpg'><img loading=\"lazy\" decoding=\"async\" width=\"240\" height=\"140\" src=\"https:\/\/www.chile-reise.com\/wp-content\/uploads\/Radisson-Acqua-Terrace-240x140.jpg\" class=\"attachment-thumbnail size-thumbnail\" alt=\"Radisson Acqua\" \/><\/a>\r\n            <\/dt>\r\n                <dd class='gallery-caption'>\r\n                Radisson Acqua Conc\u00f3n Terrace\r\n                <\/dd><\/dl><br style=\"clear: both\" \/><dl class='gallery-item'>\r\n            <dt class='gallery-icon'>\r\n                <a href='https:\/\/www.chile-reise.com\/wp-content\/uploads\/Radisson-Acqua-Bar.jpg'><img loading=\"lazy\" decoding=\"async\" width=\"240\" height=\"140\" src=\"https:\/\/www.chile-reise.com\/wp-content\/uploads\/Radisson-Acqua-Bar-240x140.jpg\" class=\"attachment-thumbnail size-thumbnail\" alt=\"Radisson Acqua Bar\" \/><\/a>\r\n            <\/dt>\r\n                <dd class='gallery-caption'>\r\n                Radisson Acqua Conc\u00f3n Bar\r\n                <\/dd><\/dl><dl class='gallery-item'>\r\n            <dt class='gallery-icon'>\r\n                <a href='https:\/\/www.chile-reise.com\/wp-content\/uploads\/Radisson-Acqua-Pool.jpg'><img loading=\"lazy\" decoding=\"async\" width=\"240\" height=\"140\" src=\"https:\/\/www.chile-reise.com\/wp-content\/uploads\/Radisson-Acqua-Pool-240x140.jpg\" class=\"attachment-thumbnail size-thumbnail\" alt=\"Radisson Acqua Pool\" \/><\/a>\r\n            <\/dt>\r\n                <dd class='gallery-caption'>\r\n                Radisson Acqua Conc\u00f3n Spa\r\n                <\/dd><\/dl><dl class='gallery-item'>\r\n            <dt class='gallery-icon'>\r\n                <a href='https:\/\/www.chile-reise.com\/wp-content\/uploads\/Radisson-Acqua-Restaurant.jpg'><img loading=\"lazy\" decoding=\"async\" width=\"240\" height=\"140\" src=\"https:\/\/www.chile-reise.com\/wp-content\/uploads\/Radisson-Acqua-Restaurant-240x140.jpg\" class=\"attachment-thumbnail size-thumbnail\" alt=\"Radisson Acqua Restaurant\" \/><\/a>\r\n            <\/dt>\r\n                <dd class='gallery-caption'>\r\n                Radisson Acqua Conc\u00f3n Restaurant\r\n                <\/dd><\/dl><br style=\"clear: both\" \/>\r\n            <br style='clear: both;' \/>\r\n        <\/div>\n\n<div class=\"clear\"><\/div><div class=\"divider\"><\/div>\n<p>The Radisson Hotel Acqua is located in Concon, an attractive seaside resort around 12km\/7mi north of Vi\u00f1a del Mar. Set on a rock above the ocean, the modern building enjoys plenty of sunlight through its large glass frontage, and the use of much wood and natural stone ensures a warm and welcoming ambience. Many rooms have balconies with ocean views, and are also bright and pleasant. A highlight of the hotel is the spa, which offers a broad selection of therapeutic and relaxation treatments to revive body and soul. Extensive terraces provide peaceful sunbathing options, away from the lively beaches nearby.<\/p>\n<p><strong>Rooms:<\/strong> 65<br \/>\n<strong>Facilities:<\/strong> Heating, cable TV, room safe, minibar, restaurant, bar,  conference rooms, terrace, swimmingpool, spa with heated saltwater pools, sauna, steam bath, massage rooms, Fango (hot mud) and Thalassic treatments, laundry service, parking lots<br \/>\n<strong>Internet:<\/strong> Wi-Fi<\/p>","protected":false},"excerpt":{"rendered":"<p>The Radisson Hotel Acqua is located in Concon, an attractive seaside resort around 12km\/7mi north of Vi\u00f1a del Mar. Set on a rock above the ocean, the modern building enjoys plenty of sunlight through its large glass frontage, and the &#8230;<\/p>\n","protected":false},"author":16,"featured_media":0,"parent":210,"menu_order":0,"comment_status":"open","ping_status":"open","template":"","meta":{"slim_seo":{"title":"Radisson Acqua Concon **** Radisson Acqua Concon **** - travelArt","description":"Radisson Acqua Conc\u00f3n Radisson Acqua Conc\u00f3n Double Room Radisson Acqua Conc\u00f3n Terrace Radisson Acqua Conc\u00f3n Bar Radisson Acqua Conc\u00f3n Spa Radisson Acqua Conc\u00f3n"},"footnotes":""},"class_list":["post-293","page","type-page","status-publish","hentry"],"_links":{"self":[{"href":"https:\/\/www.chile-reise.com\/en\/wp-json\/wp\/v2\/pages\/293","targetHints":{"allow":["GET"]}}],"collection":[{"href":"https:\/\/www.chile-reise.com\/en\/wp-json\/wp\/v2\/pages"}],"about":[{"href":"https:\/\/www.chile-reise.com\/en\/wp-json\/wp\/v2\/types\/page"}],"author":[{"embeddable":true,"href":"https:\/\/www.chile-reise.com\/en\/wp-json\/wp\/v2\/users\/16"}],"replies":[{"embeddable":true,"href":"https:\/\/www.chile-reise.com\/en\/wp-json\/wp\/v2\/comments?post=293"}],"version-history":[{"count":0,"href":"https:\/\/www.chile-reise.com\/en\/wp-json\/wp\/v2\/pages\/293\/revisions"}],"up":[{"embeddable":true,"href":"https:\/\/www.chile-reise.com\/en\/wp-json\/wp\/v2\/pages\/210"}],"wp:attachment":[{"href":"https:\/\/www.chile-reise.com\/en\/wp-json\/wp\/v2\/media?parent=293"}],"curies":[{"name":"wp","href":"https:\/\/api.w.org\/{rel}","templated":true}]}}