{"id":288,"date":"2013-07-03T20:53:00","date_gmt":"2013-07-03T18:53:00","guid":{"rendered":"http:\/\/www.chile-reise.com\/wordpress\/?page_id=288"},"modified":"2014-02-28T20:29:46","modified_gmt":"2014-02-28T18:29:46","slug":"hotel-del-mar","status":"publish","type":"page","link":"https:\/\/www.chile-reise.com\/en\/hotels\/santiago-zentralchile-und-pazifikkueste\/hotel-del-mar\/","title":{"rendered":"Hotel del Mar *****"},"content":{"rendered":"<p>\r\n        <style type='text\/css'>\r\n            #gallery-2 {\r\n                margin: auto;\r\n            }\r\n            #gallery-2 .gallery-item {\r\n                float: left;\r\n                margin-top: 10px;\r\n                text-align: center;\r\n                width: 33%;           }\r\n            #gallery-2 img {\r\n                border: 2px solid #cfcfcf;\r\n            }\r\n            #gallery-2 .gallery-caption {\r\n                margin-left: 0;\r\n            }\r\n        <\/style>\r\n        <!-- see gallery_shortcode() in wp-includes\/media.php -->\r\n        <div id='gallery-2' class='gallery-images gallery galleryid-288'><dl class='gallery-item'>\r\n            <dt class='gallery-icon'>\r\n                <a href='https:\/\/www.chile-reise.com\/wp-content\/uploads\/Hotel-del-Mar-fachada_klein.jpg'><img loading=\"lazy\" decoding=\"async\" width=\"240\" height=\"140\" src=\"https:\/\/www.chile-reise.com\/wp-content\/uploads\/Hotel-del-Mar-fachada_klein-240x140.jpg\" class=\"attachment-thumbnail size-thumbnail\" alt=\"Hotel del Mar fachada klein\" \/><\/a>\r\n            <\/dt>\r\n                <dd class='gallery-caption'>\r\n                Hotel del Mar\r\n                <\/dd><\/dl><dl class='gallery-item'>\r\n            <dt class='gallery-icon'>\r\n                <a href='https:\/\/www.chile-reise.com\/wp-content\/uploads\/Hotel-del-Mar-habitacion_sehr-klein.jpg'><img loading=\"lazy\" decoding=\"async\" width=\"240\" height=\"140\" src=\"https:\/\/www.chile-reise.com\/wp-content\/uploads\/Hotel-del-Mar-habitacion_sehr-klein-240x140.jpg\" class=\"attachment-thumbnail size-thumbnail\" alt=\"Hotel del Mar habitacion sehr klein\" \/><\/a>\r\n            <\/dt>\r\n                <dd class='gallery-caption'>\r\n                Hotel del Mar Room\r\n                <\/dd><\/dl>\r\n            <br style='clear: both;' \/>\r\n        <\/div>\n<div class=\"clear\"><\/div><div class=\"divider\"><\/div>\n<p>The exclusive Hotel del Mar is part of Vi\u00f1a del Mar\u2019s casino and housed in the same elegant, pristine white building surrounded by a beautiful garden, right by the sea. All rooms and suites are spacious and have either a balcony or terrace, and most also have magnificent views across the ocean.The hotel spa area offers relaxation and a wonderful backdrop of sea views.The restaurant is a good place to watch the sun set and end the day listening to live music.<\/p>\n<p><strong>Rooms:<\/strong> 60<br \/>\n<strong>Facilities:<\/strong> Heating, telephone, room safe, cable TV, air-conditioning, minibar, restaurant, cafeteria, shoe cleaning service, , childcare facilities, terrace, swimmingpool, whirl pool, massage room, laundry service, parking lots<br \/>\n<strong>Internet:<\/strong> Wi-Fi<\/p>","protected":false},"excerpt":{"rendered":"<p>The exclusive Hotel del Mar is part of Vi\u00f1a del Mar\u2019s casino and housed in the same elegant, pristine white building surrounded by a beautiful garden, right by the sea. All rooms and suites are spacious and have either a &#8230;<\/p>\n","protected":false},"author":16,"featured_media":0,"parent":210,"menu_order":0,"comment_status":"open","ping_status":"open","template":"","meta":{"slim_seo":{"title":"Hotel del Mar ***** Hotel del Mar ***** - travelArt","description":"Hotel del Mar Hotel del Mar Room Das exklusive Hotel del Mar geh\u00f6rt zum Casino von Vi\u00f1a del Mar und befindet sich in demselben eleganten, bl\u00fctenwei\u00dfen Geb\u00e4udeko"},"footnotes":""},"class_list":["post-288","page","type-page","status-publish","hentry"],"_links":{"self":[{"href":"https:\/\/www.chile-reise.com\/en\/wp-json\/wp\/v2\/pages\/288","targetHints":{"allow":["GET"]}}],"collection":[{"href":"https:\/\/www.chile-reise.com\/en\/wp-json\/wp\/v2\/pages"}],"about":[{"href":"https:\/\/www.chile-reise.com\/en\/wp-json\/wp\/v2\/types\/page"}],"author":[{"embeddable":true,"href":"https:\/\/www.chile-reise.com\/en\/wp-json\/wp\/v2\/users\/16"}],"replies":[{"embeddable":true,"href":"https:\/\/www.chile-reise.com\/en\/wp-json\/wp\/v2\/comments?post=288"}],"version-history":[{"count":0,"href":"https:\/\/www.chile-reise.com\/en\/wp-json\/wp\/v2\/pages\/288\/revisions"}],"up":[{"embeddable":true,"href":"https:\/\/www.chile-reise.com\/en\/wp-json\/wp\/v2\/pages\/210"}],"wp:attachment":[{"href":"https:\/\/www.chile-reise.com\/en\/wp-json\/wp\/v2\/media?parent=288"}],"curies":[{"name":"wp","href":"https:\/\/api.w.org\/{rel}","templated":true}]}}