{"id":2461,"date":"2013-08-30T00:42:55","date_gmt":"2013-08-29T22:42:55","guid":{"rendered":"http:\/\/www.chile-reise.com\/wordpress\/?page_id=2461"},"modified":"2014-06-12T21:57:56","modified_gmt":"2014-06-12T19:57:56","slug":"idylle-am-reloncavi-fjord","status":"publish","type":"page","link":"https:\/\/www.chile-reise.com\/en\/packages-daytrips\/seengebiet\/idylle-am-reloncavi-fjord\/","title":{"rendered":"Idyll by the Reloncav\u00ed Fjord"},"content":{"rendered":"<p>\r\n        <style type='text\/css'>\r\n            #gallery-2 {\r\n                margin: auto;\r\n            }\r\n            #gallery-2 .gallery-item {\r\n                float: left;\r\n                margin-top: 10px;\r\n                text-align: center;\r\n                width: 33%;           }\r\n            #gallery-2 img {\r\n                border: 2px solid #cfcfcf;\r\n            }\r\n            #gallery-2 .gallery-caption {\r\n                margin-left: 0;\r\n            }\r\n        <\/style>\r\n        <!-- see gallery_shortcode() in wp-includes\/media.php -->\r\n        <div id='gallery-2' class='gallery-images gallery galleryid-2461'><dl class='gallery-item'>\r\n            <dt class='gallery-icon'>\r\n                <a href='https:\/\/www.chile-reise.com\/wp-content\/uploads\/Estuario-del-Reloncavi4.jpg'><img loading=\"lazy\" decoding=\"async\" width=\"240\" height=\"140\" src=\"https:\/\/www.chile-reise.com\/wp-content\/uploads\/Estuario-del-Reloncavi4-240x140.jpg\" class=\"attachment-thumbnail size-thumbnail\" alt=\"Estuario del Reloncavi4\" \/><\/a>\r\n            <\/dt>\r\n                <dd class='gallery-caption'>\r\n                Reloncav\u00ed Sound\r\n                <\/dd><\/dl><dl class='gallery-item'>\r\n            <dt class='gallery-icon'>\r\n                <a href='https:\/\/www.chile-reise.com\/wp-content\/uploads\/Estuario-del-Reloncavi5.jpg'><img loading=\"lazy\" decoding=\"async\" width=\"240\" height=\"140\" src=\"https:\/\/www.chile-reise.com\/wp-content\/uploads\/Estuario-del-Reloncavi5-240x140.jpg\" class=\"attachment-thumbnail size-thumbnail\" alt=\"Estuario del Reloncavi5\" srcset=\"https:\/\/www.chile-reise.com\/wp-content\/uploads\/Estuario-del-Reloncavi5-240x140.jpg 240w, https:\/\/www.chile-reise.com\/wp-content\/uploads\/Estuario-del-Reloncavi5-562x330.jpg 562w, https:\/\/www.chile-reise.com\/wp-content\/uploads\/Estuario-del-Reloncavi5.jpg 580w\" sizes=\"auto, (max-width: 240px) 100vw, 240px\" \/><\/a>\r\n            <\/dt>\r\n                <dd class='gallery-caption'>\r\n                Reloncav\u00ed Sound\r\n                <\/dd><\/dl><dl class='gallery-item'>\r\n            <dt class='gallery-icon'>\r\n                <a href='https:\/\/www.chile-reise.com\/wp-content\/uploads\/Estuario-del-Reloncavi6.jpg'><img loading=\"lazy\" decoding=\"async\" width=\"240\" height=\"140\" src=\"https:\/\/www.chile-reise.com\/wp-content\/uploads\/Estuario-del-Reloncavi6-240x140.jpg\" class=\"attachment-thumbnail size-thumbnail\" alt=\"Estuario del Reloncavi6\" srcset=\"https:\/\/www.chile-reise.com\/wp-content\/uploads\/Estuario-del-Reloncavi6-240x140.jpg 240w, https:\/\/www.chile-reise.com\/wp-content\/uploads\/Estuario-del-Reloncavi6-562x330.jpg 562w, https:\/\/www.chile-reise.com\/wp-content\/uploads\/Estuario-del-Reloncavi6.jpg 580w\" sizes=\"auto, (max-width: 240px) 100vw, 240px\" \/><\/a>\r\n            <\/dt>\r\n                <dd class='gallery-caption'>\r\n                Reloncav\u00ed Sound\r\n                <\/dd><\/dl><br style=\"clear: both\" \/>\r\n            <br style='clear: both;' \/>\r\n        <\/div>\n<div class=\"clear\"><\/div><div class=\"divider\"><\/div>\n<p><strong>Travel Type:<\/strong> Culture \/ Nature<br \/>\n<strong>Duration:<\/strong> 1 Day<\/p>\n\n\t<script type=\"text\/javascript\">\tjQuery(document).ready(function($){\tjQuery(\"ul.tabs-nav\").tabs(\"> .pane\"); }); <\/script>\n\n\t\t<div class=\"post-tabs\">\n\t\t\n<ul class=\"tabs-nav\">\n<li>Tour Description<\/li>\n<\/ul>\n\n\t\t<div class=\"pane\">\n\t\t\nYou will start off the day driving along the southern shore of Lake Llanquihue, as far as the small settlement of Ensenada. From there, the journey  continues along an idyllic road with panoramic views heading south, towards the Reloncavi fjord. En route, you will see many small wood houses dotting the green landscape like splashes of colour. Cows graze along the flat shoreline of the fjord, while birds circle in the sky: truly a picture book setting. The destination of this journey is the village of Cocham\u00f3, whose small wooden church built of alerce, is an additional jewel in the fjord landscape. Here, time seems to stand still, life has a gentle pace and horses are still a common means of transport.In the late afternoon you will return to Puerto Varas<br \/>\n\n\t\t<\/div>\n\t\n\n\t\t<\/div>\n\t\n<\/p>","protected":false},"excerpt":{"rendered":"<p>Travel Type: Culture \/ Nature Duration: 1 Day<\/p>\n","protected":false},"author":3,"featured_media":0,"parent":101,"menu_order":0,"comment_status":"open","ping_status":"open","template":"","meta":{"slim_seo":{"title":"Idylle am Reloncav\u00ed-Fjord Idyll by the Reloncav\u00ed Fjord - travelArt","description":"Reloncav\u00ed Sound Reloncav\u00ed Sound Reloncav\u00ed Sound Art der Reise: Kultur \/ Natur Dauer: 1 Tag Tourverlauf Sie fahren entlang des s\u00fcdlichen Ufers des Llanquihue-See"},"footnotes":""},"class_list":["post-2461","page","type-page","status-publish","hentry"],"_links":{"self":[{"href":"https:\/\/www.chile-reise.com\/en\/wp-json\/wp\/v2\/pages\/2461","targetHints":{"allow":["GET"]}}],"collection":[{"href":"https:\/\/www.chile-reise.com\/en\/wp-json\/wp\/v2\/pages"}],"about":[{"href":"https:\/\/www.chile-reise.com\/en\/wp-json\/wp\/v2\/types\/page"}],"author":[{"embeddable":true,"href":"https:\/\/www.chile-reise.com\/en\/wp-json\/wp\/v2\/users\/3"}],"replies":[{"embeddable":true,"href":"https:\/\/www.chile-reise.com\/en\/wp-json\/wp\/v2\/comments?post=2461"}],"version-history":[{"count":0,"href":"https:\/\/www.chile-reise.com\/en\/wp-json\/wp\/v2\/pages\/2461\/revisions"}],"up":[{"embeddable":true,"href":"https:\/\/www.chile-reise.com\/en\/wp-json\/wp\/v2\/pages\/101"}],"wp:attachment":[{"href":"https:\/\/www.chile-reise.com\/en\/wp-json\/wp\/v2\/media?parent=2461"}],"curies":[{"name":"wp","href":"https:\/\/api.w.org\/{rel}","templated":true}]}}