{"id":2453,"date":"2013-08-30T00:20:34","date_gmt":"2013-08-29T22:20:34","guid":{"rendered":"http:\/\/www.chile-reise.com\/wordpress\/?page_id=2453"},"modified":"2014-03-14T21:35:10","modified_gmt":"2014-03-14T19:35:10","slug":"saltos-de-petrohue-und-vulkan-osorno","status":"publish","type":"page","link":"https:\/\/www.chile-reise.com\/en\/packages-daytrips\/seengebiet\/saltos-de-petrohue-und-vulkan-osorno\/","title":{"rendered":"Saltos de Petrohue and the Osorno Volcano"},"content":{"rendered":"<p>\r\n        <style type='text\/css'>\r\n            #gallery-2 {\r\n                margin: auto;\r\n            }\r\n            #gallery-2 .gallery-item {\r\n                float: left;\r\n                margin-top: 10px;\r\n                text-align: center;\r\n                width: 33%;           }\r\n            #gallery-2 img {\r\n                border: 2px solid #cfcfcf;\r\n            }\r\n            #gallery-2 .gallery-caption {\r\n                margin-left: 0;\r\n            }\r\n        <\/style>\r\n        <!-- see gallery_shortcode() in wp-includes\/media.php -->\r\n        <div id='gallery-2' class='gallery-images gallery galleryid-2453'><dl class='gallery-item'>\r\n            <dt class='gallery-icon'>\r\n                <a href='https:\/\/www.chile-reise.com\/wp-content\/uploads\/Saltos-de-Petrohue-with-Osorno-Volcanoe_klein.jpg'><img loading=\"lazy\" decoding=\"async\" width=\"240\" height=\"140\" src=\"https:\/\/www.chile-reise.com\/wp-content\/uploads\/Saltos-de-Petrohue-with-Osorno-Volcanoe_klein-240x140.jpg\" class=\"attachment-thumbnail size-thumbnail\" alt=\"Saltos de Petrohue with Osorno Volcanoe klein\" \/><\/a>\r\n            <\/dt>\r\n                <dd class='gallery-caption'>\r\n                Volcano Osorno\r\n                <\/dd><\/dl><dl class='gallery-item'>\r\n            <dt class='gallery-icon'>\r\n                <a href='https:\/\/www.chile-reise.com\/wp-content\/uploads\/Saltos-de-Petrohue_Calbuco_klein.jpg'><img loading=\"lazy\" decoding=\"async\" width=\"240\" height=\"140\" src=\"https:\/\/www.chile-reise.com\/wp-content\/uploads\/Saltos-de-Petrohue_Calbuco_klein-240x140.jpg\" class=\"attachment-thumbnail size-thumbnail\" alt=\"Saltos de Petrohue Calbuco klein\" \/><\/a>\r\n            <\/dt>\r\n                <dd class='gallery-caption'>\r\n                Saltos de Petrohue\r\n                <\/dd><\/dl>\r\n            <br style='clear: both;' \/>\r\n        <\/div>\n<div class=\"clear\"><\/div><div class=\"divider\"><\/div>\n<p><strong>Travel Type:<\/strong> Nature<br \/>\n<strong>Duration:<\/strong> 1 Day<\/p>\n\n\t<script type=\"text\/javascript\">\tjQuery(document).ready(function($){\tjQuery(\"ul.tabs-nav\").tabs(\"> .pane\"); }); <\/script>\n\n\t\t<div class=\"post-tabs\">\n\t\t\n<ul class=\"tabs-nav\">\n<li>Tour Description<\/li>\n<\/ul>\n\n\t\t<div class=\"pane\">\n\t\t\nDeparture for this full day tour into the wonderful region surrounding Puerto Varas is after breakfast, and wonderful views towards the Osorno and Calbuco volcanoes can already be enjoyed during the drive along Lake Llanquihue. First stop of the day is by the wild \u2018Saltos de Petrohue\u2019, a collection of rapids and waterfalls that dance over the impressive formations of lava rocks from the surrounding volcanoes. It is the waters of the Petrohue River itself that have eroded and shaped these rocks over a period of thousands of years.<br \/>\nThe journey continues with a drive up the Osorno volcano (2,660m\/8,727ft). The road ends at an elevation of 1,200m\/3940ft, by a mountain cabin, where the unforgettable views range from the mighty towering heights of the Osorno volcano and the neighbouring volcanoes of Calbuco, Antillanca, Tronador, to the profoundly blue Llanquihue Lake. A hike across the volcano\u2019s immense lava fields is made, and the panoramic views improve with every foot of elevation gained. By good weather, you can also enjoy the landscape during a ride by chairlift (optional). The return journey to Puerto Varas is in the afternoon.<br \/>\n\n\t\t<\/div>\n\t\n\n\t\t<\/div>\n\t\n<\/p>","protected":false},"excerpt":{"rendered":"<p>Travel Type: Nature Duration: 1 Day<\/p>\n","protected":false},"author":3,"featured_media":0,"parent":101,"menu_order":0,"comment_status":"open","ping_status":"open","template":"","meta":{"slim_seo":{"title":"Saltos de Petrohue und Vulkan Osorno Saltos de Petrohue and the Osorno Volcano - travelArt","description":"Volcano Osorno Saltos de Petrohue Art der Reise: Natur Dauer: 1 Tag Tourverlauf Nach dem Fr\u00fchst\u00fcck brechen Sie zu einem ganzt\u00e4gigen Ausflug in die wundersch\u00f6ne"},"footnotes":""},"class_list":["post-2453","page","type-page","status-publish","hentry"],"_links":{"self":[{"href":"https:\/\/www.chile-reise.com\/en\/wp-json\/wp\/v2\/pages\/2453","targetHints":{"allow":["GET"]}}],"collection":[{"href":"https:\/\/www.chile-reise.com\/en\/wp-json\/wp\/v2\/pages"}],"about":[{"href":"https:\/\/www.chile-reise.com\/en\/wp-json\/wp\/v2\/types\/page"}],"author":[{"embeddable":true,"href":"https:\/\/www.chile-reise.com\/en\/wp-json\/wp\/v2\/users\/3"}],"replies":[{"embeddable":true,"href":"https:\/\/www.chile-reise.com\/en\/wp-json\/wp\/v2\/comments?post=2453"}],"version-history":[{"count":0,"href":"https:\/\/www.chile-reise.com\/en\/wp-json\/wp\/v2\/pages\/2453\/revisions"}],"up":[{"embeddable":true,"href":"https:\/\/www.chile-reise.com\/en\/wp-json\/wp\/v2\/pages\/101"}],"wp:attachment":[{"href":"https:\/\/www.chile-reise.com\/en\/wp-json\/wp\/v2\/media?parent=2453"}],"curies":[{"name":"wp","href":"https:\/\/api.w.org\/{rel}","templated":true}]}}