{"id":2444,"date":"2013-08-30T00:00:11","date_gmt":"2013-08-29T22:00:11","guid":{"rendered":"http:\/\/www.chile-reise.com\/wordpress\/?page_id=2444"},"modified":"2014-06-16T17:00:07","modified_gmt":"2014-06-16T15:00:07","slug":"seekayak-im-reloncavi-fjord","status":"publish","type":"page","link":"https:\/\/www.chile-reise.com\/en\/packages-daytrips\/seengebiet\/seekayak-im-reloncavi-fjord\/","title":{"rendered":"See Kayak Tour at the Reloncav\u00ed Fjord"},"content":{"rendered":"<p>\r\n        <style type='text\/css'>\r\n            #gallery-2 {\r\n                margin: auto;\r\n            }\r\n            #gallery-2 .gallery-item {\r\n                float: left;\r\n                margin-top: 10px;\r\n                text-align: center;\r\n                width: 33%;           }\r\n            #gallery-2 img {\r\n                border: 2px solid #cfcfcf;\r\n            }\r\n            #gallery-2 .gallery-caption {\r\n                margin-left: 0;\r\n            }\r\n        <\/style>\r\n        <!-- see gallery_shortcode() in wp-includes\/media.php -->\r\n        <div id='gallery-2' class='gallery-images gallery galleryid-2444'><dl class='gallery-item'>\r\n            <dt class='gallery-icon'>\r\n                <a href='https:\/\/www.chile-reise.com\/wp-content\/uploads\/69217_10200843367312908_1440207969_n.jpg'><img loading=\"lazy\" decoding=\"async\" width=\"240\" height=\"140\" src=\"https:\/\/www.chile-reise.com\/wp-content\/uploads\/69217_10200843367312908_1440207969_n-240x140.jpg\" class=\"attachment-thumbnail size-thumbnail\" alt=\"69217 10200843367312908 1440207969 n\" \/><\/a>\r\n            <\/dt>\r\n                <dd class='gallery-caption'>\r\n                Reloncav\u00ed-Fjord\r\n                <\/dd><\/dl><dl class='gallery-item'>\r\n            <dt class='gallery-icon'>\r\n                <a href='https:\/\/www.chile-reise.com\/wp-content\/uploads\/430014_4732396714285_623612640_n.jpg'><img loading=\"lazy\" decoding=\"async\" width=\"240\" height=\"140\" src=\"https:\/\/www.chile-reise.com\/wp-content\/uploads\/430014_4732396714285_623612640_n-240x140.jpg\" class=\"attachment-thumbnail size-thumbnail\" alt=\"430014 4732396714285 623612640 n\" \/><\/a>\r\n            <\/dt>\r\n                <dd class='gallery-caption'>\r\n                Reloncav\u00ed-Fjord\r\n                <\/dd><\/dl>\r\n            <br style='clear: both;' \/>\r\n        <\/div>\n<div class=\"clear\"><\/div><div class=\"divider\"><\/div>\n<p><strong>Travel Type:<\/strong> Active<br \/>\n<strong>Duration:<\/strong> 1 Day<\/p>\n\n\t<script type=\"text\/javascript\">\tjQuery(document).ready(function($){\tjQuery(\"ul.tabs-nav\").tabs(\"> .pane\"); }); <\/script>\n\n\t\t<div class=\"post-tabs\">\n\t\t\n<ul class=\"tabs-nav\">\n<li>Tour Description<\/li>\n<li>Gear<\/li>\n<\/ul>\n\n\t\t<div class=\"pane\">\n\t\t\nThe day begins with a drive from your hotel in Puerto Varas to the Ko\u2019Kayak headquarters in Ensenada, where you will receive your equipment for the day. Afterwards, you will board your kayak on the R\u00edo Petrohu\u00e9 and paddle downstream with the current. On all sides, you\u2019ll observe an unblemished countryside and snow-capped volcanoes, and with a little bit of luck you\u2019ll spot salmon, cormorants, and kingfishers. Upon reaching Reloncavi Fjord, you will replenish your energy with a picnic lunch on the beach, then start out on your wonderful outing down the fjord. As you paddle, you may see Chilean dolphins, sea lions and many different bird species; but regardless of the wildlife you encounter, the trip through the dramatic fjord is sure to be one you\u2019ll remember. From your ending-point at the village of Cocham\u00f3 you will be taken back to Puerto Varas.<br \/>\n\n\t\t<\/div>\n\t\n\n\t\t<div class=\"pane\">\n\t\t\nKayak gear is provided.<br \/>\nWe recommend to bring swimwear.<br \/>\n\n\t\t<\/div>\n\t\n\n\t\t<\/div>\n\t\n<p><\/p>","protected":false},"excerpt":{"rendered":"<p>Travel Type: Active Duration: 1 Day<\/p>\n","protected":false},"author":3,"featured_media":0,"parent":101,"menu_order":0,"comment_status":"open","ping_status":"open","template":"","meta":{"slim_seo":{"title":"Seekayak im Reloncav\u00ed-Fjord See Kayak Tour at the Reloncav\u00ed Fjord - travelArt","description":"Reloncav\u00ed-Fjord Reloncav\u00ed-Fjord Art der Reise: Aktiv Dauer: 1 Tag Tourverlauf Ausr\u00fcstung Sie werden morgens in Ihrem Hotel in Puerto Varas abgeholt und fahren z"},"footnotes":""},"class_list":["post-2444","page","type-page","status-publish","hentry"],"_links":{"self":[{"href":"https:\/\/www.chile-reise.com\/en\/wp-json\/wp\/v2\/pages\/2444","targetHints":{"allow":["GET"]}}],"collection":[{"href":"https:\/\/www.chile-reise.com\/en\/wp-json\/wp\/v2\/pages"}],"about":[{"href":"https:\/\/www.chile-reise.com\/en\/wp-json\/wp\/v2\/types\/page"}],"author":[{"embeddable":true,"href":"https:\/\/www.chile-reise.com\/en\/wp-json\/wp\/v2\/users\/3"}],"replies":[{"embeddable":true,"href":"https:\/\/www.chile-reise.com\/en\/wp-json\/wp\/v2\/comments?post=2444"}],"version-history":[{"count":0,"href":"https:\/\/www.chile-reise.com\/en\/wp-json\/wp\/v2\/pages\/2444\/revisions"}],"up":[{"embeddable":true,"href":"https:\/\/www.chile-reise.com\/en\/wp-json\/wp\/v2\/pages\/101"}],"wp:attachment":[{"href":"https:\/\/www.chile-reise.com\/en\/wp-json\/wp\/v2\/media?parent=2444"}],"curies":[{"name":"wp","href":"https:\/\/api.w.org\/{rel}","templated":true}]}}