{"id":2437,"date":"2013-08-29T23:50:23","date_gmt":"2013-08-29T21:50:23","guid":{"rendered":"http:\/\/www.chile-reise.com\/wordpress\/?page_id=2437"},"modified":"2014-03-14T21:46:09","modified_gmt":"2014-03-14T19:46:09","slug":"rafting-rio-trancura","status":"publish","type":"page","link":"https:\/\/www.chile-reise.com\/en\/packages-daytrips\/seengebiet\/rafting-rio-trancura\/","title":{"rendered":"Rafting Rio Trancura"},"content":{"rendered":"<p>\r\n        <style type='text\/css'>\r\n            #gallery-2 {\r\n                margin: auto;\r\n            }\r\n            #gallery-2 .gallery-item {\r\n                float: left;\r\n                margin-top: 10px;\r\n                text-align: center;\r\n                width: 33%;           }\r\n            #gallery-2 img {\r\n                border: 2px solid #cfcfcf;\r\n            }\r\n            #gallery-2 .gallery-caption {\r\n                margin-left: 0;\r\n            }\r\n        <\/style>\r\n        <!-- see gallery_shortcode() in wp-includes\/media.php -->\r\n        <div id='gallery-2' class='gallery-images gallery galleryid-2437'><dl class='gallery-item'>\r\n            <dt class='gallery-icon'>\r\n                <a href='https:\/\/www.chile-reise.com\/wp-content\/uploads\/Rafting-Rio-Trancura-1_klein.jpg'><img loading=\"lazy\" decoding=\"async\" width=\"240\" height=\"140\" src=\"https:\/\/www.chile-reise.com\/wp-content\/uploads\/Rafting-Rio-Trancura-1_klein-240x140.jpg\" class=\"attachment-thumbnail size-thumbnail\" alt=\"Rafting Rio Trancura 1 klein\" \/><\/a>\r\n            <\/dt>\r\n                <dd class='gallery-caption'>\r\n                Rafting Rio Trancura\r\n                <\/dd><\/dl>\r\n            <br style='clear: both;' \/>\r\n        <\/div>\n<div class=\"clear\"><\/div><div class=\"divider\"><\/div>\n<p><strong>Travel Type:<\/strong> Active<br \/>\n<strong>Duration:<\/strong> 1 Day<\/p>\n\n\t<script type=\"text\/javascript\">\tjQuery(document).ready(function($){\tjQuery(\"ul.tabs-nav\").tabs(\"> .pane\"); }); <\/script>\n\n\t\t<div class=\"post-tabs\">\n\t\t\n<ul class=\"tabs-nav\">\n<li>Tour Description<\/li>\n<li>Gear<\/li>\n<li>Notes<\/li>\n<\/ul>\n\n\t\t<div class=\"pane\">\n\t\t\nRafting on the Rio Trancura is an opportunity for fun and adventure in a beautiful natural landscape without significant risk. The starting point is around 15km\/9mi from Puc\u00f3n. On arrival, you are handed your equipment, which includes a wetsuit, windbreaker, life vest, helmet and paddle. Once guidance on rafting technique and safety measures has been provided, you are off on a wild trip down the river, through rapids up to class 3. After about one-and-a-half hours of adventure, your end point is reached, from where you are returned to Puc\u00f3n.<br \/>\n\n\t\t<\/div>\n\t\n\n\t\t<div class=\"pane\">\n\t\t\nRafting gear is provided.<br \/>\nWe recommend to bring swimwear.<br \/>\n\n\t\t<\/div>\n\t\n\n\t\t<div class=\"pane\">\n\t\t\nPrevious experience is not necessary. Rafting guides and a safety boat are included in every tour.<br \/>\n\n\t\t<\/div>\n\t\n\n\t\t<\/div>\n\t<\/p>","protected":false},"excerpt":{"rendered":"<p>Travel Type: Active Duration: 1 Day<\/p>\n","protected":false},"author":3,"featured_media":0,"parent":101,"menu_order":0,"comment_status":"open","ping_status":"open","template":"","meta":{"slim_seo":{"title":"Rafting Rio Trancura Rafting Rio Trancura - travelArt","description":"Rafting Rio Trancura Art der Reise: Aktiv Dauer: 1 Tag Tourverlauf Ausr\u00fcstung Anmerkungen Rafting auf dem Fluss Trancura ist Abenteuer und Spa\u00df in wundersch\u00f6ner"},"footnotes":""},"class_list":["post-2437","page","type-page","status-publish","hentry"],"_links":{"self":[{"href":"https:\/\/www.chile-reise.com\/en\/wp-json\/wp\/v2\/pages\/2437","targetHints":{"allow":["GET"]}}],"collection":[{"href":"https:\/\/www.chile-reise.com\/en\/wp-json\/wp\/v2\/pages"}],"about":[{"href":"https:\/\/www.chile-reise.com\/en\/wp-json\/wp\/v2\/types\/page"}],"author":[{"embeddable":true,"href":"https:\/\/www.chile-reise.com\/en\/wp-json\/wp\/v2\/users\/3"}],"replies":[{"embeddable":true,"href":"https:\/\/www.chile-reise.com\/en\/wp-json\/wp\/v2\/comments?post=2437"}],"version-history":[{"count":0,"href":"https:\/\/www.chile-reise.com\/en\/wp-json\/wp\/v2\/pages\/2437\/revisions"}],"up":[{"embeddable":true,"href":"https:\/\/www.chile-reise.com\/en\/wp-json\/wp\/v2\/pages\/101"}],"wp:attachment":[{"href":"https:\/\/www.chile-reise.com\/en\/wp-json\/wp\/v2\/media?parent=2437"}],"curies":[{"name":"wp","href":"https:\/\/api.w.org\/{rel}","templated":true}]}}