{"id":240,"date":"2013-07-02T23:31:24","date_gmt":"2013-07-02T21:31:24","guid":{"rendered":"http:\/\/www.chile-reise.com\/wordpress\/?page_id=240"},"modified":"2015-04-09T21:58:37","modified_gmt":"2015-04-09T19:58:37","slug":"terrace-lodge","status":"publish","type":"page","link":"https:\/\/www.chile-reise.com\/en\/hotels\/altiplano\/terrace-lodge\/","title":{"rendered":"Terrace Lodge **"},"content":{"rendered":"<p>\r\n        <style type='text\/css'>\r\n            #gallery-2 {\r\n                margin: auto;\r\n            }\r\n            #gallery-2 .gallery-item {\r\n                float: left;\r\n                margin-top: 10px;\r\n                text-align: center;\r\n                width: 33%;           }\r\n            #gallery-2 img {\r\n                border: 2px solid #cfcfcf;\r\n            }\r\n            #gallery-2 .gallery-caption {\r\n                margin-left: 0;\r\n            }\r\n        <\/style>\r\n        <!-- see gallery_shortcode() in wp-includes\/media.php -->\r\n        <div id='gallery-2' class='gallery-images gallery galleryid-240'><dl class='gallery-item'>\r\n            <dt class='gallery-icon'>\r\n                <a href='https:\/\/www.chile-reise.com\/wp-content\/uploads\/Terrace-Lodge.jpg'><img loading=\"lazy\" decoding=\"async\" width=\"240\" height=\"140\" src=\"https:\/\/www.chile-reise.com\/wp-content\/uploads\/Terrace-Lodge-240x140.jpg\" class=\"attachment-thumbnail size-thumbnail\" alt=\"Terrace Lodge\" \/><\/a>\r\n            <\/dt>\r\n                <dd class='gallery-caption'>\r\n                Terrace Lodge\r\n                <\/dd><\/dl><dl class='gallery-item'>\r\n            <dt class='gallery-icon'>\r\n                <a href='https:\/\/www.chile-reise.com\/wp-content\/uploads\/Terrace-Lodge-Room.jpg'><img loading=\"lazy\" decoding=\"async\" width=\"240\" height=\"140\" src=\"https:\/\/www.chile-reise.com\/wp-content\/uploads\/Terrace-Lodge-Room-240x140.jpg\" class=\"attachment-thumbnail size-thumbnail\" alt=\"Terrace Lodge\" \/><\/a>\r\n            <\/dt>\r\n                <dd class='gallery-caption'>\r\n                Terrace Lodge Room\r\n                <\/dd><\/dl><dl class='gallery-item'>\r\n            <dt class='gallery-icon'>\r\n                <a href='https:\/\/www.chile-reise.com\/wp-content\/uploads\/Terrace-Lodge-Comedor.jpg'><img loading=\"lazy\" decoding=\"async\" width=\"240\" height=\"140\" src=\"https:\/\/www.chile-reise.com\/wp-content\/uploads\/Terrace-Lodge-Comedor-240x140.jpg\" class=\"attachment-thumbnail size-thumbnail\" alt=\"Terrace Lodge Comedor\" \/><\/a>\r\n            <\/dt>\r\n                <dd class='gallery-caption'>\r\n                Terrace Lodge Dining Room\r\n                <\/dd><\/dl><br style=\"clear: both\" \/>\r\n            <br style='clear: both;' \/>\r\n        <\/div>\n\n<div class=\"clear\"><\/div><div class=\"divider\"><\/div>\n<p>In the Altiplano, at an altitude of 3.500m, a small, enjoyable hotel awaits its guests: The Terrace Lodge in Putre. At only 200 m from the town center the Italian owners Flavio and Patrizia D\u2019Inca have prepared five cozy rooms. They are furnished with natural materials and offer relaxation after an eventful day at Lauca National Park. In tune with the typical style of the region, the rooms are arranged around a flowery courtyard. The owner, a former tourist guide, takes personal care of his guests and communicates in five different languages. The Terrace Lodge is a certified eco-hotel. <\/p>\n<p><strong>Rooms:<\/strong> 5<br \/>\n<strong>Facilities:<\/strong> central heating, cable TV, telephone, living room, parking lots<br \/>\n<strong>Internet:<\/strong> Wi-Fi<\/p>","protected":false},"excerpt":{"rendered":"<p>In the Altiplano, at an altitude of 3.500m, a small, enjoyable hotel awaits its guests: The Terrace Lodge in Putre. At only 200 m from the town center the Italian owners Flavio and Patrizia D\u2019Inca have prepared five cozy rooms. &#8230;<\/p>\n","protected":false},"author":16,"featured_media":0,"parent":198,"menu_order":0,"comment_status":"open","ping_status":"open","template":"","meta":{"slim_seo":{"title":"Terrace Lodge ** Terrace Lodge ** - travelArt","description":"Terrace Lodge Terrace Lodge Room Terrace Lodge Dining Room Im Altiplano, auf 3.500m H\u00f6he, erwartet ein kleines, sehr pers\u00f6nlich gef\u00fchrtes Hotel seine G\u00e4ste: Die"},"footnotes":""},"class_list":["post-240","page","type-page","status-publish","hentry"],"_links":{"self":[{"href":"https:\/\/www.chile-reise.com\/en\/wp-json\/wp\/v2\/pages\/240","targetHints":{"allow":["GET"]}}],"collection":[{"href":"https:\/\/www.chile-reise.com\/en\/wp-json\/wp\/v2\/pages"}],"about":[{"href":"https:\/\/www.chile-reise.com\/en\/wp-json\/wp\/v2\/types\/page"}],"author":[{"embeddable":true,"href":"https:\/\/www.chile-reise.com\/en\/wp-json\/wp\/v2\/users\/16"}],"replies":[{"embeddable":true,"href":"https:\/\/www.chile-reise.com\/en\/wp-json\/wp\/v2\/comments?post=240"}],"version-history":[{"count":0,"href":"https:\/\/www.chile-reise.com\/en\/wp-json\/wp\/v2\/pages\/240\/revisions"}],"up":[{"embeddable":true,"href":"https:\/\/www.chile-reise.com\/en\/wp-json\/wp\/v2\/pages\/198"}],"wp:attachment":[{"href":"https:\/\/www.chile-reise.com\/en\/wp-json\/wp\/v2\/media?parent=240"}],"curies":[{"name":"wp","href":"https:\/\/api.w.org\/{rel}","templated":true}]}}