{"id":2397,"date":"2013-08-29T22:06:02","date_gmt":"2013-08-29T20:06:02","guid":{"rendered":"http:\/\/www.chile-reise.com\/wordpress\/?page_id=2397"},"modified":"2014-03-14T22:05:47","modified_gmt":"2014-03-14T20:05:47","slug":"nationalpark-conguillio-und-vulkan-llaima","status":"publish","type":"page","link":"https:\/\/www.chile-reise.com\/en\/packages-daytrips\/seengebiet\/nationalpark-conguillio-und-vulkan-llaima\/","title":{"rendered":"Conguillio National Park and the Llaima Volcano"},"content":{"rendered":"<p>\r\n        <style type='text\/css'>\r\n            #gallery-2 {\r\n                margin: auto;\r\n            }\r\n            #gallery-2 .gallery-item {\r\n                float: left;\r\n                margin-top: 10px;\r\n                text-align: center;\r\n                width: 33%;           }\r\n            #gallery-2 img {\r\n                border: 2px solid #cfcfcf;\r\n            }\r\n            #gallery-2 .gallery-caption {\r\n                margin-left: 0;\r\n            }\r\n        <\/style>\r\n        <!-- see gallery_shortcode() in wp-includes\/media.php -->\r\n        <div id='gallery-2' class='gallery-images gallery galleryid-2397'><dl class='gallery-item'>\r\n            <dt class='gallery-icon'>\r\n                <a href='https:\/\/www.chile-reise.com\/wp-content\/uploads\/Conguillio-1_klein.jpg'><img loading=\"lazy\" decoding=\"async\" width=\"240\" height=\"140\" src=\"https:\/\/www.chile-reise.com\/wp-content\/uploads\/Conguillio-1_klein-240x140.jpg\" class=\"attachment-thumbnail size-thumbnail\" alt=\"Conguillio 1 klein\" \/><\/a>\r\n            <\/dt>\r\n                <dd class='gallery-caption'>\r\n                Conguill\u00edo National Park \r\n                <\/dd><\/dl><dl class='gallery-item'>\r\n            <dt class='gallery-icon'>\r\n                <a href='https:\/\/www.chile-reise.com\/wp-content\/uploads\/Conguill\u00edo-National-Park-1_klein1.jpg'><img loading=\"lazy\" decoding=\"async\" width=\"240\" height=\"140\" src=\"https:\/\/www.chile-reise.com\/wp-content\/uploads\/Conguill\u00edo-National-Park-1_klein1-240x140.jpg\" class=\"attachment-thumbnail size-thumbnail\" alt=\"Conguill\u00edo National Park 1 klein\" \/><\/a>\r\n            <\/dt>\r\n                <dd class='gallery-caption'>\r\n                Conguill\u00edo National Park \r\n                <\/dd><\/dl><dl class='gallery-item'>\r\n            <dt class='gallery-icon'>\r\n                <a href='https:\/\/www.chile-reise.com\/wp-content\/uploads\/Conguill\u00edo-National-Park-2_klein.jpg'><img loading=\"lazy\" decoding=\"async\" width=\"240\" height=\"140\" src=\"https:\/\/www.chile-reise.com\/wp-content\/uploads\/Conguill\u00edo-National-Park-2_klein-240x140.jpg\" class=\"attachment-thumbnail size-thumbnail\" alt=\"Conguill\u00edo National Park 2 klein\" \/><\/a>\r\n            <\/dt>\r\n                <dd class='gallery-caption'>\r\n                Conguill\u00edo National Park \r\n                <\/dd><\/dl><br style=\"clear: both\" \/><dl class='gallery-item'>\r\n            <dt class='gallery-icon'>\r\n                <a href='https:\/\/www.chile-reise.com\/wp-content\/uploads\/Conguillio_klein.jpg'><img loading=\"lazy\" decoding=\"async\" width=\"240\" height=\"140\" src=\"https:\/\/www.chile-reise.com\/wp-content\/uploads\/Conguillio_klein-240x140.jpg\" class=\"attachment-thumbnail size-thumbnail\" alt=\"Conguillio klein\" \/><\/a>\r\n            <\/dt>\r\n                <dd class='gallery-caption'>\r\n                Conguill\u00edo National Park \r\n                <\/dd><\/dl>\r\n            <br style='clear: both;' \/>\r\n        <\/div>\n<div class=\"clear\"><\/div><div class=\"divider\"><\/div>\n<p><strong>Travel Type:<\/strong> Nature<br \/>\n<strong>Duration:<\/strong> 1 Day<\/p>\n\n\t<script type=\"text\/javascript\">\tjQuery(document).ready(function($){\tjQuery(\"ul.tabs-nav\").tabs(\"> .pane\"); }); <\/script>\n\n\t\t<div class=\"post-tabs\">\n\t\t\n<ul class=\"tabs-nav\">\n<li>Tour Description<\/li>\n<li>Gear<\/li>\n<li><\/li>Notes\/tab_title]\n<\/ul>\n\n\t\t<div class=\"pane\">\n\t\t\nThis day trip goes to the Conguillio National Park, with its imposing and active Llaima volcano, which towers above the entire landscape. Visitors have the opportunity to explore huge lava fields before hiking to the Sierra Nevada mountain chain. From there, hikers have fantastic views towards the Llaima volcano and many surrounding lakes that dot the countryside among the deeply green temperate rainforest. The umbrella-shaped araucaria trees that give the region their name can also be seen here. These trees, which have survived almost unchanged since the time of the dinosaurs, are native to Chile, but are otherwise rare. In the late afternoon you will return to Puc\u00f3n.<br \/>\n\n\t\t<\/div>\n\t\n\n\t\t<div class=\"pane\">\n\t\t\nHiking boots<br \/>\n\n\t\t<\/div>\n\t\nThis hike is customizalbe, between 1,5 and 3 hours.<br \/>\n[\/tab]\n\n\t\t<\/div>\n\t<\/p>","protected":false},"excerpt":{"rendered":"<p>Travel Type: Nature Duration: 1 Day<\/p>\n","protected":false},"author":3,"featured_media":0,"parent":101,"menu_order":0,"comment_status":"open","ping_status":"open","template":"","meta":{"slim_seo":{"title":"Nationalpark Conguillio und Vulkan Llaima Conguillio National Park and the Llaima Volcano - travelArt","description":"Conguill\u00edo National Park Conguill\u00edo National Park Conguill\u00edo National Park Conguill\u00edo National Park Art der Reise: Natur Dauer: 1 Tag Tourverlauf Ausr\u00fcstung Anm"},"footnotes":""},"class_list":["post-2397","page","type-page","status-publish","hentry"],"_links":{"self":[{"href":"https:\/\/www.chile-reise.com\/en\/wp-json\/wp\/v2\/pages\/2397","targetHints":{"allow":["GET"]}}],"collection":[{"href":"https:\/\/www.chile-reise.com\/en\/wp-json\/wp\/v2\/pages"}],"about":[{"href":"https:\/\/www.chile-reise.com\/en\/wp-json\/wp\/v2\/types\/page"}],"author":[{"embeddable":true,"href":"https:\/\/www.chile-reise.com\/en\/wp-json\/wp\/v2\/users\/3"}],"replies":[{"embeddable":true,"href":"https:\/\/www.chile-reise.com\/en\/wp-json\/wp\/v2\/comments?post=2397"}],"version-history":[{"count":0,"href":"https:\/\/www.chile-reise.com\/en\/wp-json\/wp\/v2\/pages\/2397\/revisions"}],"up":[{"embeddable":true,"href":"https:\/\/www.chile-reise.com\/en\/wp-json\/wp\/v2\/pages\/101"}],"wp:attachment":[{"href":"https:\/\/www.chile-reise.com\/en\/wp-json\/wp\/v2\/media?parent=2397"}],"curies":[{"name":"wp","href":"https:\/\/api.w.org\/{rel}","templated":true}]}}