{"id":2228,"date":"2013-08-27T20:28:18","date_gmt":"2013-08-27T18:28:18","guid":{"rendered":"http:\/\/www.chile-reise.com\/wordpress\/?page_id=2228"},"modified":"2014-03-14T17:32:59","modified_gmt":"2014-03-14T15:32:59","slug":"citytour-valparaiso","status":"publish","type":"page","link":"https:\/\/www.chile-reise.com\/en\/packages-daytrips\/santiago-zentralchile-und-pazifikkueste\/citytour-valparaiso\/","title":{"rendered":"City Tour Valpara\u00edso"},"content":{"rendered":"<p>\r\n        <style type='text\/css'>\r\n            #gallery-2 {\r\n                margin: auto;\r\n            }\r\n            #gallery-2 .gallery-item {\r\n                float: left;\r\n                margin-top: 10px;\r\n                text-align: center;\r\n                width: 33%;           }\r\n            #gallery-2 img {\r\n                border: 2px solid #cfcfcf;\r\n            }\r\n            #gallery-2 .gallery-caption {\r\n                margin-left: 0;\r\n            }\r\n        <\/style>\r\n        <!-- see gallery_shortcode() in wp-includes\/media.php -->\r\n        <div id='gallery-2' class='gallery-images gallery galleryid-2228'><dl class='gallery-item'>\r\n            <dt class='gallery-icon'>\r\n                <a href='https:\/\/www.chile-reise.com\/wp-content\/uploads\/Valpara\u00edso-1_klein.jpg'><img loading=\"lazy\" decoding=\"async\" width=\"240\" height=\"140\" src=\"https:\/\/www.chile-reise.com\/wp-content\/uploads\/Valpara\u00edso-1_klein-240x140.jpg\" class=\"attachment-thumbnail size-thumbnail\" alt=\"Valpara\u00edso 1 klein\" \/><\/a>\r\n            <\/dt>\r\n                <dd class='gallery-caption'>\r\n                Valpara\u00edso\r\n                <\/dd><\/dl><dl class='gallery-item'>\r\n            <dt class='gallery-icon'>\r\n                <a href='https:\/\/www.chile-reise.com\/wp-content\/uploads\/07-Juli-6+7-VALPO-057_klein.jpg'><img loading=\"lazy\" decoding=\"async\" width=\"240\" height=\"140\" src=\"https:\/\/www.chile-reise.com\/wp-content\/uploads\/07-Juli-6+7-VALPO-057_klein-240x140.jpg\" class=\"attachment-thumbnail size-thumbnail\" alt=\"07 Juli 6+7 VALPO 057 klein\" \/><\/a>\r\n            <\/dt>\r\n                <dd class='gallery-caption'>\r\n                Valpara\u00edso\r\n                <\/dd><\/dl><dl class='gallery-item'>\r\n            <dt class='gallery-icon'>\r\n                <a href='https:\/\/www.chile-reise.com\/wp-content\/uploads\/Bote-2_klein.jpg'><img loading=\"lazy\" decoding=\"async\" width=\"240\" height=\"140\" src=\"https:\/\/www.chile-reise.com\/wp-content\/uploads\/Bote-2_klein-240x140.jpg\" class=\"attachment-thumbnail size-thumbnail\" alt=\"Bote 2 klein\" \/><\/a>\r\n            <\/dt>\r\n                <dd class='gallery-caption'>\r\n                Port of Valpara\u00edso\r\n                <\/dd><\/dl><br style=\"clear: both\" \/><dl class='gallery-item'>\r\n            <dt class='gallery-icon'>\r\n                <a href='https:\/\/www.chile-reise.com\/wp-content\/uploads\/Copia-de-Turistas-aeropuerto-y-crucero71_klein.jpg'><img loading=\"lazy\" decoding=\"async\" width=\"240\" height=\"140\" src=\"https:\/\/www.chile-reise.com\/wp-content\/uploads\/Copia-de-Turistas-aeropuerto-y-crucero71_klein-240x140.jpg\" class=\"attachment-thumbnail size-thumbnail\" alt=\"Copia de Turistas aeropuerto y crucero71 klein\" srcset=\"https:\/\/www.chile-reise.com\/wp-content\/uploads\/Copia-de-Turistas-aeropuerto-y-crucero71_klein-240x140.jpg 240w, https:\/\/www.chile-reise.com\/wp-content\/uploads\/Copia-de-Turistas-aeropuerto-y-crucero71_klein-567x330.jpg 567w, https:\/\/www.chile-reise.com\/wp-content\/uploads\/Copia-de-Turistas-aeropuerto-y-crucero71_klein-1024x594.jpg 1024w\" sizes=\"auto, (max-width: 240px) 100vw, 240px\" \/><\/a>\r\n            <\/dt>\r\n                <dd class='gallery-caption'>\r\n                Funicular\r\n                <\/dd><\/dl>\r\n            <br style='clear: both;' \/>\r\n        <\/div>\n<div class=\"clear\"><\/div><div class=\"divider\"><\/div>\n<p><strong>Travel Type:<\/strong> Culture<br \/>\n<strong>Duration:<\/strong> 1 Day<\/p>\n\n\t<script type=\"text\/javascript\">\tjQuery(document).ready(function($){\tjQuery(\"ul.tabs-nav\").tabs(\"> .pane\"); }); <\/script>\n\n\t\t<div class=\"post-tabs\">\n\t\t\n<ul class=\"tabs-nav\">\n<li>Tour Description<\/li>\n<\/ul>\n\n\t\t<div class=\"pane\">\n\t\t\nYou will be met by your English-speaking guide in the morning, who will accompany you during this full day excursion to Valpara\u00edso.<br \/>\nThe historic city of Valpara\u00edso is Chile\u2019s oldest port. It is also home to the country\u2019s Senate and Chamber of Deputies, which moved here from the capital in 1989, when Chilean democratic governance was re-established. The city\u2019s many hills are covered with a multi-coloured panorama of painted houses crowding every nook and cranny, ensuring a spectacular backdrop to your visit. During your tour, you will see the historic city centre, whose fine 19th-Century architecture provides good reason for its inclusion on the UNESCO World Heritage list. Then, you will travel to a view-point overlooking the city via one of Valpara\u00edso\u2019s signature funicular elevators, two dozen of which were built at the turn of the 20th Century to connect the upper and lower sections of the city. You will also visit the parliamentary building and Plaza Sotomayor\u2019s memorial to the heroes of the War of the Pacific, before being returned to your hotel in Santiago.<br \/>\n\n\t\t<\/div>\n\t\n\n\t\t<\/div>\n\t<\/p>","protected":false},"excerpt":{"rendered":"<p>Travel Type: Culture Duration: 1 Day<\/p>\n","protected":false},"author":3,"featured_media":0,"parent":99,"menu_order":0,"comment_status":"open","ping_status":"open","template":"","meta":{"slim_seo":{"title":"Citytour Valpara\u00edso City Tour Valpara\u00edso - travelArt","description":"Valpara\u00edso Valpara\u00edso Port of Valpara\u00edso Funicular Art der Reise: Kultur Dauer: 1 Tag Tourverlauf Am Morgen empf\u00e4ngt Sie ihr deutschsprachiger Reiseleiter und b"},"footnotes":""},"class_list":["post-2228","page","type-page","status-publish","hentry"],"_links":{"self":[{"href":"https:\/\/www.chile-reise.com\/en\/wp-json\/wp\/v2\/pages\/2228","targetHints":{"allow":["GET"]}}],"collection":[{"href":"https:\/\/www.chile-reise.com\/en\/wp-json\/wp\/v2\/pages"}],"about":[{"href":"https:\/\/www.chile-reise.com\/en\/wp-json\/wp\/v2\/types\/page"}],"author":[{"embeddable":true,"href":"https:\/\/www.chile-reise.com\/en\/wp-json\/wp\/v2\/users\/3"}],"replies":[{"embeddable":true,"href":"https:\/\/www.chile-reise.com\/en\/wp-json\/wp\/v2\/comments?post=2228"}],"version-history":[{"count":0,"href":"https:\/\/www.chile-reise.com\/en\/wp-json\/wp\/v2\/pages\/2228\/revisions"}],"up":[{"embeddable":true,"href":"https:\/\/www.chile-reise.com\/en\/wp-json\/wp\/v2\/pages\/99"}],"wp:attachment":[{"href":"https:\/\/www.chile-reise.com\/en\/wp-json\/wp\/v2\/media?parent=2228"}],"curies":[{"name":"wp","href":"https:\/\/api.w.org\/{rel}","templated":true}]}}