{"id":2224,"date":"2013-08-27T20:13:20","date_gmt":"2013-08-27T18:13:20","guid":{"rendered":"http:\/\/www.chile-reise.com\/wordpress\/?page_id=2224"},"modified":"2019-08-13T16:43:41","modified_gmt":"2019-08-13T14:43:41","slug":"unesco-weltkulturerbe-sewell","status":"publish","type":"page","link":"https:\/\/www.chile-reise.com\/en\/packages-daytrips\/santiago-zentralchile-und-pazifikkueste\/unesco-weltkulturerbe-sewell\/","title":{"rendered":"UNESCO World Heritage Sewell"},"content":{"rendered":"<style type='text\/css'>\r\n            #gallery-2 {\r\n                margin: auto;\r\n            }\r\n            #gallery-2 .gallery-item {\r\n                float: left;\r\n                margin-top: 10px;\r\n                text-align: center;\r\n                width: 33%;           }\r\n            #gallery-2 img {\r\n                border: 2px solid #cfcfcf;\r\n            }\r\n            #gallery-2 .gallery-caption {\r\n                margin-left: 0;\r\n            }\r\n        <\/style>\r\n        <!-- see gallery_shortcode() in wp-includes\/media.php -->\r\n        <div id='gallery-2' class='gallery-images gallery galleryid-2224'><dl class='gallery-item'>\r\n            <dt class='gallery-icon'>\r\n                <a href='https:\/\/www.chile-reise.com\/wp-content\/uploads\/Sewell_klein.jpg'><img loading=\"lazy\" decoding=\"async\" width=\"240\" height=\"140\" src=\"https:\/\/www.chile-reise.com\/wp-content\/uploads\/Sewell_klein-240x140.jpg\" class=\"attachment-thumbnail size-thumbnail\" alt=\"Sewell klein\" \/><\/a>\r\n            <\/dt>\r\n                <dd class='gallery-caption'>\r\n                Sewell\r\n                <\/dd><\/dl><dl class='gallery-item'>\r\n            <dt class='gallery-icon'>\r\n                <a href='https:\/\/www.chile-reise.com\/wp-content\/uploads\/DSC01194_klein.jpg'><img loading=\"lazy\" decoding=\"async\" width=\"240\" height=\"140\" src=\"https:\/\/www.chile-reise.com\/wp-content\/uploads\/DSC01194_klein-240x140.jpg\" class=\"attachment-thumbnail size-thumbnail\" alt=\"DSC01194 klein\" \/><\/a>\r\n            <\/dt>\r\n                <dd class='gallery-caption'>\r\n                Sewell\r\n                <\/dd><\/dl>\r\n            <br style='clear: both;' \/>\r\n        <\/div>\n\n<div class=\"clear\"><\/div><div class=\"divider\"><\/div>\n<p><strong>Travel Type:<\/strong> Culture<br \/>\n<strong>Duration:<\/strong> 1 Day<\/p>\n\n\t<script type=\"text\/javascript\">\tjQuery(document).ready(function($){\tjQuery(\"ul.tabs-nav\").tabs(\"> .pane\"); }); <\/script>\n\n\t\t<div class=\"post-tabs\">\n\t\t\n<ul class=\"tabs-nav\">\n<li>Tour Description<\/li>\n<\/ul>\n\n\t\t<div class=\"pane\">\n\t\t\nThe former copper mining town of Sewell \u2013 also known as the \u2018city of steps\u2019. The tour provides interesting insights into the former life of the miners. Sewell was founded by the American Braden Copper Company in 1905, and soon counted several thousand inhabitants. It was abandoned in 1970, when the settlement\u2019s population moved to Rancagua. You will see the former residential areas and Sewell\u2019s recreational facilities, as well as the copper museum that provides an interesting overview of the history of copper mining and of life in Sewell.<br \/>\n\n\t\t<\/div>\n\t\n\n\t\t<div class=\"pane\">\n\t\t\nFor insurance reasons, access to Sewell is unfortunately restricted (by the mine owners) to visitors between the ages of 12 and 75<br \/>\n\n\t\t<\/div>\n\t\n\n\t\t<\/div>","protected":false},"excerpt":{"rendered":"<p>Travel Type: Culture Duration: 1 Day<\/p>\n","protected":false},"author":3,"featured_media":0,"parent":99,"menu_order":0,"comment_status":"open","ping_status":"open","template":"","meta":{"slim_seo":{"title":"[:de]UNESCO Weltkulturerbe Sewell[:en]UNESCO World Heritage Sewell[:] - travelArt","description":"[:de] Sewell Sewell Art der Reise: Kultur Dauer: 1 Tag Tourverlauf Fr\u00fch am Morgen fahren Sie s\u00fcdw\u00e4rts zur ehemaligen Kupferminenstadt Sewell, auch \u00abStadt der Tr"},"footnotes":""},"class_list":["post-2224","page","type-page","status-publish","hentry"],"_links":{"self":[{"href":"https:\/\/www.chile-reise.com\/en\/wp-json\/wp\/v2\/pages\/2224","targetHints":{"allow":["GET"]}}],"collection":[{"href":"https:\/\/www.chile-reise.com\/en\/wp-json\/wp\/v2\/pages"}],"about":[{"href":"https:\/\/www.chile-reise.com\/en\/wp-json\/wp\/v2\/types\/page"}],"author":[{"embeddable":true,"href":"https:\/\/www.chile-reise.com\/en\/wp-json\/wp\/v2\/users\/3"}],"replies":[{"embeddable":true,"href":"https:\/\/www.chile-reise.com\/en\/wp-json\/wp\/v2\/comments?post=2224"}],"version-history":[{"count":0,"href":"https:\/\/www.chile-reise.com\/en\/wp-json\/wp\/v2\/pages\/2224\/revisions"}],"up":[{"embeddable":true,"href":"https:\/\/www.chile-reise.com\/en\/wp-json\/wp\/v2\/pages\/99"}],"wp:attachment":[{"href":"https:\/\/www.chile-reise.com\/en\/wp-json\/wp\/v2\/media?parent=2224"}],"curies":[{"name":"wp","href":"https:\/\/api.w.org\/{rel}","templated":true}]}}