{"id":218,"date":"2013-07-02T23:14:30","date_gmt":"2013-07-02T21:14:30","guid":{"rendered":"http:\/\/www.chile-reise.com\/wordpress\/?page_id=218"},"modified":"2013-10-02T20:33:41","modified_gmt":"2013-10-02T18:33:41","slug":"carretera-austral","status":"publish","type":"page","link":"https:\/\/www.chile-reise.com\/en\/hotels\/carretera-austral\/","title":{"rendered":"Carretera Austral"},"content":{"rendered":"<p><img loading=\"lazy\" decoding=\"async\" src=\"https:\/\/www.chile-reise.com\/wordpress\/wp-content\/uploads\/slider_hotels_carretera_austral-240x140.jpg\" alt=\"slider_hotels_carretera_austral\" width=\"240\" height=\"140\" class=\"alignleft size-thumbnail wp-image-1058\" \/>The lodges along the Carretera Austral offer a warm, comfortable atmosphere in a remote wilderness, with a wide range of excursions and outdoor activities.<\/p>\n<h6>Our Hotels<\/h6>\n<span id=\"tablepress-31-description\" class=\"tablepress-table-description tablepress-table-description-id-31\"><\/span>\n\n<table id=\"tablepress-31\" class=\"tablepress tablepress-id-31\" aria-describedby=\"tablepress-31-description\">\n<thead>\n<tr class=\"row-1\">\n\t<th class=\"column-1\">Hotel<\/th><th class=\"column-2\">Location<\/th>\n<\/tr>\n<\/thead>\n<tbody class=\"row-striping row-hover\">\n<tr class=\"row-2\">\n\t<td class=\"column-1\"><a href=\"barranco-lodge\/\">El Barranco Lodge ***<\/a><\/td><td class=\"column-2\">Futaleuf\u00fa<\/td>\n<\/tr>\n<tr class=\"row-3\">\n\t<td class=\"column-1\"><a href=\"hotel-el-reloj\/\">Hotel El Reloj ***<\/a><\/td><td class=\"column-2\">Coyhaique<\/td>\n<\/tr>\n<tr class=\"row-4\">\n\t<td class=\"column-1\"><a href=\"puyuhuapi-lodge-spa\/\">Puyuhuapi Lodge &amp; Spa ****<\/a><\/td><td class=\"column-2\">Queluat National Park<\/td>\n<\/tr>\n<tr class=\"row-5\">\n\t<td class=\"column-1\"><a href=\"hacienda-tres-lagos\/\">Hacienda Tres Lagos ***<\/a><\/td><td class=\"column-2\">Puerto Guadal<\/td>\n<\/tr>\n<tr class=\"row-6\">\n\t<td class=\"column-1\"><a href=\"loberias-del-sur\/\">Lober\u00edas del Sur ****<\/a><\/td><td class=\"column-2\">Puerto Chacabuco<\/td>\n<\/tr>\n<tr class=\"row-7\">\n\t<td class=\"column-1\"><a href=\"dreams-de-la-patagonia\/\" target=\"_blank\">Dreams de la Patagonia *****<\/a><\/td><td class=\"column-2\">Coyhaique<\/td>\n<\/tr>\n<tr class=\"row-8\">\n\t<td class=\"column-1\"><a href=\"hotel-diego-de-almagro-coyhaique\/\" target=\"_blank\">Hotel Diego de Almagro Coyhaique ****<\/a><\/td><td class=\"column-2\">Coyhaique<\/td>\n<\/tr>\n<tr class=\"row-9\">\n\t<td class=\"column-1\"><a href=\"terra-luna-lodge\/\" target=\"_blank\">Terra Luna Lodge ***<\/a><\/td><td class=\"column-2\">Puerto Guadal<\/td>\n<\/tr>\n<tr class=\"row-10\">\n\t<td class=\"column-1\"><a href=\"lodge-robinson-crusoe-deep-patagonia\/\" target=\"_blank\">Lodge Robinson Crusoe Deep Patagonia ****<\/a><\/td><td class=\"column-2\">Lake O\u2019Higgins<\/td>\n<\/tr>\n<tr class=\"row-11\">\n\t<td class=\"column-1\"><a href=\"uman-lodge\/\" target=\"_blank\">Uman Lodge *****<\/a><\/td><td class=\"column-2\">Futaleuf\u00fa<\/td>\n<\/tr>\n<tr class=\"row-12\">\n\t<td class=\"column-1\"><a href=\"hotel-yelcho-en-la-patagonia\/\" target=\"_blank\">Hotel Yelcho en la Patagonia ***<\/a><\/td><td class=\"column-2\">Lake Yelcho<\/td>\n<\/tr>\n<tr class=\"row-13\">\n\t<td class=\"column-1\"><a href=\"hotel-espacio-y-tiempo\/\" target=\"_blank\">Hotel Espacio y Tiempo ***<\/a><\/td><td class=\"column-2\">La Junta<\/td>\n<\/tr>\n<tr class=\"row-14\">\n\t<td class=\"column-1\"><a href=\"el-puesto-refugio-de-la-patagonia\/\" target=\"_blank\">El Puesto Refugio de la Patagonia **<\/a><\/td><td class=\"column-2\">Puerto Rio Tranquilo<\/td>\n<\/tr>\n<tr class=\"row-15\">\n\t<td class=\"column-1\"><a href=\"cabanas-caleta-gonzalo\/\" target=\"_blank\">Caba\u00f1as Caleta Gonzalo ***<\/a><\/td><td class=\"column-2\">Parque Pumal\u00edn<\/td>\n<\/tr>\n<\/tbody>\n<\/table>\n<!-- #tablepress-31 from cache --><\/p>","protected":false},"excerpt":{"rendered":"<p>The lodges along the Carretera Austral offer a warm, comfortable atmosphere in a remote wilderness, with a wide range of excursions and outdoor activities. Our Hotels<\/p>\n","protected":false},"author":16,"featured_media":0,"parent":196,"menu_order":0,"comment_status":"open","ping_status":"open","template":"","meta":{"slim_seo":{"title":"Carretera Austral Carretera Austral - travelArt","description":"Die Lodges entlang der Carretera Austral bieten gem\u00fctliches Ambiente in der abgelegenen Wildnis sowie eine gro\u00dfe Auswahl an Exkursionen und Aktivit\u00e4ten. Unsere"},"footnotes":""},"class_list":["post-218","page","type-page","status-publish","hentry"],"_links":{"self":[{"href":"https:\/\/www.chile-reise.com\/en\/wp-json\/wp\/v2\/pages\/218","targetHints":{"allow":["GET"]}}],"collection":[{"href":"https:\/\/www.chile-reise.com\/en\/wp-json\/wp\/v2\/pages"}],"about":[{"href":"https:\/\/www.chile-reise.com\/en\/wp-json\/wp\/v2\/types\/page"}],"author":[{"embeddable":true,"href":"https:\/\/www.chile-reise.com\/en\/wp-json\/wp\/v2\/users\/16"}],"replies":[{"embeddable":true,"href":"https:\/\/www.chile-reise.com\/en\/wp-json\/wp\/v2\/comments?post=218"}],"version-history":[{"count":0,"href":"https:\/\/www.chile-reise.com\/en\/wp-json\/wp\/v2\/pages\/218\/revisions"}],"up":[{"embeddable":true,"href":"https:\/\/www.chile-reise.com\/en\/wp-json\/wp\/v2\/pages\/196"}],"wp:attachment":[{"href":"https:\/\/www.chile-reise.com\/en\/wp-json\/wp\/v2\/media?parent=218"}],"curies":[{"name":"wp","href":"https:\/\/api.w.org\/{rel}","templated":true}]}}