{"id":214,"date":"2013-07-02T23:13:03","date_gmt":"2013-07-02T21:13:03","guid":{"rendered":"http:\/\/www.chile-reise.com\/wordpress\/?page_id=214"},"modified":"2015-04-10T22:37:22","modified_gmt":"2015-04-10T20:37:22","slug":"seengebiet","status":"publish","type":"page","link":"https:\/\/www.chile-reise.com\/en\/hotels\/seengebiet\/","title":{"rendered":"Lake Region"},"content":{"rendered":"<p><img loading=\"lazy\" decoding=\"async\" src=\"https:\/\/www.chile-reise.com\/wordpress\/wp-content\/uploads\/slider_seengebiet1-240x140.jpg\" alt=\"slider_seengebiet\" width=\"240\" height=\"140\" class=\"alignleft size-thumbnail wp-image-924\" \/>In the Lake District you\u2019ll stay amongst idyllic snow-capped volcanoes, blue lakes and endless forests. The ideal place to enjoy at leisure.<br \/>\n(B) = Boutique Hotel<\/p>\n<h6>Our Hotels<\/h6>\n<span id=\"tablepress-30-description\" class=\"tablepress-table-description tablepress-table-description-id-30\"><\/span>\n\n<table id=\"tablepress-30\" class=\"tablepress tablepress-id-30\" aria-describedby=\"tablepress-30-description\">\n<thead>\n<tr class=\"row-1\">\n\t<th class=\"column-1\">Hotel<\/th><th class=\"column-2\">Location<\/th>\n<\/tr>\n<\/thead>\n<tbody class=\"row-striping row-hover\">\n<tr class=\"row-2\">\n\t<td class=\"column-1\"><a href=\"hotel-villarrica-park-lake\/\">Hotel Enjoy  Park Lake Villarrica*****<\/a><\/td><td class=\"column-2\">Lake Villarrica<\/td>\n<\/tr>\n<tr class=\"row-3\">\n\t<td class=\"column-1\"><a href=\"hotel-antumalal\/\" target=\"_blank\">Hotel Antumalal ****<\/a><\/td><td class=\"column-2\">Puc\u00f3n<\/td>\n<\/tr>\n<tr class=\"row-4\">\n\t<td class=\"column-1\"><a href=\"hotel-pucon-green-park\/\">Hotel Puc\u00f3n Green Park ****<\/a><\/td><td class=\"column-2\">Puc\u00f3n<\/td>\n<\/tr>\n<tr class=\"row-5\">\n\t<td class=\"column-1\"><a href=\"casona-de-pucon\/\" target=\"_blank\">Casona de Puc\u00f3n ***<\/a><\/td><td class=\"column-2\">Puc\u00f3n<\/td>\n<\/tr>\n<tr class=\"row-6\">\n\t<td class=\"column-1\"><a href=\"hotel-monte-verde\/\" target=\"_blank\">Hotel Monte Verde ****<\/a><\/td><td class=\"column-2\">Lake Villarrica<\/td>\n<\/tr>\n<tr class=\"row-7\">\n\t<td class=\"column-1\"><a href=\"hotel-malalhue\/\" target=\"_blank\">Hotel Malalhue ****<\/a><\/td><td class=\"column-2\">Puc\u00f3n<\/td>\n<\/tr>\n<tr class=\"row-8\">\n\t<td class=\"column-1\"><a href=\"hostal-geronimo\/\" target=\"_blank\">Hostal Geronimo ***<\/a><\/td><td class=\"column-2\">Puc\u00f3n<\/td>\n<\/tr>\n<tr class=\"row-9\">\n\t<td class=\"column-1\"><a href=\"ecocamp-nevados-de-sollipulli\/\" target=\"_blank\">Ecocamp Nevados de Sollipulli<\/a><\/td><td class=\"column-2\">Natural Reserve Villarrica<\/td>\n<\/tr>\n<tr class=\"row-10\">\n\t<td class=\"column-1\"><a href=\"landhaus-san-sebastian\/\" target=\"_blank\">Landhaus San Sebastian ***<\/a><\/td><td class=\"column-2\">Puc\u00f3n<\/td>\n<\/tr>\n<tr class=\"row-11\">\n\t<td class=\"column-1\"><a href=\"hotel-vientos-del-sur\/\" target=\"_blank\">Hotel Vientos del Sur ***<\/a><\/td><td class=\"column-2\">Puc\u00f3n<\/td>\n<\/tr>\n<tr class=\"row-12\">\n\t<td class=\"column-1\"><a href=\"la-montana-magica-lodge\/\" target=\"_blank\">La Monta\u00f1a M\u00e1gica Lodge ****<\/a><\/td><td class=\"column-2\">Natural Reserve Huilo Huilo<\/td>\n<\/tr>\n<tr class=\"row-13\">\n\t<td class=\"column-1\"><a href=\"nothofagus-hotel-spa\/\" target=\"_blank\">Nothofagus Hotel &amp; Spa ****<\/a><\/td><td class=\"column-2\">Natural Reserve Huilo Huilo<\/td>\n<\/tr>\n<tr class=\"row-14\">\n\t<td class=\"column-1\"><a href=\"nawelpi-lodge-reserva-del-fuy\/\" target=\"_blank\">Nawelpi Lodge Reserva del Fuy ****<\/a><\/td><td class=\"column-2\">Natural Reserve Huilo Huilo<\/td>\n<\/tr>\n<tr class=\"row-15\">\n\t<td class=\"column-1\"><a href=\"cabana-del-lago-hotel\/\" target=\"_blank\">Caba\u00f1a del Lago Hotel ****<\/a><\/td><td class=\"column-2\">Puerto Varas<\/td>\n<\/tr>\n<tr class=\"row-16\">\n\t<td class=\"column-1\"><a href=\"gran-hotel-colonos-del-sur\/\" target=\"_blank\">Hotel Radisson Puerto Varas *****<\/a><\/td><td class=\"column-2\">Puerto Varas<\/td>\n<\/tr>\n<tr class=\"row-17\">\n\t<td class=\"column-1\"><a href=\"cumbres\/\" target=\"_blank\">Hotel Cumbres *****<\/a><\/td><td class=\"column-2\">Puerto Varas<\/td>\n<\/tr>\n<tr class=\"row-18\">\n\t<td class=\"column-1\"><a href=\"hotel-patagonico\/\">Hotel Enjoy Puerto Varas*****<\/a><\/td><td class=\"column-2\">Puerto Varas<\/td>\n<\/tr>\n<tr class=\"row-19\">\n\t<td class=\"column-1\"><a href=\"solace-hotel\/\" target=\"_blank\">Solace Hotel ****<\/a><\/td><td class=\"column-2\">Puerto Varas<\/td>\n<\/tr>\n<tr class=\"row-20\">\n\t<td class=\"column-1\"><a href=\"petrohue-lodge\/\" target=\"_blank\">Petrohue Lodge ***<\/a><\/td><td class=\"column-2\">Petrohue<\/td>\n<\/tr>\n<tr class=\"row-21\">\n\t<td class=\"column-1\"><a href=\"hotel-puerto-chico\/\" target=\"_blank\">Hotel Puerto Chico ***<\/a><\/td><td class=\"column-2\">Puerto Varas<\/td>\n<\/tr>\n<tr class=\"row-22\">\n\t<td class=\"column-1\"><a href=\"boutique-hotel-palafito-1326\/\" target=\"_blank\">Hotel Palafito 1326 (B)<\/a><\/td><td class=\"column-2\">Castro<\/td>\n<\/tr>\n<tr class=\"row-23\">\n\t<td class=\"column-1\"><a href=\"hosteria-de-castro\/\" target=\"_blank\">Hotel de Castro ***<\/a><\/td><td class=\"column-2\">Castro<\/td>\n<\/tr>\n<tr class=\"row-24\">\n\t<td class=\"column-1\"><a href=\"hotel-ancud\/\" target=\"_blank\">Hotel Ancud ***<\/a><\/td><td class=\"column-2\">Ancud<\/td>\n<\/tr>\n<tr class=\"row-25\">\n\t<td class=\"column-1\"><a href=\"hotel-parque-quilquico\/\" target=\"_blank\">Hotel Parque Quilquico ****<\/a><\/td><td class=\"column-2\">near Castro<\/td>\n<\/tr>\n<tr class=\"row-26\">\n\t<td class=\"column-1\"><a href=\"tierra-chiloe\/\">Hotel Tierra Chilo\u00e9 ****<\/a><\/td><td class=\"column-2\">near Castro<\/td>\n<\/tr>\n<tr class=\"row-27\">\n\t<td class=\"column-1\"><a href=\"reino-fungi-lodge\/\" target=\"_blank\">Reino Fungi Lodge *****<\/a><\/td><td class=\"column-2\">Natural Reserve Huilo Huilo<\/td>\n<\/tr>\n<tr class=\"row-28\">\n\t<td class=\"column-1\"><a href=\"colonos-del-sur-mirador\/\" target=\"_blank\">Park Inn by Radisson****<\/a><\/td><td class=\"column-2\">Puerto Varas<\/td>\n<\/tr>\n<tr class=\"row-29\">\n\t<td class=\"column-1\"><a href=\"hosteria-andenrose\/\">Hosteria Andenrose **<\/a> <\/td><td class=\"column-2\">Curacautin<\/td>\n<\/tr>\n<tr class=\"row-30\">\n\t<td class=\"column-1\"><a href=\"noi-centro-de-ocio\/\" >Centro de Ocio ****<\/a><\/td><td class=\"column-2\">near Castro<\/td>\n<\/tr>\n<\/tbody>\n<\/table>\n<!-- #tablepress-30 from cache --><\/p>","protected":false},"excerpt":{"rendered":"<p>In the Lake District you\u2019ll stay amongst idyllic snow-capped volcanoes, blue lakes and endless forests. The ideal place to enjoy at leisure. (B) = Boutique Hotel Our Hotels<\/p>\n","protected":false},"author":16,"featured_media":0,"parent":196,"menu_order":0,"comment_status":"open","ping_status":"open","template":"","meta":{"slim_seo":{"title":"Seengebiet Lake Region - travelArt","description":"Im Seengebiet \u00fcbernachtet man idyllisch zwischen schneebedeckten Vulkanen, blauen Seen und endlosen W\u00e4ldern. Der ideale Ort f\u00fcr Genie\u00dfer. (B) = Boutique Hotel U"},"footnotes":""},"class_list":["post-214","page","type-page","status-publish","hentry"],"_links":{"self":[{"href":"https:\/\/www.chile-reise.com\/en\/wp-json\/wp\/v2\/pages\/214","targetHints":{"allow":["GET"]}}],"collection":[{"href":"https:\/\/www.chile-reise.com\/en\/wp-json\/wp\/v2\/pages"}],"about":[{"href":"https:\/\/www.chile-reise.com\/en\/wp-json\/wp\/v2\/types\/page"}],"author":[{"embeddable":true,"href":"https:\/\/www.chile-reise.com\/en\/wp-json\/wp\/v2\/users\/16"}],"replies":[{"embeddable":true,"href":"https:\/\/www.chile-reise.com\/en\/wp-json\/wp\/v2\/comments?post=214"}],"version-history":[{"count":0,"href":"https:\/\/www.chile-reise.com\/en\/wp-json\/wp\/v2\/pages\/214\/revisions"}],"up":[{"embeddable":true,"href":"https:\/\/www.chile-reise.com\/en\/wp-json\/wp\/v2\/pages\/196"}],"wp:attachment":[{"href":"https:\/\/www.chile-reise.com\/en\/wp-json\/wp\/v2\/media?parent=214"}],"curies":[{"name":"wp","href":"https:\/\/api.w.org\/{rel}","templated":true}]}}