{"id":210,"date":"2013-07-02T23:11:18","date_gmt":"2013-07-02T21:11:18","guid":{"rendered":"http:\/\/www.chile-reise.com\/wordpress\/?page_id=210"},"modified":"2015-04-10T16:47:28","modified_gmt":"2015-04-10T14:47:28","slug":"santiago-zentralchile-und-pazifikkueste","status":"publish","type":"page","link":"https:\/\/www.chile-reise.com\/en\/hotels\/santiago-zentralchile-und-pazifikkueste\/","title":{"rendered":"Santiago, Central Chile and Pacific Coast"},"content":{"rendered":"<p><img loading=\"lazy\" decoding=\"async\" src=\"https:\/\/www.chile-reise.com\/wordpress\/wp-content\/uploads\/slider_hotels_santiago-240x140.jpg\" alt=\"slider_hotels_santiago\" width=\"240\" height=\"140\" class=\"alignleft size-thumbnail wp-image-1055\" \/>The central region, focused around Santiago and the nearby Pacific Coast, offers the country\u2019s widest choice of accommodations. In the capital city, you\u2019ll find everything from quaint boutique hotels to ultra-modern skyscrapers. Valpara\u00edso mainly offers boutique hotels in colourful restored mansions overlooking the harbour, and in Vi\u00f1a del Mar you can enjoy magnificent Pacific Ocean sunsets from many of the rooms.<br \/>\nFor guests transiting through Santiago, there are good hotels at the airport.<br \/>\n(B) = Boutique Hotel<\/p>\n<h6>Our Hotels<\/h6>\n<span id=\"tablepress-29-description\" class=\"tablepress-table-description tablepress-table-description-id-29\"><\/span>\n\n<table id=\"tablepress-29\" class=\"tablepress tablepress-id-29\" aria-describedby=\"tablepress-29-description\">\n<thead>\n<tr class=\"row-1\">\n\t<th class=\"column-1\">Hotel<\/th><th class=\"column-2\">Location<\/th>\n<\/tr>\n<\/thead>\n<tbody class=\"row-striping row-hover\">\n<tr class=\"row-2\">\n\t<td class=\"column-1\"><a href=\"radisson-acqua-concon\/\" target=\"_blank\">Radisson Acqua Concon ****<\/a><\/td><td class=\"column-2\">Concon<\/td>\n<\/tr>\n<tr class=\"row-3\">\n\t<td class=\"column-1\"><a href=\"hotel-del-mar\/\" target=\"_blank\">Hotel del Mar *****<\/a><\/td><td class=\"column-2\">Vi\u00f1a del Mar<\/td>\n<\/tr>\n<tr class=\"row-4\">\n\t<td class=\"column-1\"><a href=\"sheraton-miramar\/\" target=\"_blank\">Sheraton Miramar *****<\/a><\/td><td class=\"column-2\">Vi\u00f1a del Mar<\/td>\n<\/tr>\n<tr class=\"row-5\">\n\t<td class=\"column-1\"><a href=\"boutique-hotel-casadoca\/\" target=\"_blank\">Boutique-Hotel Casadoca (B)<\/a><\/td><td class=\"column-2\">Concon<\/td>\n<\/tr>\n<tr class=\"row-6\">\n\t<td class=\"column-1\"><a href=\"boutique-hotel-zero\/\" target=\"_blank\">Zero Hotel (B)<\/a><\/td><td class=\"column-2\">Valpara\u00edso<\/td>\n<\/tr>\n<tr class=\"row-7\">\n\t<td class=\"column-1\"><a href=\"hotel-ultramar\/\" target=\"_blank\">Hotel Ultramar (B)<\/a><\/td><td class=\"column-2\">Valpara\u00edso<\/td>\n<\/tr>\n<tr class=\"row-8\">\n\t<td class=\"column-1\"><a href=\"https:\/\/www.chile-reise.com\/hotels\/santiago-zentralchile-und-pazifikkueste\/casa-higueras\/\" target=\"_blank\">Casa Higueras (B)<\/a><\/td><td class=\"column-2\">Valpara\u00edso<\/td>\n<\/tr>\n<tr class=\"row-9\">\n\t<td class=\"column-1\"><a href=\"hotel-patrimonial\/\" target=\"_blank\">Hotel Patrimonial ***<\/a><\/td><td class=\"column-2\">Valpara\u00edso<\/td>\n<\/tr>\n<tr class=\"row-10\">\n\t<td class=\"column-1\"><a href=\"hotel-diego-de-almagro\/\" target=\"_blank\">Hotel Diego de Almagro ****<\/a><\/td><td class=\"column-2\">Valpara\u00edso<\/td>\n<\/tr>\n<tr class=\"row-11\">\n\t<td class=\"column-1\"><a href=\"https:\/\/www.chile-reise.com\/hotels\/santiago-zentralchile-und-pazifikkueste\/palacio-astoreca\/\" target=\"_blank\">Palacio Astoreca ****<\/a><\/td><td class=\"column-2\">Valpara\u00edso<\/td>\n<\/tr>\n<tr class=\"row-12\">\n\t<td class=\"column-1\"><a href=\"hotel-plaza-san-francisco\/\" target=\"_blank\">Hotel Plaza San Francisco *****<\/a><\/td><td class=\"column-2\">Santiago - Downtown<\/td>\n<\/tr>\n<tr class=\"row-13\">\n\t<td class=\"column-1\"><a href=\"grand-hotel-hyatt\/\" target=\"_blank\">Grand Hotel Hyatt *****<\/a><\/td><td class=\"column-2\">Santiago - Las Condes<\/td>\n<\/tr>\n<tr class=\"row-14\">\n\t<td class=\"column-1\"><a href=\"hotel-the-ritz-carlton\/\" target=\"_blank\">The Ritz Carlton *****<\/a><\/td><td class=\"column-2\">Santiago - Las Condes<\/td>\n<\/tr>\n<tr class=\"row-15\">\n\t<td class=\"column-1\"><a href=\"plaza-el-bosque-park-suites\/\" target=\"_blank\">Plaza El Bosque Ebro *****<\/a><\/td><td class=\"column-2\">Santiago - Las Condes<\/td>\n<\/tr>\n<tr class=\"row-16\">\n\t<td class=\"column-1\"><a href=\"lastarria-boutique-hotel\/\" target=\"_blank\">Lastarria Boutique Hotel (B)<\/a><\/td><td class=\"column-2\">Santiago - Downtown<\/td>\n<\/tr>\n<tr class=\"row-17\">\n\t<td class=\"column-1\"><a href=\"hotel-w\/\" target=\"_blank\">Hotel W *****<\/a><\/td><td class=\"column-2\">Santiago - Las Condes<\/td>\n<\/tr>\n<tr class=\"row-18\">\n\t<td class=\"column-1\"><a href=\"boutique-hotel-the-aubrey\/\" target=\"_blank\">The Aubrey (B)<\/a><\/td><td class=\"column-2\">Santiago - Bellavista<\/td>\n<\/tr>\n<tr class=\"row-19\">\n\t<td class=\"column-1\"><a href=\"hotel-noi-vitacura\/\" target=\"_blank\">NOI Vitacura *****<\/a><\/td><td class=\"column-2\">Santiago - Vitacura<\/td>\n<\/tr>\n<tr class=\"row-20\">\n\t<td class=\"column-1\"><a href=\"boutique-hotel-le-reve\/\" target=\"_blank\">Hotel Le Reve (B)<\/a><\/td><td class=\"column-2\">Santiago - Providencia<\/td>\n<\/tr>\n<tr class=\"row-21\">\n\t<td class=\"column-1\"><a href=\"hotel-fundador\/\" target=\"_blank\">Hotel Fundador ****<\/a><\/td><td class=\"column-2\">Santiago - Downtown<\/td>\n<\/tr>\n<tr class=\"row-22\">\n\t<td class=\"column-1\"><a href=\"hotel-providencia\/\" target=\"_blank\">Hotel Providencia ****<\/a><\/td><td class=\"column-2\">Santiago - Providencia<\/td>\n<\/tr>\n<tr class=\"row-23\">\n\t<td class=\"column-1\"><a href=\"hotel-orly\/\" target=\"_blank\">Hotel Orly ***<\/a><\/td><td class=\"column-2\">Santiago - Providencia<\/td>\n<\/tr>\n<tr class=\"row-24\">\n\t<td class=\"column-1\"><a href=\"hotel-galerias\/\" target=\"_blank\">Hotel Galer\u00edas ****<\/a><\/td><td class=\"column-2\">Santiago - Downtown<\/td>\n<\/tr>\n<tr class=\"row-25\">\n\t<td class=\"column-1\"><a href=\"hotel-atton-el-bosque\/\" target=\"_blank\">Hotel Atton El Bosque ****<\/a><\/td><td class=\"column-2\">Santiago - Las Condes<\/td>\n<\/tr>\n<tr class=\"row-26\">\n\t<td class=\"column-1\"><a href=\"hotel-su-merced\/\" target=\"_blank\">Hotel Su Merced (B)<\/a><\/td><td class=\"column-2\">Santiago - Providencia<\/td>\n<\/tr>\n<tr class=\"row-27\">\n\t<td class=\"column-1\"><a href=\"hotel-marina-las-condes\/\" target=\"_blank\">Hotel Marina Las Condes ****<\/a><\/td><td class=\"column-2\">Santiago - Las Condes<\/td>\n<\/tr>\n<tr class=\"row-28\">\n\t<td class=\"column-1\"><a href=\"hotel-regal-pacific\/\" target=\"_blank\">Hotel Regal Pacific *****<\/a><\/td><td class=\"column-2\">Santiago - Las Condes<\/td>\n<\/tr>\n<tr class=\"row-29\">\n\t<td class=\"column-1\"><a href=\"sheraton-santiago-hotel-convention-center\/\" target=\"_blank\">Sheraton Santiago Hotel &amp; Convention Center *****<\/a><\/td><td class=\"column-2\">Santiago - Providencia<\/td>\n<\/tr>\n<tr class=\"row-30\">\n\t<td class=\"column-1\"><a href=\" hotel-torremayor-lyon\/\" target=\"_blank\">Hotel Torremayor Lyon ****<\/a><\/td><td class=\"column-2\">Santiago - Providencia<\/td>\n<\/tr>\n<tr class=\"row-31\">\n\t<td class=\"column-1\"><a href=\" hotel-radisson-plaza-santiago\/\" target=\"_blank\">Hotel Collection Plaza Santiago ****<\/a><\/td><td class=\"column-2\">Santiago - Las Condes<\/td>\n<\/tr>\n<tr class=\"row-32\">\n\t<td class=\"column-1\"><a href=\"hotel-torremayor-providencia\/\" target=\"_blank\">Hotel Torremayor Providencia ****<\/a><\/td><td class=\"column-2\">Santiago - Providencia<\/td>\n<\/tr>\n<tr class=\"row-33\">\n\t<td class=\"column-1\"><a href=\"altiplanico-bellas-artes\/\" target=\"_blank\">Altiplanico Bellas Artes (B)<\/a><\/td><td class=\"column-2\">Santiago - Downtown<\/td>\n<\/tr>\n<tr class=\"row-34\">\n\t<td class=\"column-1\"><a href=\"hotel-fauna\/\" target=\"_blank\">Hotel Fauna (B)<\/a><\/td><td class=\"column-2\">Valpara\u00edso<\/td>\n<\/tr>\n<tr class=\"row-35\">\n\t<td class=\"column-1\"><a href=\"the-singular-santiago\/\" target=\"_blank\">The Singular Santiago*****<\/a><\/td><td class=\"column-2\">Santiago - Downtown<\/td>\n<\/tr>\n<tr class=\"row-36\">\n\t<td class=\"column-1\"><a href=\"oporto-hotel-boutique\/\" target=\"_blank\">Hotel Oporto ***<\/a><\/td><td class=\"column-2\">Santiago - Prividencia<\/td>\n<\/tr>\n<tr class=\"row-37\">\n\t<td class=\"column-1\"><a href=\"altiplanico-san-alfonso\/\" target=\"_blank\">Altiplanico San Alfonso (B)<\/a><\/td><td class=\"column-2\">Caj\u00f3n del Maipo<\/td>\n<\/tr>\n<\/tbody>\n<\/table>\n<!-- #tablepress-29 from cache --><\/p>","protected":false},"excerpt":{"rendered":"<p>The central region, focused around Santiago and the nearby Pacific Coast, offers the country\u2019s widest choice of accommodations. In the capital city, you\u2019ll find everything from quaint boutique hotels to ultra-modern skyscrapers. Valpara\u00edso mainly offers boutique hotels in colourful restored &#8230;<\/p>\n","protected":false},"author":16,"featured_media":0,"parent":196,"menu_order":0,"comment_status":"open","ping_status":"open","template":"","meta":{"slim_seo":{"title":"Santiago, Zentralchile und Pazifikk\u00fcste Santiago, Central Chile and Pacific Coast - travelArt","description":"Die Zentralregion mit der Hauptstadt Santiago und der Pazifikk\u00fcste bietet die gr\u00f6\u00dfte Auswahl an Unterk\u00fcnften im Land. In Santiago ist vom urigen Boutique-Hotel"},"footnotes":""},"class_list":["post-210","page","type-page","status-publish","hentry"],"_links":{"self":[{"href":"https:\/\/www.chile-reise.com\/en\/wp-json\/wp\/v2\/pages\/210","targetHints":{"allow":["GET"]}}],"collection":[{"href":"https:\/\/www.chile-reise.com\/en\/wp-json\/wp\/v2\/pages"}],"about":[{"href":"https:\/\/www.chile-reise.com\/en\/wp-json\/wp\/v2\/types\/page"}],"author":[{"embeddable":true,"href":"https:\/\/www.chile-reise.com\/en\/wp-json\/wp\/v2\/users\/16"}],"replies":[{"embeddable":true,"href":"https:\/\/www.chile-reise.com\/en\/wp-json\/wp\/v2\/comments?post=210"}],"version-history":[{"count":0,"href":"https:\/\/www.chile-reise.com\/en\/wp-json\/wp\/v2\/pages\/210\/revisions"}],"up":[{"embeddable":true,"href":"https:\/\/www.chile-reise.com\/en\/wp-json\/wp\/v2\/pages\/196"}],"wp:attachment":[{"href":"https:\/\/www.chile-reise.com\/en\/wp-json\/wp\/v2\/media?parent=210"}],"curies":[{"name":"wp","href":"https:\/\/api.w.org\/{rel}","templated":true}]}}