{"id":198,"date":"2013-07-02T23:05:07","date_gmt":"2013-07-02T21:05:07","guid":{"rendered":"http:\/\/www.chile-reise.com\/wordpress\/?page_id=198"},"modified":"2013-10-02T18:22:15","modified_gmt":"2013-10-02T16:22:15","slug":"altiplano","status":"publish","type":"page","link":"https:\/\/www.chile-reise.com\/en\/hotels\/altiplano\/","title":{"rendered":"Altiplano"},"content":{"rendered":"<p><img loading=\"lazy\" decoding=\"async\" class=\"alignleft size-thumbnail wp-image-1046\" alt=\"slider_hotels_altiplano\" src=\"https:\/\/www.chile-reise.com\/wordpress\/wp-content\/uploads\/slider_hotels_altiplano-240x140.jpg\" width=\"240\" height=\"140\" \/>When visiting the Altiplano you may either choose to stay in Arica or Iquique \u2013 ideally on the beach \u2013 or, if travelling overland, in the simpler accommodations of one of the highland villages.<\/p>\n<h6>Our Hotels<\/h6>\n<span id=\"tablepress-9-no-2-description\" class=\"tablepress-table-description tablepress-table-description-id-9\"><\/span>\n\n<table id=\"tablepress-9-no-2\" class=\"tablepress tablepress-id-9\" aria-describedby=\"tablepress-9-no-2-description\">\n<thead>\n<tr class=\"row-1\">\n\t<th class=\"column-1\">Hotel<\/th><th class=\"column-2\">Ort<\/th>\n<\/tr>\n<\/thead>\n<tbody class=\"row-striping row-hover\">\n<tr class=\"row-2\">\n\t<td class=\"column-1\"><a href=\"https:\/\/www.chile-reise.com\/hotels\/altiplano\/hotel-arica-ressort\/\">Hotel Panamericana Arica ****<\/a><\/td><td class=\"column-2\">Arica<\/td>\n<\/tr>\n<tr class=\"row-3\">\n\t<td class=\"column-1\"><a href=\"hotel-diego-de-almagro\/\" target=\"_blank\">Hotel Diego de Almagro ****<\/a><\/td><td class=\"column-2\">Arica<\/td>\n<\/tr>\n<tr class=\"row-4\">\n\t<td class=\"column-1\"><a href=\"hotel-savona\/\" target=\"_blank\">Hotel Savona ****<\/a><\/td><td class=\"column-2\">Arica<\/td>\n<\/tr>\n<tr class=\"row-5\">\n\t<td class=\"column-1\"><a href=\"hotel-qantati\/\" target=\"_blank\">Hotel Q\u2019antati ***<\/a><\/td><td class=\"column-2\">Putre<\/td>\n<\/tr>\n<tr class=\"row-6\">\n\t<td class=\"column-1\"><a href=\"terrace-lodge\/\" target=\"_blank\">Terrace Lodge **<\/a><\/td><td class=\"column-2\">Putre<\/td>\n<\/tr>\n<tr class=\"row-7\">\n\t<td class=\"column-1\"><a href=\"holiday-inn-express-iquique\/\" target=\"_blank\">Holiday Inn Express Iquique ****<\/a><\/td><td class=\"column-2\">Iquique<\/td>\n<\/tr>\n<tr class=\"row-8\">\n\t<td class=\"column-1\"><a href=\"hotel-radisson-iquique\/\" target=\"_blank\">Hotel Radisson Iquique ****<\/a><\/td><td class=\"column-2\">Iquique<\/td>\n<\/tr>\n<tr class=\"row-9\">\n\t<td class=\"column-1\"><a href=\"spark-hotel\/\" target=\"_blank\">Spark Hotel ****<\/a><\/td><td class=\"column-2\">Iquique<\/td>\n<\/tr>\n<\/tbody>\n<\/table>\n<!-- #tablepress-9-no-2 from cache --><\/p>","protected":false},"excerpt":{"rendered":"<p>When visiting the Altiplano you may either choose to stay in Arica or Iquique \u2013 ideally on the beach \u2013 or, if travelling overland, in the simpler accommodations of one of the highland villages. Our Hotels<\/p>\n","protected":false},"author":16,"featured_media":0,"parent":196,"menu_order":0,"comment_status":"open","ping_status":"open","template":"","meta":{"slim_seo":{"title":"Altiplano Altiplano - travelArt","description":"Im Altiplano \u00fcbernachtet man entweder in Arica oder Iquique - am besten gleich am Strand - oder w\u00e4hrend \u00dcberlandreisen in einfachen Unterk\u00fcnften in den Hochland"},"footnotes":""},"class_list":["post-198","page","type-page","status-publish","hentry"],"_links":{"self":[{"href":"https:\/\/www.chile-reise.com\/en\/wp-json\/wp\/v2\/pages\/198","targetHints":{"allow":["GET"]}}],"collection":[{"href":"https:\/\/www.chile-reise.com\/en\/wp-json\/wp\/v2\/pages"}],"about":[{"href":"https:\/\/www.chile-reise.com\/en\/wp-json\/wp\/v2\/types\/page"}],"author":[{"embeddable":true,"href":"https:\/\/www.chile-reise.com\/en\/wp-json\/wp\/v2\/users\/16"}],"replies":[{"embeddable":true,"href":"https:\/\/www.chile-reise.com\/en\/wp-json\/wp\/v2\/comments?post=198"}],"version-history":[{"count":0,"href":"https:\/\/www.chile-reise.com\/en\/wp-json\/wp\/v2\/pages\/198\/revisions"}],"up":[{"embeddable":true,"href":"https:\/\/www.chile-reise.com\/en\/wp-json\/wp\/v2\/pages\/196"}],"wp:attachment":[{"href":"https:\/\/www.chile-reise.com\/en\/wp-json\/wp\/v2\/media?parent=198"}],"curies":[{"name":"wp","href":"https:\/\/api.w.org\/{rel}","templated":true}]}}