{"id":179,"date":"2013-07-02T22:17:42","date_gmt":"2013-07-02T20:17:42","guid":{"rendered":"http:\/\/www.chile-reise.com\/wordpress\/?page_id=179"},"modified":"2013-10-02T20:32:27","modified_gmt":"2013-10-02T18:32:27","slug":"seenueberquerung","status":"publish","type":"page","link":"https:\/\/www.chile-reise.com\/en\/packages-daytrips\/seengebiet\/seenueberquerung\/","title":{"rendered":"Lake Crossing"},"content":{"rendered":"<p>\r\n        <style type='text\/css'>\r\n            #gallery-2 {\r\n                margin: auto;\r\n            }\r\n            #gallery-2 .gallery-item {\r\n                float: left;\r\n                margin-top: 10px;\r\n                text-align: center;\r\n                width: 33%;           }\r\n            #gallery-2 img {\r\n                border: 2px solid #cfcfcf;\r\n            }\r\n            #gallery-2 .gallery-caption {\r\n                margin-left: 0;\r\n            }\r\n        <\/style>\r\n        <!-- see gallery_shortcode() in wp-includes\/media.php -->\r\n        <div id='gallery-2' class='gallery-images gallery galleryid-179'><dl class='gallery-item'>\r\n            <dt class='gallery-icon'>\r\n                <a href='https:\/\/www.chile-reise.com\/wp-content\/uploads\/PD_Seengebiet_2_1.jpg'><img loading=\"lazy\" decoding=\"async\" width=\"240\" height=\"140\" src=\"https:\/\/www.chile-reise.com\/wp-content\/uploads\/PD_Seengebiet_2_1-240x140.jpg\" class=\"attachment-thumbnail size-thumbnail\" alt=\"PD Seengebiet 2\" \/><\/a>\r\n            <\/dt>\r\n                <dd class='gallery-caption'>\r\n                Seen\u00fcberquerung\r\n                <\/dd><\/dl><dl class='gallery-item'>\r\n            <dt class='gallery-icon'>\r\n                <a href='https:\/\/www.chile-reise.com\/wp-content\/uploads\/PD_Seengebiet_2_2.jpg'><img loading=\"lazy\" decoding=\"async\" width=\"240\" height=\"140\" src=\"https:\/\/www.chile-reise.com\/wp-content\/uploads\/PD_Seengebiet_2_2-240x140.jpg\" class=\"attachment-thumbnail size-thumbnail\" alt=\"PD Seengebiet 2\" \/><\/a>\r\n            <\/dt>\r\n                <dd class='gallery-caption'>\r\n                Seen\u00fcberquerung\r\n                <\/dd><\/dl><dl class='gallery-item'>\r\n            <dt class='gallery-icon'>\r\n                <a href='https:\/\/www.chile-reise.com\/wp-content\/uploads\/PD_Seengebiet_2_3.jpg'><img loading=\"lazy\" decoding=\"async\" width=\"240\" height=\"140\" src=\"https:\/\/www.chile-reise.com\/wp-content\/uploads\/PD_Seengebiet_2_3-240x140.jpg\" class=\"attachment-thumbnail size-thumbnail\" alt=\"PD Seengebiet 2\" \/><\/a>\r\n            <\/dt>\r\n                <dd class='gallery-caption'>\r\n                Seen\u00fcberquerung\r\n                <\/dd><\/dl><br style=\"clear: both\" \/><dl class='gallery-item'>\r\n            <dt class='gallery-icon'>\r\n                <a href='https:\/\/www.chile-reise.com\/wp-content\/uploads\/PD_Seengebiet_2_4.jpg'><img loading=\"lazy\" decoding=\"async\" width=\"240\" height=\"140\" src=\"https:\/\/www.chile-reise.com\/wp-content\/uploads\/PD_Seengebiet_2_4-240x140.jpg\" class=\"attachment-thumbnail size-thumbnail\" alt=\"PD Seengebiet 2\" \/><\/a>\r\n            <\/dt>\r\n                <dd class='gallery-caption'>\r\n                Seen\u00fcberquerung\r\n                <\/dd><\/dl><dl class='gallery-item'>\r\n            <dt class='gallery-icon'>\r\n                <a href='https:\/\/www.chile-reise.com\/wp-content\/uploads\/PD_Seengebiet_2_5.jpg'><img loading=\"lazy\" decoding=\"async\" width=\"240\" height=\"140\" src=\"https:\/\/www.chile-reise.com\/wp-content\/uploads\/PD_Seengebiet_2_5-240x140.jpg\" class=\"attachment-thumbnail size-thumbnail\" alt=\"PD Seengebiet 2\" \/><\/a>\r\n            <\/dt>\r\n                <dd class='gallery-caption'>\r\n                Seen\u00fcberquerung\r\n                <\/dd><\/dl>\r\n            <br style='clear: both;' \/>\r\n        <\/div>\n\n<div class=\"clear\"><\/div><div class=\"divider\"><\/div>\n<p><strong>Travel Type:<\/strong> Nature<br \/>\n<strong>Duration<\/strong> 3 Days<\/p>\n\n\t<script type=\"text\/javascript\">\tjQuery(document).ready(function($){\tjQuery(\"ul.tabs-nav\").tabs(\"> .pane\"); }); <\/script>\n\n\t\t<div class=\"post-tabs\">\n\t\t\n<ul class=\"tabs-nav\">\n<li>Tourverlauf<\/li>\n<li>Anmerkungen<\/li>\n<\/ul>\n\n\t\t<div class=\"pane\">\n\t\t\n<strong>Day 1 \u2013 Lake crossing to Bariloche<\/strong><br \/>\nIn the morning, you will travel along the road following Lake Llanquihue\u2019s shoreline, enjoying breath-taking views of the Osorno and Calbuco volcanoes. First stop of the day is at the \u00abSaltos de Petrohue\u00bb waterfall.<br \/>\nAfterwards, a catamaran will depart for the crossing of Lake Todos Los Santos, setting off from the quay at Petrohue. \u00abAll Saints Lake\u00bb is surrounded by densely forested mountains, while the perfect cone of the Osorno volcano dominates the landscape. During the journey, the boat passes small islands, waterfalls and the pointed summit of the Puntiagudo volcano. Your destination is Peulla, in the heart of the Vicente P\u00e9rez Rosales National park. A hike through the dense Valdivian temperate rainforest will take you to the \u2018Cascada de la Novia\u2019 waterfall, and introduce many indigenous trees and plants alongside the interesting educational path.<br \/>\nIn the afternoon, the journey continues to Argentina, via the P\u00e9rez Rosales Pass. Short distances by bus are interspersed by lake crossings by boat or catamaran. Everywhere you will be treated to wonderful views of pristine landscape. Fortunately this lonely route has never been turned into a major highway, and can still be travelled in much the same way, as by the earliest settlers to the region, over a century ago. The last boat journey ends at Puerto Pa\u00f1uelo on Lake Nahuel Huapi. Accommodation in Bariloche.<\/p>\n<p><strong>Day 2 \u2013 Bariloche<\/strong><br \/>\nDay at leisure to discover Bariloche and its surroundings.<\/p>\n<p><strong>Day 3 \u2013 Bariloche \u2013 Puerto Varas (bus)<\/strong><br \/>\nTransfer to the bus station in Bariloche. From there you will drive back to Puerto Varas via the beautiful lake village Villa la Angostura and the Puyehue Pass. During the first part of this journey you will travel along the shore of the giant Lake Nahuel Huapi before ascending into the Andes. On the Chilean side, you will have wonderful views of the Antillanca, Puyehue and Calbuco volcanoes. Arrival in Puerto Varas in the late afternoon.<br \/>\n\n\t\t<\/div>\n\t\n\n\t\t<div class=\"pane\">\n\t\t\nThe first day of this programme can be booked as a full day excursion in summer (November to March).<br \/>\nIn Winter (April to October) this tour is only possible with an overnight in Peulla.<br \/>\nAfter your transfer from Puerto Montt and before the beginning of the programme, you might need to stay one extra night in Puerto Varas, depending on the time of your arrival. This programme can be combined with any Puerto Varas module.<br \/>\n\n\t\t<\/div>\n\t\n\n\t\t<\/div>\n\t<\/p>","protected":false},"excerpt":{"rendered":"<p>Travel Type: Nature Duration 3 Days<\/p>\n","protected":false},"author":16,"featured_media":0,"parent":101,"menu_order":0,"comment_status":"open","ping_status":"open","template":"","meta":{"slim_seo":{"title":"Seen\u00fcberquerung Lake Crossing - travelArt","description":"Seen\u00fcberquerung Seen\u00fcberquerung Seen\u00fcberquerung Seen\u00fcberquerung Seen\u00fcberquerung Art der Reise: Natur Dauer: 3 Tage Tourverlauf Anmerkungen 1. Tag - Puerto Varas"},"footnotes":""},"class_list":["post-179","page","type-page","status-publish","hentry"],"_links":{"self":[{"href":"https:\/\/www.chile-reise.com\/en\/wp-json\/wp\/v2\/pages\/179","targetHints":{"allow":["GET"]}}],"collection":[{"href":"https:\/\/www.chile-reise.com\/en\/wp-json\/wp\/v2\/pages"}],"about":[{"href":"https:\/\/www.chile-reise.com\/en\/wp-json\/wp\/v2\/types\/page"}],"author":[{"embeddable":true,"href":"https:\/\/www.chile-reise.com\/en\/wp-json\/wp\/v2\/users\/16"}],"replies":[{"embeddable":true,"href":"https:\/\/www.chile-reise.com\/en\/wp-json\/wp\/v2\/comments?post=179"}],"version-history":[{"count":0,"href":"https:\/\/www.chile-reise.com\/en\/wp-json\/wp\/v2\/pages\/179\/revisions"}],"up":[{"embeddable":true,"href":"https:\/\/www.chile-reise.com\/en\/wp-json\/wp\/v2\/pages\/101"}],"wp:attachment":[{"href":"https:\/\/www.chile-reise.com\/en\/wp-json\/wp\/v2\/media?parent=179"}],"curies":[{"name":"wp","href":"https:\/\/api.w.org\/{rel}","templated":true}]}}