{"id":102,"date":"2013-07-02T20:13:37","date_gmt":"2013-07-02T18:13:37","guid":{"rendered":"http:\/\/www.chile-reise.com\/wordpress\/?page_id=102"},"modified":"2019-07-26T15:53:05","modified_gmt":"2019-07-26T13:53:05","slug":"carretera-austral","status":"publish","type":"page","link":"https:\/\/www.chile-reise.com\/en\/packages-daytrips\/carretera-austral\/","title":{"rendered":"Carretera Austral"},"content":{"rendered":"<a href=\"https:\/\/www.chile-reise.com\/packages-daytrips\/carretera-austral\/ersatzfoto-carretera-austral-kleines-bild\/\" rel=\"attachment wp-att-3341\"><img loading=\"lazy\" decoding=\"async\" src=\"https:\/\/www.chile-reise.com\/wp-content\/uploads\/Ersatzfoto-Carretera-Austral-kleines-Bild-240x140.jpg\" alt=\"RN Rio Simpson, Carretera Austral\" width=\"240\" height=\"140\" class=\"alignleft size-thumbnail wp-image-3341\" \/><\/a>Through rainforests and coastal regions, across rivers and around lakes, through rock and along fjords and beaches, the 20-year construction of the Carretera Austral reached completion in 1996. Beginning in Puerto Montt, capital of Los Lagos Region, the Carretera Austral winds its way southward 1100 km to Caleta Tortel, providing (partially paved) access to previously unreachable areas. Visiting this region is like a journey back in time, with horses and oxcarts still the common means of transportation. If you\u2019re looking for adventure or relaxation far away from the usual tourist sites, you\u2019ll find it in the pristine wilderness of the Carretera Austral. <\/p>\n<h6>Our Tours<\/h6>\n<span id=\"tablepress-44-description\" class=\"tablepress-table-description tablepress-table-description-id-44\"><\/span>\n\n<table id=\"tablepress-44\" class=\"tablepress tablepress-id-44\" aria-describedby=\"tablepress-44-description\">\n<thead>\n<tr class=\"row-1\">\n\t<th class=\"column-1\">Name <\/th><th class=\"column-2\">Travel Type<\/th><th class=\"column-3\">Duration<\/th>\n<\/tr>\n<\/thead>\n<tbody class=\"row-striping row-hover\">\n<tr class=\"row-2\">\n\t<td class=\"column-1\"><a href=\"die-wilde-schoenheit-von-aysen\/\">The pristine beauty of Ays\u00e9n<\/a><\/td><td class=\"column-2\">Nature<\/td><td class=\"column-3\">4 Days<\/td>\n<\/tr>\n<tr class=\"row-3\">\n\t<td class=\"column-1\"><a href=\"natur-pur-terra-luna\/\" target=\"_blank\" rel=\"noopener\">Pure Nature \u2013 Terra Luna<\/a><\/td><td class=\"column-2\">Nature \/ Active<\/td><td class=\"column-3\">4 Days<\/td>\n<\/tr>\n<tr class=\"row-4\">\n\t<td class=\"column-1\"><a href=\"kunstwerk-der-natur-die-marmorkathedrale\/\" target=\"_blank\" rel=\"noopener\">An Artwork of Nature: The Marble Chapel<\/a><\/td><td class=\"column-2\">Nature<\/td><td class=\"column-3\">1 Day<\/td>\n<\/tr>\n<tr class=\"row-5\">\n\t<td class=\"column-1\"><a href=\"durch-die-grune-wildnis-elizalde-see-und-simpsontal\/\" target=\"_blank\" rel=\"noopener\">through the Green Wilderness: Lake Elizalde-See and Simpson Valley<\/a><\/td><td class=\"column-2\">Nature<\/td><td class=\"column-3\">1 Day<\/td>\n<\/tr>\n<tr class=\"row-6\">\n\t<td class=\"column-1\"><a href=\"naturpark-aiken-del-sur\/\" target=\"_blank\" rel=\"noopener\">Aiken del Sur Nature Park<\/a><\/td><td class=\"column-2\">Nature<\/td><td class=\"column-3\">1 Day<\/td>\n<\/tr>\n<tr class=\"row-7\">\n\t<td class=\"column-1\"><a href=\"queulat-nationalpark\/\" target=\"_blank\" rel=\"noopener\">Queulat National Park<\/a><\/td><td class=\"column-2\">Nature<\/td><td class=\"column-3\">1 Day<\/td>\n<\/tr>\n<tr class=\"row-8\">\n\t<td class=\"column-1\"><a href=\"flug-uber-die-laguna-san-rafael\/\" target=\"_blank\" rel=\"noopener\">Laguna San Rafael Overflight<\/a><\/td><td class=\"column-2\">Nature<\/td><td class=\"column-3\">1 Day<\/td>\n<\/tr>\n<\/tbody>\n<\/table>\n<!-- #tablepress-44 from cache -->","protected":false},"excerpt":{"rendered":"<p>Through rainforests and coastal regions, across rivers and around lakes, through rock and along fjords and beaches, the 20-year construction of the Carretera Austral reached completion in 1996. Beginning in Puerto Montt, capital of Los Lagos Region, the Carretera Austral &#8230;<\/p>\n","protected":false},"author":16,"featured_media":0,"parent":88,"menu_order":0,"comment_status":"open","ping_status":"open","template":"","meta":{"slim_seo":{"title":"Carretera Austral - travelArt","description":"[:de] Durch Urw\u00e4lder und K\u00fcstengebiete, \u00fcber Fl\u00fcsse und Seen, durch Felsen, an Fjorden und Str\u00e4nden entlang wurde 20 Jahre lang an der Carretera Austral gebaut,"},"footnotes":""},"class_list":["post-102","page","type-page","status-publish","hentry"],"_links":{"self":[{"href":"https:\/\/www.chile-reise.com\/en\/wp-json\/wp\/v2\/pages\/102","targetHints":{"allow":["GET"]}}],"collection":[{"href":"https:\/\/www.chile-reise.com\/en\/wp-json\/wp\/v2\/pages"}],"about":[{"href":"https:\/\/www.chile-reise.com\/en\/wp-json\/wp\/v2\/types\/page"}],"author":[{"embeddable":true,"href":"https:\/\/www.chile-reise.com\/en\/wp-json\/wp\/v2\/users\/16"}],"replies":[{"embeddable":true,"href":"https:\/\/www.chile-reise.com\/en\/wp-json\/wp\/v2\/comments?post=102"}],"version-history":[{"count":0,"href":"https:\/\/www.chile-reise.com\/en\/wp-json\/wp\/v2\/pages\/102\/revisions"}],"up":[{"embeddable":true,"href":"https:\/\/www.chile-reise.com\/en\/wp-json\/wp\/v2\/pages\/88"}],"wp:attachment":[{"href":"https:\/\/www.chile-reise.com\/en\/wp-json\/wp\/v2\/media?parent=102"}],"curies":[{"name":"wp","href":"https:\/\/api.w.org\/{rel}","templated":true}]}}