{"id":10050,"date":"2020-03-04T03:00:05","date_gmt":"2020-03-04T01:00:05","guid":{"rendered":"http:\/\/www.chile-reise.com\/?page_id=10050"},"modified":"2025-10-03T23:16:35","modified_gmt":"2025-10-03T21:16:35","slug":"deutsch-transatacama","status":"publish","type":"page","link":"https:\/\/www.chile-reise.com\/en\/deutsch-transatacama\/","title":{"rendered":"(Deutsch) Transatacama"},"content":{"rendered":"<p class=\"qtranxs-available-languages-message qtranxs-available-languages-message-en\">Sorry, this entry is only available in <a href=\"https:\/\/www.chile-reise.com\/de\/wp-json\/wp\/v2\/pages\/10050\" class=\"qtranxs-available-language-link qtranxs-available-language-link-de\" title=\"Deutsch\">Deutsch<\/a>.<\/p>","protected":false},"excerpt":{"rendered":"<p>Sorry, this entry is only available in Deutsch.<\/p>\n","protected":false},"author":16,"featured_media":0,"parent":0,"menu_order":0,"comment_status":"closed","ping_status":"closed","template":"","meta":{"slim_seo":{"title":"[:de]Transatacama[:] - travelArt","description":"[:de] Art der Reise: Natur Dauer: 14 Tage Eine Reise zur trockensten W\u00fcste der Welt ... Diese faszinierende 14-t\u00e4gige Reise f\u00fchrt Sie zu den sch\u00f6nsten Pl\u00e4tzen d"},"footnotes":""},"class_list":["post-10050","page","type-page","status-publish","hentry"],"_links":{"self":[{"href":"https:\/\/www.chile-reise.com\/en\/wp-json\/wp\/v2\/pages\/10050","targetHints":{"allow":["GET"]}}],"collection":[{"href":"https:\/\/www.chile-reise.com\/en\/wp-json\/wp\/v2\/pages"}],"about":[{"href":"https:\/\/www.chile-reise.com\/en\/wp-json\/wp\/v2\/types\/page"}],"author":[{"embeddable":true,"href":"https:\/\/www.chile-reise.com\/en\/wp-json\/wp\/v2\/users\/16"}],"replies":[{"embeddable":true,"href":"https:\/\/www.chile-reise.com\/en\/wp-json\/wp\/v2\/comments?post=10050"}],"version-history":[{"count":10,"href":"https:\/\/www.chile-reise.com\/en\/wp-json\/wp\/v2\/pages\/10050\/revisions"}],"predecessor-version":[{"id":17619,"href":"https:\/\/www.chile-reise.com\/en\/wp-json\/wp\/v2\/pages\/10050\/revisions\/17619"}],"wp:attachment":[{"href":"https:\/\/www.chile-reise.com\/en\/wp-json\/wp\/v2\/media?parent=10050"}],"curies":[{"name":"wp","href":"https:\/\/api.w.org\/{rel}","templated":true}]}}