{"id":99,"date":"2013-07-02T20:11:50","date_gmt":"2013-07-02T18:11:50","guid":{"rendered":"http:\/\/www.chile-reise.com\/wordpress\/?page_id=99"},"modified":"2022-05-05T16:30:40","modified_gmt":"2022-05-05T14:30:40","slug":"santiago-zentralchile-und-pazifikkueste","status":"publish","type":"page","link":"https:\/\/www.chile-reise.com\/de\/packages-daytrips\/santiago-zentralchile-und-pazifikkueste\/","title":{"rendered":"Santiago, Zentralchile und Pazifikk\u00fcste"},"content":{"rendered":"<img loading=\"lazy\" decoding=\"async\" class=\"alignleft size-thumbnail wp-image-921\" src=\"https:\/\/www.chile-reise.com\/wp-content\/uploads\/slider_zentralchile-240x140.jpg\" alt=\"slider_zentralchile\" width=\"240\" height=\"140\" \/>Santiago de Chile liegt auf halbem Weg zwischen Bergen und Ozean, nur je eineinhalb Autostunden entfernt von gro\u00dfartigen Wander- und Skigebieten in den Anden und den Badestr\u00e4nden und der Weltkulturerbestadt Valpara\u00edso am Pazifik. Die Stadt verbindet die Eigenschaften einer modernen Metropole eines aufstrebenden Landes mit denen einer geschichtstr\u00e4chtigen Stadt aus der Kolonialzeit. Santiago bietet eine gro\u00dfe Vielfalt an Museen, Parkanlagen, Ausstellungen, Restaurants und Pubs. Das charmante K\u00fcnstlerviertel Bellavista bietet ein quirliges Nachtleben und der elegante und moderne Stadtteil Las Condes wartet mit hervorragenden Restaurants auf.<\/p>\n<p>Weinliebhabern bietet das Umland von Santiago Gelegenheit, junge, hochmoderne oder traditionsreiche Weing\u00fcter kennenzulernen \u2013 chilenische Weine genie\u00dfen mittlerweile Weltruf.<\/p>\n<h6>Unser Reiseangebot<\/h6>\n<span id=\"tablepress-7-description\" class=\"tablepress-table-description tablepress-table-description-id-7\"><\/span>\n\n<table id=\"tablepress-7\" class=\"tablepress tablepress-id-7\" aria-describedby=\"tablepress-7-description\">\n<thead>\n<tr class=\"row-1\">\n\t<th class=\"column-1\">Name der Reise<\/th><th class=\"column-2\">Art der Reise<\/th><th class=\"column-3\">Dauer<\/th>\n<\/tr>\n<\/thead>\n<tbody class=\"row-striping row-hover\">\n<tr class=\"row-2\">\n\t<td class=\"column-1\"><a href=\"citytour-de-los-barrios\/\" target=\"_blank\" rel=\"noopener\">Citytour de los Barrios<\/a><\/td><td class=\"column-2\">Kultur<\/td><td class=\"column-3\">1\/2 Tag<\/td>\n<\/tr>\n<tr class=\"row-3\">\n\t<td class=\"column-1\"><a href=\"citytour-santiago\/\">Citytour Santiago<\/a><\/td><td class=\"column-2\">Kultur<\/td><td class=\"column-3\">1\/2 Tag<\/td>\n<\/tr>\n<tr class=\"row-4\">\n\t<td class=\"column-1\"><a href=\"aconcagua-das-dach-amerikas\/\">Aconcagua - Das Dach Amerikas<\/a><\/td><td class=\"column-2\">Natur<\/td><td class=\"column-3\">1 Tag<\/td>\n<\/tr>\n<tr class=\"row-5\">\n\t<td class=\"column-1\"><a href=\"wandern-im-nationalpark-cerro-morado\/\">Wandern im Nationalpark Cerro Morado<\/a><\/td><td class=\"column-2\">Aktiv<\/td><td class=\"column-3\">1 Tag<\/td>\n<\/tr>\n<tr class=\"row-6\">\n\t<td class=\"column-1\"><a href=\"arriero-fuer-einen-tag-reiten-in-der-quebrada-de-penalolen\/\">Arriero f\u00fcr einen Tag: Reiten in der Schlucht \"Quebrada de Pe\u00f1alolen<\/a><\/td><td class=\"column-2\">Aktiv<\/td><td class=\"column-3\">1 Tag<\/td>\n<\/tr>\n<tr class=\"row-7\">\n\t<td class=\"column-1\"><a href=\"das-nerudahaus-in-isla-negra-und-das-topferdorf-pomaire\/\">Das Nerudahaus in Isla Negra und das T\u00f6pferdorf Pomaire<\/a><\/td><td class=\"column-2\">Kultur<\/td><td class=\"column-3\">1 Tag<\/td>\n<\/tr>\n<tr class=\"row-8\">\n\t<td class=\"column-1\"><a href=\"citytour-valparaiso\/\">Citytour Valpara\u00edso<\/a><\/td><td class=\"column-2\">Kultur<\/td><td class=\"column-3\">1 Tag<\/td>\n<\/tr>\n<tr class=\"row-9\">\n\t<td class=\"column-1\"><a href=\"valle-nevado-und-die-anden\/\">Valle Nevado und die Anden<\/a><\/td><td class=\"column-2\">Natur<\/td><td class=\"column-3\">1 Tag<\/td>\n<\/tr>\n<tr class=\"row-10\">\n\t<td class=\"column-1\"><a href=\"unesco-weltkulturerbe-sewell\/\">UNESCO Weltkulturerbe Sewell<\/a><\/td><td class=\"column-2\">Kultur<\/td><td class=\"column-3\">1 Tag<\/td>\n<\/tr>\n<tr class=\"row-11\">\n\t<td class=\"column-1\"><a href=\"citytour-schwerpunkt-geschichte-und-menschenrechte\/\">Citytour: Schwerpunkt Geschichte und Menschenrechte<\/a><\/td><td class=\"column-2\">Kultur<\/td><td class=\"column-3\">1\/2 Tag<\/td>\n<\/tr>\n<tr class=\"row-12\">\n\t<td class=\"column-1\"><a href=\"entdeckungstour-in-der-kustenkordillere-la-campana-nationalpark\/\">Entdeckungstour in der K\u00fcstenkordillere (La Campana Nationalpark)<\/a><\/td><td class=\"column-2\">Aktiv<\/td><td class=\"column-3\">1 Tag<\/td>\n<\/tr>\n<tr class=\"row-13\">\n\t<td class=\"column-1\"><a href=\"local-life-markets-bike-tour\/\">Morgendliche Fahrradtour \u201cLokales Leben und M\u00e4rkte\u201d<\/a><\/td><td class=\"column-2\">Kultur<\/td><td class=\"column-3\">1\/2 Tag<\/td>\n<\/tr>\n<\/tbody>\n<\/table>\n<!-- #tablepress-7 from cache -->","protected":false},"excerpt":{"rendered":"<p>Santiago de Chile liegt auf halbem Weg zwischen Bergen und Ozean, nur je eineinhalb Autostunden entfernt von gro\u00dfartigen Wander- und Skigebieten in den Anden und den Badestr\u00e4nden und der Weltkulturerbestadt Valpara\u00edso am Pazifik. Die Stadt verbindet die Eigenschaften einer modernen &#8230;<\/p>\n","protected":false},"author":16,"featured_media":0,"parent":88,"menu_order":0,"comment_status":"open","ping_status":"open","template":"","meta":{"slim_seo":{"title":"[:de]Santiago, Zentralchile und Pazifikk\u00fcste[:en]Santiago, Central Chile and the Pacific Coast[:] - travelArt","description":"[:de] Santiago de Chile liegt auf halbem Weg zwischen Bergen und Ozean, nur je eineinhalb Autostunden entfernt von gro\u00dfartigen Wander- und Skigebieten in den An"},"footnotes":""},"class_list":["post-99","page","type-page","status-publish","hentry"],"_links":{"self":[{"href":"https:\/\/www.chile-reise.com\/de\/wp-json\/wp\/v2\/pages\/99","targetHints":{"allow":["GET"]}}],"collection":[{"href":"https:\/\/www.chile-reise.com\/de\/wp-json\/wp\/v2\/pages"}],"about":[{"href":"https:\/\/www.chile-reise.com\/de\/wp-json\/wp\/v2\/types\/page"}],"author":[{"embeddable":true,"href":"https:\/\/www.chile-reise.com\/de\/wp-json\/wp\/v2\/users\/16"}],"replies":[{"embeddable":true,"href":"https:\/\/www.chile-reise.com\/de\/wp-json\/wp\/v2\/comments?post=99"}],"version-history":[{"count":0,"href":"https:\/\/www.chile-reise.com\/de\/wp-json\/wp\/v2\/pages\/99\/revisions"}],"up":[{"embeddable":true,"href":"https:\/\/www.chile-reise.com\/de\/wp-json\/wp\/v2\/pages\/88"}],"wp:attachment":[{"href":"https:\/\/www.chile-reise.com\/de\/wp-json\/wp\/v2\/media?parent=99"}],"curies":[{"name":"wp","href":"https:\/\/api.w.org\/{rel}","templated":true}]}}