{"id":98,"date":"2013-07-02T20:10:41","date_gmt":"2013-07-02T18:10:41","guid":{"rendered":"http:\/\/www.chile-reise.com\/wordpress\/?page_id=98"},"modified":"2019-07-26T15:51:23","modified_gmt":"2019-07-26T13:51:23","slug":"kleiner-norden","status":"publish","type":"page","link":"https:\/\/www.chile-reise.com\/de\/packages-daytrips\/kleiner-norden\/","title":{"rendered":"&#8220;Kleiner Norden&#8220;"},"content":{"rendered":"<a href=\"https:\/\/www.chile-reise.com\/packages-daytrips\/kleiner-norden\/valle-del-elqui\/\" rel=\"attachment wp-att-3339\"><img loading=\"lazy\" decoding=\"async\" class=\"alignleft size-thumbnail wp-image-3339\" src=\"https:\/\/www.chile-reise.com\/wp-content\/uploads\/Valle-del-Elqui-240x140.jpg\" alt=\"Valle del Elqui\" width=\"240\" height=\"140\" \/><\/a>Der \u00abkleine Norden\u00bb liegt auf halbem Weg zwischen den fruchtbaren Gebieten Zentralchiles und der Atacamaw\u00fcste und ist dementsprechend eine h\u00fcgelige Halbw\u00fcstenlandschaft mit warmem Klima. Mit ihren kilometerlangen Str\u00e4nden und dem sch\u00f6nen historischen Zentrum ist die Stadt La Serena ein idealer Ort f\u00fcr entspannende Tage am Strand und ein guter Ausgangspunkt f\u00fcr Ausfl\u00fcge in das nahe gelegene gr\u00fcne Elquital, Heimat der Literaturnobelpreistr\u00e4gerin Gabriela Mistral und Produktionsst\u00e4tte des ber\u00fchmten \u201ePisco\u201c.<\/p>\n<h6>Unser Reiseangebot<\/h6>\n<span id=\"tablepress-4-description\" class=\"tablepress-table-description tablepress-table-description-id-4\"><\/span>\n\n<table id=\"tablepress-4\" class=\"tablepress tablepress-id-4\" aria-describedby=\"tablepress-4-description\">\n<thead>\n<tr class=\"row-1\">\n\t<th class=\"column-1\">Name der Reise<\/th><th class=\"column-2\">Art der Reise<\/th><th class=\"column-3\">Dauer<\/th>\n<\/tr>\n<\/thead>\n<tbody class=\"row-striping row-hover\">\n<tr class=\"row-2\">\n\t<td class=\"column-1\"><a href=\"citytour-la-serena\/\">Citytour La Serena<\/a><\/td><td class=\"column-2\">Kultur<\/td><td class=\"column-3\">1 Tag<\/td>\n<\/tr>\n<tr class=\"row-3\">\n\t<td class=\"column-1\"><a href=\"isla-damas\/\">Isla Damas<\/a><\/td><td class=\"column-2\">Natur<\/td><td class=\"column-3\">1 Tag<\/td>\n<\/tr>\n<tr class=\"row-4\">\n\t<td class=\"column-1\"><a href=\"elquital-und-observatoruim-mamalluca\/\">Elquital und Observatorium Mamalluca<\/a><\/td><td class=\"column-2\">Natur \/ Kultur<\/td><td class=\"column-3\">1 Tag<\/td>\n<\/tr>\n<tr class=\"row-5\">\n\t<td class=\"column-1\"><a href=\"fray-george-nationalpark-und-valle-del-encanto\/\">Fray George Nationalpark und Valle del Encanto<\/a><\/td><td class=\"column-2\">Natur \/ Kultur<\/td><td class=\"column-3\">1 Tag<\/td>\n<\/tr>\n<\/tbody>\n<\/table>\n<!-- #tablepress-4 from cache -->","protected":false},"excerpt":{"rendered":"<p>Der \u00abkleine Norden\u00bb liegt auf halbem Weg zwischen den fruchtbaren Gebieten Zentralchiles und der Atacamaw\u00fcste und ist dementsprechend eine h\u00fcgelige Halbw\u00fcstenlandschaft mit warmem Klima. Mit ihren kilometerlangen Str\u00e4nden und dem sch\u00f6nen historischen Zentrum ist die Stadt La Serena ein idealer &#8230;<\/p>\n","protected":false},"author":16,"featured_media":0,"parent":88,"menu_order":0,"comment_status":"open","ping_status":"open","template":"","meta":{"slim_seo":{"title":"[:de]\"Kleiner Norden\"[:en]\"Small North\"[:] - travelArt","description":"[:de] Der \u00abkleine Norden\u00bb liegt auf halbem Weg zwischen den fruchtbaren Gebieten Zentralchiles und der Atacamaw\u00fcste und ist dementsprechend eine h\u00fcgelige Halbw\u00fc"},"footnotes":""},"class_list":["post-98","page","type-page","status-publish","hentry"],"_links":{"self":[{"href":"https:\/\/www.chile-reise.com\/de\/wp-json\/wp\/v2\/pages\/98","targetHints":{"allow":["GET"]}}],"collection":[{"href":"https:\/\/www.chile-reise.com\/de\/wp-json\/wp\/v2\/pages"}],"about":[{"href":"https:\/\/www.chile-reise.com\/de\/wp-json\/wp\/v2\/types\/page"}],"author":[{"embeddable":true,"href":"https:\/\/www.chile-reise.com\/de\/wp-json\/wp\/v2\/users\/16"}],"replies":[{"embeddable":true,"href":"https:\/\/www.chile-reise.com\/de\/wp-json\/wp\/v2\/comments?post=98"}],"version-history":[{"count":0,"href":"https:\/\/www.chile-reise.com\/de\/wp-json\/wp\/v2\/pages\/98\/revisions"}],"up":[{"embeddable":true,"href":"https:\/\/www.chile-reise.com\/de\/wp-json\/wp\/v2\/pages\/88"}],"wp:attachment":[{"href":"https:\/\/www.chile-reise.com\/de\/wp-json\/wp\/v2\/media?parent=98"}],"curies":[{"name":"wp","href":"https:\/\/api.w.org\/{rel}","templated":true}]}}