{"id":96,"date":"2013-07-02T20:10:10","date_gmt":"2013-07-02T18:10:10","guid":{"rendered":"http:\/\/www.chile-reise.com\/wordpress\/?page_id=96"},"modified":"2019-07-26T15:51:02","modified_gmt":"2019-07-26T13:51:02","slug":"atacamawueste","status":"publish","type":"page","link":"https:\/\/www.chile-reise.com\/de\/packages-daytrips\/atacamawueste\/","title":{"rendered":"Atacamaw\u00fcste"},"content":{"rendered":"<img loading=\"lazy\" decoding=\"async\" class=\"alignleft size-thumbnail wp-image-698\" src=\"https:\/\/www.chile-reise.com\/wp-content\/uploads\/slider_atacamawueste-240x140.jpg\" alt=\"slider_atacamawueste\" width=\"240\" height=\"140\" \/>San Pedro de Atacama, ein kleines Oasenst\u00e4dtchen inmitten der Atacamaw\u00fcste, ist mit einer ganzen Reihe von Attraktionen in seiner Umgebung gesegnet: Von den Geysiren von Tatio bis zum Valle de la Luna, von der uralten Festungsanlage Pucar\u00e1 de Quitor bis zu den Thermalquellen von Puritama gibt es hier unz\u00e4hlige landschaftliche und arch\u00e4ologische H\u00f6hepunkte, die seit Jahrzehnten Reisende nach San Pedro ziehen. Gl\u00fccklicherweise scheint sich dieser Ort mit seinen beschaulichen, sandigen Stra\u00dfen und den niedrigen Adobeh\u00e4usern trotz der vielen Besucher kaum zu ver\u00e4ndern, das Dorfbild erscheint fast unbeeinflusst von den Touristen, die hierher kommen, um die unvergleichliche weite der Atacamaw\u00fcste selbst zu erleben.<\/p>\n<h6>Unser Reiseangebot<\/h6>\n<span id=\"tablepress-2-description\" class=\"tablepress-table-description tablepress-table-description-id-2\"><\/span>\n\n<table id=\"tablepress-2\" class=\"tablepress tablepress-id-2\" aria-describedby=\"tablepress-2-description\">\n<thead>\n<tr class=\"row-1\">\n\t<th class=\"column-1\">Name der Reise<\/th><th class=\"column-2\">Art der Reise<\/th><th class=\"column-3\">Dauer<\/th>\n<\/tr>\n<\/thead>\n<tbody class=\"row-striping row-hover\">\n<tr class=\"row-2\">\n\t<td class=\"column-1\"><a href=\"salar-de-atacama-und-lagunas-altiplanicas\/\">Salar de Atacama und Lagunas Altiplanicas<\/a><\/td><td class=\"column-2\">Natur<\/td><td class=\"column-3\">1 Tag<\/td>\n<\/tr>\n<tr class=\"row-3\">\n\t<td class=\"column-1\"><a href=\"archaeologische-tour\/\">Arch\u00e4ologische Tour<\/a><\/td><td class=\"column-2\">Kultur<\/td><td class=\"column-3\">1 Tag<\/td>\n<\/tr>\n<tr class=\"row-4\">\n\t<td class=\"column-1\"><a href=\"karischlucht\/\">Karischlucht<\/a><\/td><td class=\"column-2\">Aktiv<\/td><td class=\"column-3\">1 Tag<\/td>\n<\/tr>\n<tr class=\"row-5\">\n\t<td class=\"column-1\"><a href=\"catarpe-valle-de-la-muerte\/\">Catarpe \u2013 Valle de la Muerte<\/a><\/td><td class=\"column-2\">Aktiv<\/td><td class=\"column-3\">1 Tag<\/td>\n<\/tr>\n<tr class=\"row-6\">\n\t<td class=\"column-1\"><a href=\"machuca-rio-grande\/\">Machuca \u2013 Rio Grande<\/a><\/td><td class=\"column-2\">Aktiv<\/td><td class=\"column-3\">1 Tag<\/td>\n<\/tr>\n<tr class=\"row-7\">\n\t<td class=\"column-1\"><a href=\"besteigung-des-vulkan-toco\/\">Besteigung des Vulkan Toco<\/a><\/td><td class=\"column-2\">Aktiv<\/td><td class=\"column-3\">1 Tag<\/td>\n<\/tr>\n<tr class=\"row-8\">\n\t<td class=\"column-1\"><a href=\"trekking-vulkan-lascar\/\">Trekking Vulkan Lascar<\/a><\/td><td class=\"column-2\">Aktiv<\/td><td class=\"column-3\">1 Tag<\/td>\n<\/tr>\n<tr class=\"row-9\">\n\t<td class=\"column-1\"><a href=\"sternenbeobachtung\/\">Sternenbeobachtung<\/a><\/td><td class=\"column-2\">Natur<\/td><td class=\"column-3\">1 Tag<\/td>\n<\/tr>\n<tr class=\"row-10\">\n\t<td class=\"column-1\"><a href=\"laguna-cejar\/\">Laguna Cejar<\/a><\/td><td class=\"column-2\">Natur<\/td><td class=\"column-3\">1 Tag<\/td>\n<\/tr>\n<tr class=\"row-11\">\n\t<td class=\"column-1\"><a href=\"guatin-und-die-thermen-von-puritama\/\">Guatin und die Thermen von Puritama<\/a><\/td><td class=\"column-2\">Natur<\/td><td class=\"column-3\">1 Tag<\/td>\n<\/tr>\n<tr class=\"row-12\">\n\t<td class=\"column-1\"><a href=\"valle-del-arcoiris\/\">Valle del Arcoiris<\/a><\/td><td class=\"column-2\">Natur<\/td><td class=\"column-3\">1 Tag<\/td>\n<\/tr>\n<tr class=\"row-13\">\n\t<td class=\"column-1\"><a href=\"geysire-von-tatio\/\">Geysire von Tatio<\/a><\/td><td class=\"column-2\">Natur<\/td><td class=\"column-3\">1 Tag<\/td>\n<\/tr>\n<tr class=\"row-14\">\n\t<td class=\"column-1\"><a href=\"monche-von-pacana-und-laguna-pujsa\/\">\u201cM\u00f6nche\u201d von Pacana und Laguna Pujsa<\/a><\/td><td class=\"column-2\">Natur<\/td><td class=\"column-3\">1 Tag<\/td>\n<\/tr>\n<tr class=\"row-15\">\n\t<td class=\"column-1\"><a href=\"valle-de-la-luna\/\">Valle de la Luna<\/a><\/td><td class=\"column-2\">Natur<\/td><td class=\"column-3\">1 Tag<\/td>\n<\/tr>\n<tr class=\"row-16\">\n\t<td class=\"column-1\"><a href=\"kupfermine-chuquicamata\/\">Kupfermine Chuquicamata<\/a><\/td><td class=\"column-2\">Kultur<\/td><td class=\"column-3\">1 Tag<\/td>\n<\/tr>\n<\/tbody>\n<\/table>\n<!-- #tablepress-2 from cache -->","protected":false},"excerpt":{"rendered":"<p>San Pedro de Atacama, ein kleines Oasenst\u00e4dtchen inmitten der Atacamaw\u00fcste, ist mit einer ganzen Reihe von Attraktionen in seiner Umgebung gesegnet: Von den Geysiren von Tatio bis zum Valle de la Luna, von der uralten Festungsanlage Pucar\u00e1 de Quitor bis &#8230;<\/p>\n","protected":false},"author":16,"featured_media":0,"parent":88,"menu_order":0,"comment_status":"open","ping_status":"open","template":"","meta":{"slim_seo":{"title":"[:de]Atacamaw\u00fcste[:en]Atacama Desert[:] - travelArt","description":"[:de] San Pedro de Atacama, ein kleines Oasenst\u00e4dtchen inmitten der Atacamaw\u00fcste, ist mit einer ganzen Reihe von Attraktionen in seiner Umgebung gesegnet: Von d"},"footnotes":""},"class_list":["post-96","page","type-page","status-publish","hentry"],"_links":{"self":[{"href":"https:\/\/www.chile-reise.com\/de\/wp-json\/wp\/v2\/pages\/96","targetHints":{"allow":["GET"]}}],"collection":[{"href":"https:\/\/www.chile-reise.com\/de\/wp-json\/wp\/v2\/pages"}],"about":[{"href":"https:\/\/www.chile-reise.com\/de\/wp-json\/wp\/v2\/types\/page"}],"author":[{"embeddable":true,"href":"https:\/\/www.chile-reise.com\/de\/wp-json\/wp\/v2\/users\/16"}],"replies":[{"embeddable":true,"href":"https:\/\/www.chile-reise.com\/de\/wp-json\/wp\/v2\/comments?post=96"}],"version-history":[{"count":0,"href":"https:\/\/www.chile-reise.com\/de\/wp-json\/wp\/v2\/pages\/96\/revisions"}],"up":[{"embeddable":true,"href":"https:\/\/www.chile-reise.com\/de\/wp-json\/wp\/v2\/pages\/88"}],"wp:attachment":[{"href":"https:\/\/www.chile-reise.com\/de\/wp-json\/wp\/v2\/media?parent=96"}],"curies":[{"name":"wp","href":"https:\/\/api.w.org\/{rel}","templated":true}]}}