{"id":93,"date":"2013-07-02T20:04:20","date_gmt":"2013-07-02T18:04:20","guid":{"rendered":"http:\/\/www.chile-reise.com\/wordpress\/?page_id=93"},"modified":"2013-10-02T20:03:41","modified_gmt":"2013-10-02T18:03:41","slug":"salpeter-geisterstaedte","status":"publish","type":"page","link":"https:\/\/www.chile-reise.com\/de\/altiplano\/salpeter-geisterstaedte\/","title":{"rendered":"Salpeter Geisterst\u00e4dte"},"content":{"rendered":"<p>\r\n        <style type='text\/css'>\r\n            #gallery-1 {\r\n                margin: auto;\r\n            }\r\n            #gallery-1 .gallery-item {\r\n                float: left;\r\n                margin-top: 10px;\r\n                text-align: center;\r\n                width: 33%;           }\r\n            #gallery-1 img {\r\n                border: 2px solid #cfcfcf;\r\n            }\r\n            #gallery-1 .gallery-caption {\r\n                margin-left: 0;\r\n            }\r\n        <\/style>\r\n        <!-- see gallery_shortcode() in wp-includes\/media.php -->\r\n        <div id='gallery-1' class='gallery-images gallery galleryid-93'><dl class='gallery-item'>\r\n            <dt class='gallery-icon'>\r\n                <a href='https:\/\/www.chile-reise.com\/wp-content\/uploads\/PD_Altiplano_2_1.jpg'><img loading=\"lazy\" decoding=\"async\" width=\"240\" height=\"140\" src=\"https:\/\/www.chile-reise.com\/wp-content\/uploads\/PD_Altiplano_2_1-240x140.jpg\" class=\"attachment-thumbnail size-thumbnail\" alt=\"PD Altiplano 2\" \/><\/a>\r\n            <\/dt>\r\n                <dd class='gallery-caption'>\r\n                Salpeter Geisterst\u00e4dte\r\n                <\/dd><\/dl><dl class='gallery-item'>\r\n            <dt class='gallery-icon'>\r\n                <a href='https:\/\/www.chile-reise.com\/wp-content\/uploads\/PD_Altiplano_2_2.jpg'><img loading=\"lazy\" decoding=\"async\" width=\"240\" height=\"140\" src=\"https:\/\/www.chile-reise.com\/wp-content\/uploads\/PD_Altiplano_2_2-240x140.jpg\" class=\"attachment-thumbnail size-thumbnail\" alt=\"PD Altiplano 2\" \/><\/a>\r\n            <\/dt>\r\n                <dd class='gallery-caption'>\r\n                Salpeter Geisterst\u00e4dte\r\n                <\/dd><\/dl><dl class='gallery-item'>\r\n            <dt class='gallery-icon'>\r\n                <a href='https:\/\/www.chile-reise.com\/wp-content\/uploads\/PD_Altiplano_2_3.jpg'><img loading=\"lazy\" decoding=\"async\" width=\"240\" height=\"140\" src=\"https:\/\/www.chile-reise.com\/wp-content\/uploads\/PD_Altiplano_2_3-240x140.jpg\" class=\"attachment-thumbnail size-thumbnail\" alt=\"PD Altiplano 2\" \/><\/a>\r\n            <\/dt>\r\n                <dd class='gallery-caption'>\r\n                Salpeter Geisterst\u00e4dte\r\n                <\/dd><\/dl><br style=\"clear: both\" \/><dl class='gallery-item'>\r\n            <dt class='gallery-icon'>\r\n                <a href='https:\/\/www.chile-reise.com\/wp-content\/uploads\/PD_Altiplano_2_4.jpg'><img loading=\"lazy\" decoding=\"async\" width=\"240\" height=\"140\" src=\"https:\/\/www.chile-reise.com\/wp-content\/uploads\/PD_Altiplano_2_4-240x140.jpg\" class=\"attachment-thumbnail size-thumbnail\" alt=\"PD Altiplano 2\" \/><\/a>\r\n            <\/dt>\r\n                <dd class='gallery-caption'>\r\n                Salpeter Geisterst\u00e4dte\r\n                <\/dd><\/dl><dl class='gallery-item'>\r\n            <dt class='gallery-icon'>\r\n                <a href='https:\/\/www.chile-reise.com\/wp-content\/uploads\/PD_Altiplano_2_5.jpg'><img loading=\"lazy\" decoding=\"async\" width=\"240\" height=\"140\" src=\"https:\/\/www.chile-reise.com\/wp-content\/uploads\/PD_Altiplano_2_5-240x140.jpg\" class=\"attachment-thumbnail size-thumbnail\" alt=\"PD Altiplano 2\" \/><\/a>\r\n            <\/dt>\r\n                <dd class='gallery-caption'>\r\n                Salpeter Geisterst\u00e4dte\r\n                <\/dd><\/dl>\r\n            <br style='clear: both;' \/>\r\n        <\/div>\n\n<div class=\"clear\"><\/div><div class=\"divider\"><\/div>\n<p><strong>Art der Reise:<\/strong> Kultur<br \/>\n<strong>Dauer:<\/strong> 1 Tag<\/p>\n\n\t<script type=\"text\/javascript\">\tjQuery(document).ready(function($){\tjQuery(\"ul.tabs-nav\").tabs(\"> .pane\"); }); <\/script>\n\n\t\t<div class=\"post-tabs\">\n\t\t\n<ul class=\"tabs-nav\">\n<li>Tourverlauf<\/li>\n<\/ul>\n\n\t\t<div class=\"pane\">\n\t\t\nNach dem Fr\u00fchst\u00fcck brechen Sie von Iquique aus zu einer Exkursion ins Landesinnere auf und tauchen in die Geschichte des Salpeter-Booms ein, der hier Ende des 19. Jahrhunderts stattfand. Die Salpeterst\u00e4dte Humberstone und Santa Laura sind Zeugnisse aus den Tagen des Booms. Sie wurden 1872, als dieses Gebiet noch zu Peru geh\u00f6rte, gegr\u00fcndet, um das \u00abwei\u00dfe Gold\u00bb abzubauen. Ein Hotel mit einem riesigen Schwimmbecken, eine Vielzahl von Warenh\u00e4usern, eine Kirche, eine Schule und ein Sportstadion erf\u00fcllten einst die W\u00fcste mit Leben. Schauspieler aus aller Welt traten hier im Theater auf &#8211; eine bizarre Atmosph\u00e4re, die einen auch heute noch einf\u00e4ngt, wenn man durch die verlassenen Stra\u00dfen wandert. Nach der Erfindung der Ammoniak-Synthese brach der Salpetermarkt zusammen und die beiden Orte wurden verlassen, wenn auch erst 1960\/61 ganz geschlossen. 1970 wurden die Geisterst\u00e4dte unter Denkmalschutz gestellt und stehen seit 2005 auch auf der Liste des UNESCO-Weltkulturerbes. Am Nachmittag R\u00fcckkehr nach Iquique und Zeit f\u00fcr einen Strandbesuch oder Stadtbummel.<br \/>\n\n\t\t<\/div>\n\t\n\n\t\t<\/div>\n\t<\/p>","protected":false},"excerpt":{"rendered":"<p>Art der Reise: Kultur Dauer: 1 Tag<\/p>\n","protected":false},"author":16,"featured_media":0,"parent":69,"menu_order":0,"comment_status":"open","ping_status":"open","template":"","meta":{"slim_seo":{"title":"Salpeter Geisterst\u00e4dte Salpeter Ghost Towns - travelArt","description":"Salpeter Geisterst\u00e4dte Salpeter Geisterst\u00e4dte Salpeter Geisterst\u00e4dte Salpeter Geisterst\u00e4dte Salpeter Geisterst\u00e4dte Art der Reise: Kultur Dauer: 1 Tag Tourverlau"},"footnotes":""},"class_list":["post-93","page","type-page","status-publish","hentry"],"_links":{"self":[{"href":"https:\/\/www.chile-reise.com\/de\/wp-json\/wp\/v2\/pages\/93","targetHints":{"allow":["GET"]}}],"collection":[{"href":"https:\/\/www.chile-reise.com\/de\/wp-json\/wp\/v2\/pages"}],"about":[{"href":"https:\/\/www.chile-reise.com\/de\/wp-json\/wp\/v2\/types\/page"}],"author":[{"embeddable":true,"href":"https:\/\/www.chile-reise.com\/de\/wp-json\/wp\/v2\/users\/16"}],"replies":[{"embeddable":true,"href":"https:\/\/www.chile-reise.com\/de\/wp-json\/wp\/v2\/comments?post=93"}],"version-history":[{"count":0,"href":"https:\/\/www.chile-reise.com\/de\/wp-json\/wp\/v2\/pages\/93\/revisions"}],"up":[{"embeddable":true,"href":"https:\/\/www.chile-reise.com\/de\/wp-json\/wp\/v2\/pages\/69"}],"wp:attachment":[{"href":"https:\/\/www.chile-reise.com\/de\/wp-json\/wp\/v2\/media?parent=93"}],"curies":[{"name":"wp","href":"https:\/\/api.w.org\/{rel}","templated":true}]}}