{"id":918,"date":"2013-07-31T23:08:38","date_gmt":"2013-07-31T21:08:38","guid":{"rendered":"http:\/\/www.chile-reise.com\/wordpress\/?page_id=918"},"modified":"2016-07-21T22:28:11","modified_gmt":"2016-07-21T20:28:11","slug":"santiago-zentralchile-und-pazifikkueste","status":"publish","type":"page","link":"https:\/\/www.chile-reise.com\/de\/kleiner-reisefuehrer\/santiago-zentralchile-und-pazifikkueste\/","title":{"rendered":"Santiago, Zentralchile und Pazifikk\u00fcste"},"content":{"rendered":"<img loading=\"lazy\" decoding=\"async\" src=\"https:\/\/www.chile-reise.com\/wp-content\/uploads\/slider_zentralchile-240x140.jpg\" alt=\"slider_zentralchile\" width=\"240\" height=\"140\" class=\"alignleft size-thumbnail wp-image-921\" \/> Zentralchile ist von der Natur privilegiert, in diesen Breitengraden befinden sich im Westen die sch\u00f6nsten <strong>Str\u00e4nde<\/strong> und im Osten die <strong>Hochanden<\/strong> mit in ganz S\u00fcdamerika beliebten Skigebieten. Dazwischen w\u00e4chst in sonnenverw\u00f6hnten Lagen hervorragender <strong>Wein<\/strong> sowie ein Gro\u00dfteil von Chiles Obst- und Gem\u00fcseproduktion. Die Andent\u00e4ler und Hochebenen locken mit <strong>Outdoor-Aktivit\u00e4ten<\/strong> wie Rafting, Trekking und vielem mehr und mit Pichilemu befindet sich DAS Surfgebiet S\u00fcdamerikas ebenfalls in Chile. <\/p>\n<p>Mittendrin liegt <strong>Santiago de Chile<\/strong>. Die chilenische Hauptstadt verbindet die Eigenschaften einer modernen Hauptstadt eines aufstrebenden Landes mit denen einer geschichtstr\u00e4chtigen Stadt aus der Kolonialzeit. In den letzten Jahrzehnten hat sich Santiago rasant zu einer hochmodernen Metropole entwickelt, in der das Herz von Chiles Wirtschaft, Fortschritt und dem kulturellen Leben schl\u00e4gt und wo sich das Zuhause von etwa einem Drittel der Chilenen befindet. <\/p>\n<p>Zentralchile mit seiner florierenden Landwirtschaft ist abseits der gro\u00dfen St\u00e4dte fest in den H\u00e4nden der \u201eHuasos\u201d, eine Art <strong>chilenischer Cowboys<\/strong> und Landarbeiter, die stolz auf ihre l\u00e4ndliche Kultur sind und hoch zu Ross ihre typische Tracht tragen. Auch wohlhabende Landbesitzer pr\u00e4sentieren sich an Festtagen gern mit den Insignien der zentralchilenischen Folklore, um sich von den St\u00e4dtern abzugrenzen. Viele D\u00f6rfer der Region haben ihre eigene \u201eMedia Luna\u201d (=Halbmond), eine Rodeoarena, in der die chilenische Form des Rodeos praktiziert wird. Dabei treiben zwei Huasos zu Pferd ein junges Rind nach streng festgelegten Regeln in die Enge. Je nach Schnelligkeit und Eleganz der Vorf\u00fchrung bekommen sie daf\u00fcr Punkte.<br \/>\nEinmal im Jahr findet man Huasos und ihre Begleiterinnen, die \u201eChinitas\u201d in ganz Chile vor: Rund um die Nationalfeiertage (18. und 19. September) tanzt man in den Festzelten des ganzen Landes \u201eCueca Chilena\u201d, den Nationaltanz, gern auch in Tracht. <\/p>\n<p><strong>Valpara\u00edso<\/strong>, h\u00e4ufig als Chiles charmanteste Stadt bezeichnet, blickt auf eine bewegte Einwanderungsgeschichte zur\u00fcck, deren Spuren noch heute im Gewirr der Gassen, Treppen und Pl\u00e4tze zu finden sind. Seit jeher Chiles wichtigste Hafenstadt, erlebte Valpara\u00edso ab dem 19. Jahrhundert eine Einwanderungswelle aus Deutschland, England, Frankreich und den Vereinigten Staaten. Auf den H\u00fcgeln um die weite Bucht entstand ein einzigartiges Stadtbild, gepr\u00e4gt von einem farbenfrohen Mosaik aus bunt gestrichenen H\u00e4usern, die von den H\u00e4ngen auf den Hafen herabschauen. Bis heute hat Valpara\u00edso sich den rauen Charme einer Hafenstadt bewahrt, w\u00e4hrend gleichzeitig Kunst und Kultur wie in kaum einer anderen Stadt in Chile bl\u00fchen. Mit gutem Grund wurden Teile des Zentrums 2003 zum UNESCO-Weltkulturerbe erkl\u00e4rt. Besonderes Highlight hier sind die um 1900 konstruierten Schr\u00e4gaufz\u00fcge, die Unter- und Oberstadt verbinden, sodass man sich nicht \u00fcberall an den zahlreichen Treppen abm\u00fchen muss. Sie tun noch heute tagein, tagaus ihren Dienst.<br \/>","protected":false},"excerpt":{"rendered":"<p>Zentralchile ist von der Natur privilegiert, in diesen Breitengraden befinden sich im Westen die sch\u00f6nsten Str\u00e4nde und im Osten die Hochanden mit in ganz S\u00fcdamerika beliebten Skigebieten. Dazwischen w\u00e4chst in sonnenverw\u00f6hnten Lagen hervorragender Wein sowie ein Gro\u00dfteil von Chiles Obst- &#8230;<\/p>\n","protected":false},"author":16,"featured_media":0,"parent":13,"menu_order":0,"comment_status":"open","ping_status":"open","template":"","meta":{"slim_seo":{"title":"[:de]Santiago, Zentralchile und Pazifikk\u00fcste[:en]Santiago, Central Chile and Pacific Coast[:] - travelArt","description":"[:de] Zentralchile ist von der Natur privilegiert, in diesen Breitengraden befinden sich im Westen die sch\u00f6nsten Str\u00e4nde und im Osten die Hochanden mit in ganz"},"footnotes":""},"class_list":["post-918","page","type-page","status-publish","hentry"],"_links":{"self":[{"href":"https:\/\/www.chile-reise.com\/de\/wp-json\/wp\/v2\/pages\/918","targetHints":{"allow":["GET"]}}],"collection":[{"href":"https:\/\/www.chile-reise.com\/de\/wp-json\/wp\/v2\/pages"}],"about":[{"href":"https:\/\/www.chile-reise.com\/de\/wp-json\/wp\/v2\/types\/page"}],"author":[{"embeddable":true,"href":"https:\/\/www.chile-reise.com\/de\/wp-json\/wp\/v2\/users\/16"}],"replies":[{"embeddable":true,"href":"https:\/\/www.chile-reise.com\/de\/wp-json\/wp\/v2\/comments?post=918"}],"version-history":[{"count":0,"href":"https:\/\/www.chile-reise.com\/de\/wp-json\/wp\/v2\/pages\/918\/revisions"}],"up":[{"embeddable":true,"href":"https:\/\/www.chile-reise.com\/de\/wp-json\/wp\/v2\/pages\/13"}],"wp:attachment":[{"href":"https:\/\/www.chile-reise.com\/de\/wp-json\/wp\/v2\/media?parent=918"}],"curies":[{"name":"wp","href":"https:\/\/api.w.org\/{rel}","templated":true}]}}