{"id":9,"date":"2013-07-01T22:52:16","date_gmt":"2013-07-01T20:52:16","guid":{"rendered":"http:\/\/www.chile-reise.com\/wordpress\/?page_id=9"},"modified":"2022-11-11T22:35:47","modified_gmt":"2022-11-11T20:35:47","slug":"ueber-uns","status":"publish","type":"page","link":"https:\/\/www.chile-reise.com\/de\/ueber-uns\/","title":{"rendered":"\u00dcber uns"},"content":{"rendered":"travelArt wurde 1994 mit dem Ziel gegr\u00fcndet, <strong>einzigartige und unvergessliche Reiseerlebnisse in Chile<\/strong> zu erm\u00f6glichen &#8211; und wir haben uns zu einem dynamischen und f\u00fchrenden Anbieter auf dem chilenischen Tourismusmarkt entwickelt. Seit 2017 ist travelArt eine Einheit des renommierten chilenischen Reiseunternehmens Turavion unter der Leitung von Enrique Sacchetti.<br \/>\n<br \/>\nDas Team von travelArt, unsere \u201etravelArtisten\u201c, ist <strong>rund um die Uhr f\u00fcr die G\u00e4ste da<\/strong> und sorgt f\u00fcr einen reibungslosen Ablauf jeder noch so ausgefallenen Reise. Jedes Jahr brechen die travelArtisten in die verschiedenen Regionen Chiles auf, um die Qualit\u00e4t unserer Leistungstr\u00e4ger sicherzustellen, sie zu schulen und auch im entlegensten Winkel Chiles neue, interessante Touren, tolle Hotels und gute Restaurants zu entdecken.<br \/>\n<br \/>\ntravelArt besteht heute aus einem gro\u00dfen B\u00fcro in Chiles Hauptstadt Santiago sowie Zweigstellen am Flughafen von Santiago, in Patagonien sowie in der Seenregion Chiles. Ein fester Stamm von hochqualifizierten, freundlichen Reiseleitern k\u00fcmmert sich mit Leidenschaft um jeden einzelnen Kunden und machen jede Chile-Reise mit travelArt zu einem wunderbaren Erlebnis!<\/p>\n<p><\/p>\n<p><strong>Ihre Vorteile bei travelArt Chile:<\/strong><\/p>\n<p>\u2022 mehr als zwei Jahrzehnte Erfahrung<br \/>\n\u2022 Kundenorientierte Servicementalit\u00e4t<br \/>\n\u2022 ma\u00dfgeschneiderte Programme f\u00fcr Gruppen und Individualreisende<br \/>\n\u2022 exzellente Destinationskenntnisse<br \/>\n\u2022 hochqualifiziertes und engagiertes Reiseleiterteam<br \/>\n\u2022 regelm\u00e4\u00dfige Schulungen von Mitarbeitern, Reiseleitern und Leistungstr\u00e4gern<br \/>\n\u2022 eigene B\u00fcros in Chiles wichtigsten Tourismusregionen<br \/>\n\u2022 24-Stunden Notfalltelefon<br \/>\n\u2022 hervorragende Beziehungen zu den wichtigsten Hauptanbietern der Branche<br \/>\n\u2022 enge Zusammenarbeit mit lokalen Organisationen<\/p>\n<p><\/p>\n<p>travelArt ist Mitglied bei LATC (Latin American Travel Concept), das Reisen durch ganz S\u00fcdamerika aus einer Hand anbietet, bei <a href=\"https:\/\/www.lata.travel\/\" target=\"_blank\" rel=\"noopener noreferrer\">LATA<\/a> (Latin American Travel Association) sowie bei der <a href=\"https:\/\/www.lateinamerika.org\/de\/\" target=\"_blank\" rel=\"noopener noreferrer\">ArgeLA<\/a> (Arbeitsgemeinschaft LateinAmerika).<\/p>\n<p><a href=\"https:\/\/www.chile-reise.com\/wp-content\/uploads\/All-logos-about-us-web.png\"><img loading=\"lazy\" decoding=\"async\" src=\"https:\/\/www.chile-reise.com\/wp-content\/uploads\/All-logos-about-us-web.png\" alt=\"\" width=\"700\" height=\"125\" style=\"border: none;\" class=\"aligncenter size-full wp-image-13051\" \/><\/a><\/p>\n<p><img loading=\"lazy\" decoding=\"async\" src=\"https:\/\/www.chile-reise.com\/wp-content\/uploads\/arrow-left.gif\" alt=\"\" width=\"50\" height=\"50\" class=\"alignleft size-full wp-image-14460\" \/><a href=\"https:\/\/www.chile-reise.com\/wp-content\/uploads\/\u00dcber_travelArt.pdf\"target=\"_blank\">travelArt Firmenprofil<\/a><\/p>\n<p><a href=\"https:\/\/www.chile-reise.com\/wp-content\/uploads\/Nachhaltigkeitspolitik-2022-travelArt-Turavion.pdf\" rel=\"noopener\" target=\"_blank\">Nachhaltigkeitspolitik<\/a><br \/>","protected":false},"excerpt":{"rendered":"<p>travelArt wurde 1994 mit dem Ziel gegr\u00fcndet, einzigartige und unvergessliche Reiseerlebnisse in Chile zu erm\u00f6glichen &#8211; und wir haben uns zu einem dynamischen und f\u00fchrenden Anbieter auf dem chilenischen Tourismusmarkt entwickelt. Seit 2017 ist travelArt eine Einheit des renommierten chilenischen &#8230;<\/p>\n","protected":false},"author":16,"featured_media":0,"parent":0,"menu_order":0,"comment_status":"open","ping_status":"open","template":"","meta":{"slim_seo":{"title":"[:de]\u00dcber uns[:en]About us[:] - travelArt","description":"[:de]travelArt wurde 1994 mit dem Ziel gegr\u00fcndet, einzigartige und unvergessliche Reiseerlebnisse in Chile zu erm\u00f6glichen - und wir haben uns zu einem dynamisch"},"footnotes":""},"class_list":["post-9","page","type-page","status-publish","hentry"],"_links":{"self":[{"href":"https:\/\/www.chile-reise.com\/de\/wp-json\/wp\/v2\/pages\/9","targetHints":{"allow":["GET"]}}],"collection":[{"href":"https:\/\/www.chile-reise.com\/de\/wp-json\/wp\/v2\/pages"}],"about":[{"href":"https:\/\/www.chile-reise.com\/de\/wp-json\/wp\/v2\/types\/page"}],"author":[{"embeddable":true,"href":"https:\/\/www.chile-reise.com\/de\/wp-json\/wp\/v2\/users\/16"}],"replies":[{"embeddable":true,"href":"https:\/\/www.chile-reise.com\/de\/wp-json\/wp\/v2\/comments?post=9"}],"version-history":[{"count":0,"href":"https:\/\/www.chile-reise.com\/de\/wp-json\/wp\/v2\/pages\/9\/revisions"}],"wp:attachment":[{"href":"https:\/\/www.chile-reise.com\/de\/wp-json\/wp\/v2\/media?parent=9"}],"curies":[{"name":"wp","href":"https:\/\/api.w.org\/{rel}","templated":true}]}}