{"id":73,"date":"2013-07-02T19:32:24","date_gmt":"2013-07-02T17:32:24","guid":{"rendered":"http:\/\/www.chile-reise.com\/wordpress\/?page_id=73"},"modified":"2013-10-02T20:03:18","modified_gmt":"2013-10-02T18:03:18","slug":"lauca-nationalpark","status":"publish","type":"page","link":"https:\/\/www.chile-reise.com\/de\/altiplano\/lauca-nationalpark\/","title":{"rendered":"Lauca Nationalpark"},"content":{"rendered":"<p>\r\n        <style type='text\/css'>\r\n            #gallery-1 {\r\n                margin: auto;\r\n            }\r\n            #gallery-1 .gallery-item {\r\n                float: left;\r\n                margin-top: 10px;\r\n                text-align: center;\r\n                width: 33%;           }\r\n            #gallery-1 img {\r\n                border: 2px solid #cfcfcf;\r\n            }\r\n            #gallery-1 .gallery-caption {\r\n                margin-left: 0;\r\n            }\r\n        <\/style>\r\n        <!-- see gallery_shortcode() in wp-includes\/media.php -->\r\n        <div id='gallery-1' class='gallery-images gallery galleryid-73'><dl class='gallery-item'>\r\n            <dt class='gallery-icon'>\r\n                <a href='https:\/\/www.chile-reise.com\/wp-content\/uploads\/PD_Altiplano_1_2.jpg'><img loading=\"lazy\" decoding=\"async\" width=\"240\" height=\"140\" src=\"https:\/\/www.chile-reise.com\/wp-content\/uploads\/PD_Altiplano_1_2-240x140.jpg\" class=\"attachment-thumbnail size-thumbnail\" alt=\"PD Altiplano 1\" \/><\/a>\r\n            <\/dt>\r\n                <dd class='gallery-caption'>\r\n                Lauca Nationalpark\r\n                <\/dd><\/dl><dl class='gallery-item'>\r\n            <dt class='gallery-icon'>\r\n                <a href='https:\/\/www.chile-reise.com\/wp-content\/uploads\/PD_Altiplano_1_3.jpg'><img loading=\"lazy\" decoding=\"async\" width=\"240\" height=\"140\" src=\"https:\/\/www.chile-reise.com\/wp-content\/uploads\/PD_Altiplano_1_3-240x140.jpg\" class=\"attachment-thumbnail size-thumbnail\" alt=\"PD Altiplano 1\" \/><\/a>\r\n            <\/dt>\r\n                <dd class='gallery-caption'>\r\n                Lauca Nationalpark\r\n                <\/dd><\/dl><dl class='gallery-item'>\r\n            <dt class='gallery-icon'>\r\n                <a href='https:\/\/www.chile-reise.com\/wp-content\/uploads\/PD_Altiplano_1_4.jpg'><img loading=\"lazy\" decoding=\"async\" width=\"240\" height=\"140\" src=\"https:\/\/www.chile-reise.com\/wp-content\/uploads\/PD_Altiplano_1_4-240x140.jpg\" class=\"attachment-thumbnail size-thumbnail\" alt=\"PD Altiplano 1\" \/><\/a>\r\n            <\/dt>\r\n                <dd class='gallery-caption'>\r\n                Lauca Nationalpark\r\n                <\/dd><\/dl><br style=\"clear: both\" \/><dl class='gallery-item'>\r\n            <dt class='gallery-icon'>\r\n                <a href='https:\/\/www.chile-reise.com\/wp-content\/uploads\/PD_Altiplano_1_5.jpg'><img loading=\"lazy\" decoding=\"async\" width=\"240\" height=\"140\" src=\"https:\/\/www.chile-reise.com\/wp-content\/uploads\/PD_Altiplano_1_5-240x140.jpg\" class=\"attachment-thumbnail size-thumbnail\" alt=\"PD Altiplano 1\" \/><\/a>\r\n            <\/dt>\r\n                <dd class='gallery-caption'>\r\n                Lauca Nationalpark\r\n                <\/dd><\/dl><dl class='gallery-item'>\r\n            <dt class='gallery-icon'>\r\n                <a href='https:\/\/www.chile-reise.com\/wp-content\/uploads\/PD_Altiplano_1_7.jpg'><img loading=\"lazy\" decoding=\"async\" width=\"240\" height=\"140\" src=\"https:\/\/www.chile-reise.com\/wp-content\/uploads\/PD_Altiplano_1_7-240x140.jpg\" class=\"attachment-thumbnail size-thumbnail\" alt=\"PD Altiplano 1\" \/><\/a>\r\n            <\/dt>\r\n                <dd class='gallery-caption'>\r\n                Lauca Nationalpark\r\n                <\/dd><\/dl>\r\n            <br style='clear: both;' \/>\r\n        <\/div>\n\n<div class=\"clear\"><\/div><div class=\"divider\"><\/div>\n<p><strong>Art der Reise:<\/strong> Natur<br \/>\n<strong>Dauer:<\/strong> 1 Tag<\/p>\n\n\t<script type=\"text\/javascript\">\tjQuery(document).ready(function($){\tjQuery(\"ul.tabs-nav\").tabs(\"> .pane\"); }); <\/script>\n\n\t\t<div class=\"post-tabs\">\n\t\t\n<ul class=\"tabs-nav\">\n<li>Tourverlauf<\/li>\n<li>Anmerkungen<\/li>\n<\/ul>\n\n\t\t<div class=\"pane\">\n\t\t\nUnternehmen Sie einen faszinierenden, ganzt\u00e4gigen Ausflug ins Altiplano, in den Lauca Nationalpark. Auf dem Weg dorthin durchqueren Sie das Lluta Tal, das mit seinem bew\u00e4sserten, ertragreichen Land einen erstaunlichen Kontrast zur trockenen W\u00fcste bildet. R\u00e4tselhafte Felszeichnungen von Lamas und Menschen erstrecken sich hier \u00fcber die Bergh\u00e4nge. Von dort f\u00fchrt Ihre Fahrt weiter zum 4.500m hoch gelegenen Chungar\u00e1-See, in dessen tiefblauer Fl\u00e4che sich der 6.400m hohe schneebedeckte Vulkan Parinacota wundersch\u00f6n spiegelt. Spazieren Sie danach durch pr\u00e4hispanische\u00a0 Hochlandd\u00f6rfer wie Putre (3.500 m \u00fc.M.) und Parinacota (4.392 m). Ihre Kirchen stammen aus dem fr\u00fchen 17. Jh. und beherbergen viele interessante Relikte. Die Tierwelt des Altiplano ist in ihrer Vielfalt beeindruckend: Guanakos, Vicu\u00f1as, Alpakas, Pumas und Flamingos sind nur einige von ihnen. Nach einem Mittagessen in Putre machen Sie sich auf den R\u00fcckweg zur Pazifikk\u00fcste und nach Arica. Hierbei legen Sie ein zweites Mal an einem Tag einen H\u00f6henunterschied von 4.500 m zur\u00fcck!<br \/>\n\n\t\t<\/div>\n\t\n\n\t\t<div class=\"pane\">\n\t\t\nDiese Tour eignet sich nicht f\u00fcr Personen, die unter der H\u00f6henkrankheit leiden oder Blutdruckprobleme haben. Schwangeren Frauen wird ebenfalls von einer Teilnahme abgeraten.<br \/>\n\n\t\t<\/div>\n\t\n\n\t\t<\/div>\n\t<\/p>","protected":false},"excerpt":{"rendered":"<p>Art der Reise: Natur Dauer: 1 Tag<\/p>\n","protected":false},"author":16,"featured_media":0,"parent":69,"menu_order":0,"comment_status":"open","ping_status":"open","template":"","meta":{"slim_seo":{"title":"Lauca Nationalpark Lauca National Park - travelArt","description":"Lauca Nationalpark Lauca Nationalpark Lauca Nationalpark Lauca Nationalpark Lauca Nationalpark Art der Reise: Natur Dauer: 1 Tag Tourverlauf Anmerkungen Unterne"},"footnotes":""},"class_list":["post-73","page","type-page","status-publish","hentry"],"_links":{"self":[{"href":"https:\/\/www.chile-reise.com\/de\/wp-json\/wp\/v2\/pages\/73","targetHints":{"allow":["GET"]}}],"collection":[{"href":"https:\/\/www.chile-reise.com\/de\/wp-json\/wp\/v2\/pages"}],"about":[{"href":"https:\/\/www.chile-reise.com\/de\/wp-json\/wp\/v2\/types\/page"}],"author":[{"embeddable":true,"href":"https:\/\/www.chile-reise.com\/de\/wp-json\/wp\/v2\/users\/16"}],"replies":[{"embeddable":true,"href":"https:\/\/www.chile-reise.com\/de\/wp-json\/wp\/v2\/comments?post=73"}],"version-history":[{"count":0,"href":"https:\/\/www.chile-reise.com\/de\/wp-json\/wp\/v2\/pages\/73\/revisions"}],"up":[{"embeddable":true,"href":"https:\/\/www.chile-reise.com\/de\/wp-json\/wp\/v2\/pages\/69"}],"wp:attachment":[{"href":"https:\/\/www.chile-reise.com\/de\/wp-json\/wp\/v2\/media?parent=73"}],"curies":[{"name":"wp","href":"https:\/\/api.w.org\/{rel}","templated":true}]}}