{"id":69,"date":"2013-07-02T19:19:51","date_gmt":"2013-07-02T17:19:51","guid":{"rendered":"http:\/\/www.chile-reise.com\/wordpress\/?page_id=69"},"modified":"2019-07-26T15:50:37","modified_gmt":"2019-07-26T13:50:37","slug":"altiplano","status":"publish","type":"page","link":"https:\/\/www.chile-reise.com\/de\/altiplano\/","title":{"rendered":"Altiplano"},"content":{"rendered":"<img loading=\"lazy\" decoding=\"async\" class=\"alignleft size-thumbnail wp-image-697\" src=\"https:\/\/www.chile-reise.com\/wp-content\/uploads\/slider_altiplano-240x140.jpg\" alt=\"slider_altiplano\" width=\"240\" height=\"140\" \/>Der extreme Norden Chiles mit dem abgeschiedenen Altiplano liegt an den Grenzen zu Peru und Bolivien. In diesem Gebiet schneebedeckter Vulkane und einsamer W\u00fcstenlandschaften er\u00f6ffnet sich eine Welt bizarrer Fels- und Sandformationen, fauchender Geysire und endloser Salzseen, deren Kristalle wie Schnee in der W\u00fcste erscheinen. Inmitten dieser Weite leuchten Lagunen in T\u00fcrkis und Gr\u00fcn und am tiefblauen Himmel gleiten rosafarbene Flamingos dahin. Ruinen aus der Inka- und Vor-Inkazeit, Terrassenfelder der Aymara, verlassene Kupferminen und die Geisterst\u00e4dte des Salpeterbooms \u2013 die mit der Erfindung der Amoniak-Synthese von einem auf den anderen Tag verlassen wurden \u2013 sind stumme Zeugen von Jahrtausenden bewegter Geschichte dieses scheinbar so unwirtlichen Landes. Die kleinen Dorfkirchen des Nordens stammen aus der Zeit der spanischen Eroberung und z\u00e4hlen zu den \u00e4ltesten Kirchen in ganz Chile. Die vielf\u00e4ltige Tierwelt, der Sie hier begegnen k\u00f6nnen, ist sicherlich ein Erlebnis besonderer Art: Alpakas, Lamas, Guanakos, Viskachas (Nagetiere), Armadillos (G\u00fcrteltiere), Flamingos, Wildenten und hunderte anderer Vogelarten sind hier zu Hause.<\/p>\n<h6>Unser Reiseangebot<\/h6>\n<span id=\"tablepress-1-description\" class=\"tablepress-table-description tablepress-table-description-id-1\"><\/span>\n\n<table id=\"tablepress-1\" class=\"tablepress tablepress-id-1\" aria-describedby=\"tablepress-1-description\">\n<thead>\n<tr class=\"row-1\">\n\t<th class=\"column-1\">Name der Reise<\/th><th class=\"column-2\">Art der Reise<\/th><th class=\"column-3\">Dauer<\/th>\n<\/tr>\n<\/thead>\n<tbody class=\"row-striping row-hover\">\n<tr class=\"row-2\">\n\t<td class=\"column-1\"><a href=\"lauca-nationalpark\/\">Lauca Nationalpark<\/a><\/td><td class=\"column-2\">Natur<\/td><td class=\"column-3\">1 Tag<\/td>\n<\/tr>\n<tr class=\"row-3\">\n\t<td class=\"column-1\"><a href=\"salpeter-geisterstaedte\/\">Salpeter Geisterst\u00e4dte<\/a><\/td><td class=\"column-2\">Kultur<\/td><td class=\"column-3\">1 Tag<\/td>\n<\/tr>\n<tr class=\"row-4\">\n\t<td class=\"column-1\"><a href=\"citytour-arica\/\">Citytour Arica<\/a><\/td><td class=\"column-2\">Kultur<\/td><td class=\"column-3\">1 Tag<\/td>\n<\/tr>\n<tr class=\"row-5\">\n\t<td class=\"column-1\"><a href=\"citytour-iquique\/\">Citytour Iquique<\/a><\/td><td class=\"column-2\">Kultur<\/td><td class=\"column-3\">1 Tag<\/td>\n<\/tr>\n<tr class=\"row-6\">\n\t<td class=\"column-1\"><a href=\"nationalpark-salar-de-huasco\/\">Nationalpark Salar de Huasco<\/a><\/td><td class=\"column-2\">Natur<\/td><td class=\"column-3\">1 Tag<\/td>\n<\/tr>\n<tr class=\"row-7\">\n\t<td class=\"column-1\"><a href=\"geisterstadte-geoglyphen-und-die-pica-oase\/\">Geisterst\u00e4dte, Geoglyphen und die Pica-Oase<\/a><\/td><td class=\"column-2\">Kultur<\/td><td class=\"column-3\">1 Tag<\/td>\n<\/tr>\n<\/tbody>\n<\/table>\n<!-- #tablepress-1 from cache -->","protected":false},"excerpt":{"rendered":"<p>Der extreme Norden Chiles mit dem abgeschiedenen Altiplano liegt an den Grenzen zu Peru und Bolivien. In diesem Gebiet schneebedeckter Vulkane und einsamer W\u00fcstenlandschaften er\u00f6ffnet sich eine Welt bizarrer Fels- und Sandformationen, fauchender Geysire und endloser Salzseen, deren Kristalle wie &#8230;<\/p>\n","protected":false},"author":16,"featured_media":0,"parent":0,"menu_order":0,"comment_status":"open","ping_status":"open","template":"","meta":{"slim_seo":{"title":"Altiplano - travelArt","description":"[:de] Der extreme Norden Chiles mit dem abgeschiedenen Altiplano liegt an den Grenzen zu Peru und Bolivien. In diesem Gebiet schneebedeckter Vulkane und einsame"},"footnotes":""},"class_list":["post-69","page","type-page","status-publish","hentry"],"_links":{"self":[{"href":"https:\/\/www.chile-reise.com\/de\/wp-json\/wp\/v2\/pages\/69","targetHints":{"allow":["GET"]}}],"collection":[{"href":"https:\/\/www.chile-reise.com\/de\/wp-json\/wp\/v2\/pages"}],"about":[{"href":"https:\/\/www.chile-reise.com\/de\/wp-json\/wp\/v2\/types\/page"}],"author":[{"embeddable":true,"href":"https:\/\/www.chile-reise.com\/de\/wp-json\/wp\/v2\/users\/16"}],"replies":[{"embeddable":true,"href":"https:\/\/www.chile-reise.com\/de\/wp-json\/wp\/v2\/comments?post=69"}],"version-history":[{"count":0,"href":"https:\/\/www.chile-reise.com\/de\/wp-json\/wp\/v2\/pages\/69\/revisions"}],"wp:attachment":[{"href":"https:\/\/www.chile-reise.com\/de\/wp-json\/wp\/v2\/media?parent=69"}],"curies":[{"name":"wp","href":"https:\/\/api.w.org\/{rel}","templated":true}]}}