{"id":6286,"date":"2015-04-10T18:56:17","date_gmt":"2015-04-10T16:56:17","guid":{"rendered":"http:\/\/www.chile-reise.com\/?page_id=6286"},"modified":"2015-04-10T19:02:59","modified_gmt":"2015-04-10T17:02:59","slug":"hotel-sonesta","status":"publish","type":"page","link":"https:\/\/www.chile-reise.com\/de\/hotels\/atacamawueste\/hotel-sonesta\/","title":{"rendered":"Hotel Sonesta *****"},"content":{"rendered":"<p>\r\n        <style type='text\/css'>\r\n            #gallery-1 {\r\n                margin: auto;\r\n            }\r\n            #gallery-1 .gallery-item {\r\n                float: left;\r\n                margin-top: 10px;\r\n                text-align: center;\r\n                width: 33%;           }\r\n            #gallery-1 img {\r\n                border: 2px solid #cfcfcf;\r\n            }\r\n            #gallery-1 .gallery-caption {\r\n                margin-left: 0;\r\n            }\r\n        <\/style>\r\n        <!-- see gallery_shortcode() in wp-includes\/media.php -->\r\n        <div id='gallery-1' class='gallery-images gallery galleryid-6286'><dl class='gallery-item'>\r\n            <dt class='gallery-icon'>\r\n                <a href='https:\/\/www.chile-reise.com\/wp-content\/uploads\/DSC05338.jpg'><img loading=\"lazy\" decoding=\"async\" width=\"240\" height=\"140\" src=\"https:\/\/www.chile-reise.com\/wp-content\/uploads\/DSC05338-240x140.jpg\" class=\"attachment-thumbnail size-thumbnail\" alt=\"DSC05338\" \/><\/a>\r\n            <\/dt>\r\n                <dd class='gallery-caption'>\r\n                Hotel Sonesta Facade\r\n                <\/dd><\/dl><dl class='gallery-item'>\r\n            <dt class='gallery-icon'>\r\n                <a href='https:\/\/www.chile-reise.com\/wp-content\/uploads\/DSC_0039_1.jpg'><img loading=\"lazy\" decoding=\"async\" width=\"240\" height=\"140\" src=\"https:\/\/www.chile-reise.com\/wp-content\/uploads\/DSC_0039_1-240x140.jpg\" class=\"attachment-thumbnail size-thumbnail\" alt=\"DSC 0039\" \/><\/a>\r\n            <\/dt>\r\n                <dd class='gallery-caption'>\r\n                Hotel Sonesta Restaurant\r\n                <\/dd><\/dl><dl class='gallery-item'>\r\n            <dt class='gallery-icon'>\r\n                <a href='https:\/\/www.chile-reise.com\/wp-content\/uploads\/DSC_0260_1.jpg'><img loading=\"lazy\" decoding=\"async\" width=\"240\" height=\"140\" src=\"https:\/\/www.chile-reise.com\/wp-content\/uploads\/DSC_0260_1-240x140.jpg\" class=\"attachment-thumbnail size-thumbnail\" alt=\"DSC 0260\" \/><\/a>\r\n            <\/dt>\r\n                <dd class='gallery-caption'>\r\n                Hotel Sonesta Room\r\n                <\/dd><\/dl><br style=\"clear: both\" \/>\r\n            <br style='clear: both;' \/>\r\n        <\/div>\n\n<div class=\"clear\"><\/div><div class=\"divider\"><\/div>\nDas Hotel Sonesta in Calama ist ein perfekter Ausgangspunkt f\u00fcr Ausfl\u00fcge in die Region, beispielsweise zu den historischen Aymarad\u00f6rfern der Atacama oder Chuquicamata, der gr\u00f6\u00dften Tagebaumine der Welt. Das Hotel richtet sich sowohl an Touristen als auch an Gesch\u00e4ftsreisende. Es ist modern, hell und freundlich eingerichtet und l\u00e4sst keinen Komfort vermissen. <\/p>\n<p><strong>Zimmer: <\/strong>148<br \/>\n<strong>Ausstattung: <\/strong>Kabel-TV, Klimaanlage, Direktwahltelefon, F\u00f6n, Minibar, Safe, Kaffeemaschine, Radiowecker, Zimmerservice, 24-Stunden-Concierge-Service, Fitnesscenter, Spa, Swimmingpool, W\u00e4scheservice, Restaurant, Business Center<br \/>\n<strong>Internet:<\/strong> Wi-Fi<br \/>\n<\/p>","protected":false},"excerpt":{"rendered":"<p>Das Hotel Sonesta in Calama ist ein perfekter Ausgangspunkt f\u00fcr Ausfl\u00fcge in die Region, beispielsweise zu den historischen Aymarad\u00f6rfern der Atacama oder Chuquicamata, der gr\u00f6\u00dften Tagebaumine der Welt. Das Hotel richtet sich sowohl an Touristen als auch an Gesch\u00e4ftsreisende. Es &#8230;<\/p>\n","protected":false},"author":3,"featured_media":0,"parent":202,"menu_order":0,"comment_status":"open","ping_status":"closed","template":"","meta":{"slim_seo":{"title":"Hotel Sonesta ***** Hotel Sonesta ***** - travelArt","description":"Hotel Sonesta Facade Hotel Sonesta Restaurant Hotel Sonesta Room Das Hotel Sonesta in Calama ist ein perfekter Ausgangspunkt f\u00fcr Ausfl\u00fcge in die Region, beispie"},"footnotes":""},"class_list":["post-6286","page","type-page","status-publish","hentry"],"_links":{"self":[{"href":"https:\/\/www.chile-reise.com\/de\/wp-json\/wp\/v2\/pages\/6286","targetHints":{"allow":["GET"]}}],"collection":[{"href":"https:\/\/www.chile-reise.com\/de\/wp-json\/wp\/v2\/pages"}],"about":[{"href":"https:\/\/www.chile-reise.com\/de\/wp-json\/wp\/v2\/types\/page"}],"author":[{"embeddable":true,"href":"https:\/\/www.chile-reise.com\/de\/wp-json\/wp\/v2\/users\/3"}],"replies":[{"embeddable":true,"href":"https:\/\/www.chile-reise.com\/de\/wp-json\/wp\/v2\/comments?post=6286"}],"version-history":[{"count":0,"href":"https:\/\/www.chile-reise.com\/de\/wp-json\/wp\/v2\/pages\/6286\/revisions"}],"up":[{"embeddable":true,"href":"https:\/\/www.chile-reise.com\/de\/wp-json\/wp\/v2\/pages\/202"}],"wp:attachment":[{"href":"https:\/\/www.chile-reise.com\/de\/wp-json\/wp\/v2\/media?parent=6286"}],"curies":[{"name":"wp","href":"https:\/\/api.w.org\/{rel}","templated":true}]}}