{"id":6219,"date":"2015-04-09T20:11:29","date_gmt":"2015-04-09T18:11:29","guid":{"rendered":"http:\/\/www.chile-reise.com\/?page_id=6219"},"modified":"2015-04-09T20:11:29","modified_gmt":"2015-04-09T18:11:29","slug":"familienreisen-durch-patagonien","status":"publish","type":"page","link":"https:\/\/www.chile-reise.com\/de\/packages-daytrips\/patagonien\/familienreisen-durch-patagonien\/","title":{"rendered":"Familienreisen durch Patagonien"},"content":{"rendered":"<p>\r\n        <style type='text\/css'>\r\n            #gallery-1 {\r\n                margin: auto;\r\n            }\r\n            #gallery-1 .gallery-item {\r\n                float: left;\r\n                margin-top: 10px;\r\n                text-align: center;\r\n                width: 33%;           }\r\n            #gallery-1 img {\r\n                border: 2px solid #cfcfcf;\r\n            }\r\n            #gallery-1 .gallery-caption {\r\n                margin-left: 0;\r\n            }\r\n        <\/style>\r\n        <!-- see gallery_shortcode() in wp-includes\/media.php -->\r\n        <div id='gallery-1' class='gallery-images gallery galleryid-6219'><dl class='gallery-item'>\r\n            <dt class='gallery-icon'>\r\n                <a href='https:\/\/www.chile-reise.com\/wp-content\/uploads\/Familienreisen-1.jpg'><img loading=\"lazy\" decoding=\"async\" width=\"240\" height=\"140\" src=\"https:\/\/www.chile-reise.com\/wp-content\/uploads\/Familienreisen-1-240x140.jpg\" class=\"attachment-thumbnail size-thumbnail\" alt=\"Familienreisen\" \/><\/a>\r\n            <\/dt>\r\n                <dd class='gallery-caption'>\r\n                Familienreisen in Patagonien\r\n                <\/dd><\/dl><dl class='gallery-item'>\r\n            <dt class='gallery-icon'>\r\n                <a href='https:\/\/www.chile-reise.com\/wp-content\/uploads\/Familienreisen-7.jpg'><img loading=\"lazy\" decoding=\"async\" width=\"240\" height=\"140\" src=\"https:\/\/www.chile-reise.com\/wp-content\/uploads\/Familienreisen-7-240x140.jpg\" class=\"attachment-thumbnail size-thumbnail\" alt=\"Familienreisen\" \/><\/a>\r\n            <\/dt>\r\n                <dd class='gallery-caption'>\r\n                Familienreisen in Patagonien\r\n                <\/dd><\/dl><dl class='gallery-item'>\r\n            <dt class='gallery-icon'>\r\n                <a href='https:\/\/www.chile-reise.com\/wp-content\/uploads\/Familienreisen-6.jpg'><img loading=\"lazy\" decoding=\"async\" width=\"240\" height=\"140\" src=\"https:\/\/www.chile-reise.com\/wp-content\/uploads\/Familienreisen-6-240x140.jpg\" class=\"attachment-thumbnail size-thumbnail\" alt=\"Familienreisen\" \/><\/a>\r\n            <\/dt>\r\n                <dd class='gallery-caption'>\r\n                Familienreisen in Patagonien\r\n                <\/dd><\/dl><br style=\"clear: both\" \/><dl class='gallery-item'>\r\n            <dt class='gallery-icon'>\r\n                <a href='https:\/\/www.chile-reise.com\/wp-content\/uploads\/Familienreisen-4.jpg'><img loading=\"lazy\" decoding=\"async\" width=\"240\" height=\"140\" src=\"https:\/\/www.chile-reise.com\/wp-content\/uploads\/Familienreisen-4-240x140.jpg\" class=\"attachment-thumbnail size-thumbnail\" alt=\"Familienreisen\" \/><\/a>\r\n            <\/dt>\r\n                <dd class='gallery-caption'>\r\n                Familienreisen in Patagonien\r\n                <\/dd><\/dl><dl class='gallery-item'>\r\n            <dt class='gallery-icon'>\r\n                <a href='https:\/\/www.chile-reise.com\/wp-content\/uploads\/Familienreisen-2.jpg'><img loading=\"lazy\" decoding=\"async\" width=\"240\" height=\"140\" src=\"https:\/\/www.chile-reise.com\/wp-content\/uploads\/Familienreisen-2-240x140.jpg\" class=\"attachment-thumbnail size-thumbnail\" alt=\"Familienreisen\" \/><\/a>\r\n            <\/dt>\r\n                <dd class='gallery-caption'>\r\n                Familienreisen in Patagonien\r\n                <\/dd><\/dl><dl class='gallery-item'>\r\n            <dt class='gallery-icon'>\r\n                <a href='https:\/\/www.chile-reise.com\/wp-content\/uploads\/Familienreisen-3.jpg'><img loading=\"lazy\" decoding=\"async\" width=\"240\" height=\"140\" src=\"https:\/\/www.chile-reise.com\/wp-content\/uploads\/Familienreisen-3-240x140.jpg\" class=\"attachment-thumbnail size-thumbnail\" alt=\"Familienreisen\" \/><\/a>\r\n            <\/dt>\r\n                <dd class='gallery-caption'>\r\n                Familienreisen in Patagonien\r\n                <\/dd><\/dl><br style=\"clear: both\" \/>\r\n            <br style='clear: both;' \/>\r\n        <\/div>\n\n<div class=\"clear\"><\/div><div class=\"divider\"><\/div>\n<strong>Sind Familienreisen in Patagonien m\u00f6glich?<\/strong><br \/>\nDiese Frage stellten sich travelArt-Besitzer Elke Hausdorf und Carsten Bengelsdorff und haben es mit ihren Kindern Amelie und Tom (7 und 10 Jahre) selbst getestet. In drei Wochen ging es von Punta Arenas \u00fcber den Torres del Paine Nationalpark weiter zum Perito Moreno Gletscher. Von El Chalten \u00fcber die Ruta 40 und den Paso Robalo zur\u00fcck nach Chile und \u00fcber die Carretera Austral bis nach Coyhaique. Eine echte Overland Tour! <\/p>\n<p>Viele Wanderungen, Reittouren, Boots- und Zodiakfahrten durften nat\u00fcrlich nicht fehlen. Bei den \u00dcbernachtungen war von Bergh\u00fctten \u00fcber Estancias, Lodges und F\u00fcnf-Sterne-Hotels alles dabei. Die Begeisterung der Kinder hat alle Erwartungen \u00fcbertroffen: Patagonien scheint ein einziger Abenteuerspielplatz f\u00fcr sie zu sein und die Bedenken der Eltern l\u00f6sten sich buchst\u00e4blich in Wind auf: K\u00f6nnte der Wind zu stark sein? <em>(Nein, denn mit starkem Wind fliegt alles so toll und \u00fcberhaupt machen die Windb\u00f6en kleineren Personen weniger aus.)<\/em>, schlechtes Wetter <em>(Was ist das? Erwachsene sitzen bei str\u00f6mendem Regen missmutig auf dem Zodiak, die Kinder ermutigen den Kapit\u00e4n, er m\u00f6ge doch bitte noch mehr rasante Kurven fahren, damit man noch nasser werde.)<\/em>,. holprige Stra\u00dfen <em>(Je wilder, desto besser!). <\/em><\/p>\n<p>Familienreisen sollten allerdings \u201eentschleunigt\u201c sein \u2013 man sollte also mindestens zwei N\u00e4chte an jedem Ort bleiben, wenn irgendm\u00f6glich sogar drei N\u00e4chte. Abwechslungsreiche Aktivit\u00e4ten sind ebenfalls wichtig: Tierbeobachtungen, Estanciabesuche mit Schafschur, Reiten mit Gauchos und, und, und\u2026 Eindeutiges Ergebnis dieser Reise: Ja, Patagonien bietet f\u00fcr outdoorbegeisterte Familien einmalige Erlebnisse: Wildniss, Einsamkeit, Abenteuer \u2013 und trotzdem ist es ein absolut sicheres Reisegebiet.<\/p>\n<p>Empfehlen w\u00fcrden wir eine Familienreise nach Patagonien mit Kindern ab ca. 9 Jahren. Dann k\u00f6nnen die Kinder auch schon die l\u00e4ngeren Tagesexkursionen und H\u00fcttenwanderungen, z.B. im Torres del Paine Nationalpark, mitmachen.<\/p>\n<p>Wenn Sie an Beratung zu einer Familienreise durch Patagonien interessiert sind, k\u00f6nnen wir Ihnen wertvolle Erfahrungen aus erster Hand weitergeben, sodass ein unvergessliches, sicheres Abenteuer dabei heraus kommt. Fragen Sie uns gerne!<\/p>","protected":false},"excerpt":{"rendered":"<p>Sind Familienreisen in Patagonien m\u00f6glich? Diese Frage stellten sich travelArt-Besitzer Elke Hausdorf und Carsten Bengelsdorff und haben es mit ihren Kindern Amelie und Tom (7 und 10 Jahre) selbst getestet. In drei Wochen ging es von Punta Arenas \u00fcber den &#8230;<\/p>\n","protected":false},"author":3,"featured_media":0,"parent":103,"menu_order":0,"comment_status":"open","ping_status":"closed","template":"","meta":{"slim_seo":{"title":"Familienreisen durch Patagonien Family Trips to Patagonia - travelArt","description":"Familienreisen in Patagonien Familienreisen in Patagonien Familienreisen in Patagonien Familienreisen in Patagonien Familienreisen in Patagonien Familienreisen"},"footnotes":""},"class_list":["post-6219","page","type-page","status-publish","hentry"],"_links":{"self":[{"href":"https:\/\/www.chile-reise.com\/de\/wp-json\/wp\/v2\/pages\/6219","targetHints":{"allow":["GET"]}}],"collection":[{"href":"https:\/\/www.chile-reise.com\/de\/wp-json\/wp\/v2\/pages"}],"about":[{"href":"https:\/\/www.chile-reise.com\/de\/wp-json\/wp\/v2\/types\/page"}],"author":[{"embeddable":true,"href":"https:\/\/www.chile-reise.com\/de\/wp-json\/wp\/v2\/users\/3"}],"replies":[{"embeddable":true,"href":"https:\/\/www.chile-reise.com\/de\/wp-json\/wp\/v2\/comments?post=6219"}],"version-history":[{"count":0,"href":"https:\/\/www.chile-reise.com\/de\/wp-json\/wp\/v2\/pages\/6219\/revisions"}],"up":[{"embeddable":true,"href":"https:\/\/www.chile-reise.com\/de\/wp-json\/wp\/v2\/pages\/103"}],"wp:attachment":[{"href":"https:\/\/www.chile-reise.com\/de\/wp-json\/wp\/v2\/media?parent=6219"}],"curies":[{"name":"wp","href":"https:\/\/api.w.org\/{rel}","templated":true}]}}