{"id":6182,"date":"2015-04-03T19:40:44","date_gmt":"2015-04-03T17:40:44","guid":{"rendered":"http:\/\/www.chile-reise.com\/?page_id=6182"},"modified":"2015-04-10T19:25:37","modified_gmt":"2015-04-10T17:25:37","slug":"hotel-espacio-y-tiempo","status":"publish","type":"page","link":"https:\/\/www.chile-reise.com\/de\/hotels\/carretera-austral\/hotel-espacio-y-tiempo\/","title":{"rendered":"Hotel Espacio y Tiempo ***"},"content":{"rendered":"<p>\r\n        <style type='text\/css'>\r\n            #gallery-1 {\r\n                margin: auto;\r\n            }\r\n            #gallery-1 .gallery-item {\r\n                float: left;\r\n                margin-top: 10px;\r\n                text-align: center;\r\n                width: 33%;           }\r\n            #gallery-1 img {\r\n                border: 2px solid #cfcfcf;\r\n            }\r\n            #gallery-1 .gallery-caption {\r\n                margin-left: 0;\r\n            }\r\n        <\/style>\r\n        <!-- see gallery_shortcode() in wp-includes\/media.php -->\r\n        <div id='gallery-1' class='gallery-images gallery galleryid-6182'><dl class='gallery-item'>\r\n            <dt class='gallery-icon'>\r\n                <a href='https:\/\/www.chile-reise.com\/wp-content\/uploads\/Espacio-y-Tiempo-3.jpg'><img loading=\"lazy\" decoding=\"async\" width=\"240\" height=\"140\" src=\"https:\/\/www.chile-reise.com\/wp-content\/uploads\/Espacio-y-Tiempo-3-240x140.jpg\" class=\"attachment-thumbnail size-thumbnail\" alt=\"Espacio y Tiempo (3)\" \/><\/a>\r\n            <\/dt>\r\n                <dd class='gallery-caption'>\r\n                Espacio y Tiempo\r\n                <\/dd><\/dl><dl class='gallery-item'>\r\n            <dt class='gallery-icon'>\r\n                <a href='https:\/\/www.chile-reise.com\/wp-content\/uploads\/Espacio-y-Tiempo-1.jpg'><img loading=\"lazy\" decoding=\"async\" width=\"240\" height=\"140\" src=\"https:\/\/www.chile-reise.com\/wp-content\/uploads\/Espacio-y-Tiempo-1-240x140.jpg\" class=\"attachment-thumbnail size-thumbnail\" alt=\"Espacio y Tiempo (1)\" \/><\/a>\r\n            <\/dt>\r\n                <dd class='gallery-caption'>\r\n                Espacio y Tiempo Room\r\n                <\/dd><\/dl><dl class='gallery-item'>\r\n            <dt class='gallery-icon'>\r\n                <a href='https:\/\/www.chile-reise.com\/wp-content\/uploads\/Espacio-y-Tiempo-2.jpg'><img loading=\"lazy\" decoding=\"async\" width=\"240\" height=\"140\" src=\"https:\/\/www.chile-reise.com\/wp-content\/uploads\/Espacio-y-Tiempo-2-240x140.jpg\" class=\"attachment-thumbnail size-thumbnail\" alt=\"Espacio y Tiempo (2)\" \/><\/a>\r\n            <\/dt>\r\n                <dd class='gallery-caption'>\r\n                Espacio y Tiempo Restaurant\r\n                <\/dd><\/dl><br style=\"clear: both\" \/>\r\n            <br style='clear: both;' \/>\r\n        <\/div>\n\n<div class=\"clear\"><\/div><div class=\"divider\"><\/div>\nDas Hotel Espacio y Tiempo liegt n\u00f6rdlich von Puyuhuapi direkt an der Carretera Austral. Bereits seit 1986 werden G\u00e4ste in famili\u00e4rer Atmosph\u00e4re aufgenommen und k\u00f6stlich bewirtet. Die neun gem\u00fctlichen, mit Holz ausgestatteten Zimmer bieten ein privates Badezimmer, King-Size-Betten, Zentralheizung, Telefon und kostenloses Wi-Fi. In den zwei Wohnzimmern des Hotels, die \u00fcber einen offen Kamin verf\u00fcgen, treffen sich die G\u00e4ste am Abend auf ein geselliges Glas Wein. Im hauseigenen Restaurant wird neben einem reichhaltigen Fr\u00fchst\u00fcck auch typisch chilenisches Abendessen serviert. Das Hotel bietet verschiedene Exkursionen in die Umgebung an und hat sich dabei besonders auf die Vorlieben von Anglern und Sportfischern eingestellt.<\/p>\n<p><strong>Zimmer:<\/strong> 9<br \/>\n<strong>Ausstattung:<\/strong> Zentralheizung,Telefon, Kabel-TV, Restaurant, Kamin im Aufenthaltsbereich, W\u00e4scheservice, Parkplatz<br \/>\n<strong>Internet:<\/strong> Wi-Fi<\/p>","protected":false},"excerpt":{"rendered":"<p>Das Hotel Espacio y Tiempo liegt n\u00f6rdlich von Puyuhuapi direkt an der Carretera Austral. Bereits seit 1986 werden G\u00e4ste in famili\u00e4rer Atmosph\u00e4re aufgenommen und k\u00f6stlich bewirtet. Die neun gem\u00fctlichen, mit Holz ausgestatteten Zimmer bieten ein privates Badezimmer, King-Size-Betten, Zentralheizung, Telefon &#8230;<\/p>\n","protected":false},"author":3,"featured_media":0,"parent":218,"menu_order":0,"comment_status":"open","ping_status":"closed","template":"","meta":{"slim_seo":{"title":"Hotel Espacio y Tiempo *** Hotel Espacio y Tiempo *** - travelArt","description":"Espacio y Tiempo Espacio y Tiempo Room Espacio y Tiempo Restaurant Das Hotel Espacio y Tiempo liegt n\u00f6rdlich von Puyuhuapi direkt an der Carretera Austral. Bere"},"footnotes":""},"class_list":["post-6182","page","type-page","status-publish","hentry"],"_links":{"self":[{"href":"https:\/\/www.chile-reise.com\/de\/wp-json\/wp\/v2\/pages\/6182","targetHints":{"allow":["GET"]}}],"collection":[{"href":"https:\/\/www.chile-reise.com\/de\/wp-json\/wp\/v2\/pages"}],"about":[{"href":"https:\/\/www.chile-reise.com\/de\/wp-json\/wp\/v2\/types\/page"}],"author":[{"embeddable":true,"href":"https:\/\/www.chile-reise.com\/de\/wp-json\/wp\/v2\/users\/3"}],"replies":[{"embeddable":true,"href":"https:\/\/www.chile-reise.com\/de\/wp-json\/wp\/v2\/comments?post=6182"}],"version-history":[{"count":0,"href":"https:\/\/www.chile-reise.com\/de\/wp-json\/wp\/v2\/pages\/6182\/revisions"}],"up":[{"embeddable":true,"href":"https:\/\/www.chile-reise.com\/de\/wp-json\/wp\/v2\/pages\/218"}],"wp:attachment":[{"href":"https:\/\/www.chile-reise.com\/de\/wp-json\/wp\/v2\/media?parent=6182"}],"curies":[{"name":"wp","href":"https:\/\/api.w.org\/{rel}","templated":true}]}}