{"id":6177,"date":"2015-04-03T19:33:53","date_gmt":"2015-04-03T17:33:53","guid":{"rendered":"http:\/\/www.chile-reise.com\/?page_id=6177"},"modified":"2015-04-10T19:26:01","modified_gmt":"2015-04-10T17:26:01","slug":"el-puesto-refugio-de-la-patagonia","status":"publish","type":"page","link":"https:\/\/www.chile-reise.com\/de\/hotels\/carretera-austral\/el-puesto-refugio-de-la-patagonia\/","title":{"rendered":"El Puesto Refugio de la Patagonia **"},"content":{"rendered":"<p>\r\n        <style type='text\/css'>\r\n            #gallery-1 {\r\n                margin: auto;\r\n            }\r\n            #gallery-1 .gallery-item {\r\n                float: left;\r\n                margin-top: 10px;\r\n                text-align: center;\r\n                width: 33%;           }\r\n            #gallery-1 img {\r\n                border: 2px solid #cfcfcf;\r\n            }\r\n            #gallery-1 .gallery-caption {\r\n                margin-left: 0;\r\n            }\r\n        <\/style>\r\n        <!-- see gallery_shortcode() in wp-includes\/media.php -->\r\n        <div id='gallery-1' class='gallery-images gallery galleryid-6177'><dl class='gallery-item'>\r\n            <dt class='gallery-icon'>\r\n                <a href='https:\/\/www.chile-reise.com\/wp-content\/uploads\/El-Puesto.jpg'><img loading=\"lazy\" decoding=\"async\" width=\"240\" height=\"140\" src=\"https:\/\/www.chile-reise.com\/wp-content\/uploads\/El-Puesto-240x140.jpg\" class=\"attachment-thumbnail size-thumbnail\" alt=\"El Puesto\" \/><\/a>\r\n            <\/dt>\r\n                <dd class='gallery-caption'>\r\n                El Puesto\r\n                <\/dd><\/dl><dl class='gallery-item'>\r\n            <dt class='gallery-icon'>\r\n                <a href='https:\/\/www.chile-reise.com\/wp-content\/uploads\/El-Puesto_travelArt15.jpg'><img loading=\"lazy\" decoding=\"async\" width=\"240\" height=\"140\" src=\"https:\/\/www.chile-reise.com\/wp-content\/uploads\/El-Puesto_travelArt15-240x140.jpg\" class=\"attachment-thumbnail size-thumbnail\" alt=\"El Puesto travelArt15\" \/><\/a>\r\n            <\/dt>\r\n                <dd class='gallery-caption'>\r\n                El Puesto Room\r\n                <\/dd><\/dl>\r\n            <br style='clear: both;' \/>\r\n        <\/div>\n\n<div class=\"clear\"><\/div><div class=\"divider\"><\/div>\nDieses familiengef\u00fchrte Hostal liegt al Westufer des Lago General Carrera. Hier k\u00f6nnen Sie in gem\u00fctlichem patagonischem Ambiente ausspannen und sich mit den kulinarischen K\u00f6stlichkeiten des Restaurants verw\u00f6hnen. Von hier aus k\u00f6nnen Sie leicht verschiedene Aktivit\u00e4ten in der Umgebung unternehmen. Die Zimmer sind mit heimischen Materialien der Region zweckm\u00e4\u00dfig und einladend ausgestattet.<\/p>\n<p><strong>Zimmer:<\/strong> 9<br \/>\n<strong>Ausstattung:<\/strong> Heizung, Haartrockner, Restaurant, Aufenthaltsraum, W\u00e4scheservice, Parkplatz<br \/>\n<strong>Internet:<\/strong> Wi-Fi<\/p>","protected":false},"excerpt":{"rendered":"<p>Dieses familiengef\u00fchrte Hostal liegt al Westufer des Lago General Carrera. Hier k\u00f6nnen Sie in gem\u00fctlichem patagonischem Ambiente ausspannen und sich mit den kulinarischen K\u00f6stlichkeiten des Restaurants verw\u00f6hnen. Von hier aus k\u00f6nnen Sie leicht verschiedene Aktivit\u00e4ten in der Umgebung unternehmen. Die &#8230;<\/p>\n","protected":false},"author":3,"featured_media":0,"parent":218,"menu_order":0,"comment_status":"open","ping_status":"closed","template":"","meta":{"slim_seo":{"title":"El Puesto Refugio de la Patagonia ** El Puesto Refugio de la Patagonia ** - travelArt","description":"El Puesto El Puesto Room Dieses familiengef\u00fchrte Hostal liegt al Westufer des Lago General Carrera. Hier k\u00f6nnen Sie in gem\u00fctlichem patagonischem Ambiente ausspa"},"footnotes":""},"class_list":["post-6177","page","type-page","status-publish","hentry"],"_links":{"self":[{"href":"https:\/\/www.chile-reise.com\/de\/wp-json\/wp\/v2\/pages\/6177","targetHints":{"allow":["GET"]}}],"collection":[{"href":"https:\/\/www.chile-reise.com\/de\/wp-json\/wp\/v2\/pages"}],"about":[{"href":"https:\/\/www.chile-reise.com\/de\/wp-json\/wp\/v2\/types\/page"}],"author":[{"embeddable":true,"href":"https:\/\/www.chile-reise.com\/de\/wp-json\/wp\/v2\/users\/3"}],"replies":[{"embeddable":true,"href":"https:\/\/www.chile-reise.com\/de\/wp-json\/wp\/v2\/comments?post=6177"}],"version-history":[{"count":0,"href":"https:\/\/www.chile-reise.com\/de\/wp-json\/wp\/v2\/pages\/6177\/revisions"}],"up":[{"embeddable":true,"href":"https:\/\/www.chile-reise.com\/de\/wp-json\/wp\/v2\/pages\/218"}],"wp:attachment":[{"href":"https:\/\/www.chile-reise.com\/de\/wp-json\/wp\/v2\/media?parent=6177"}],"curies":[{"name":"wp","href":"https:\/\/api.w.org\/{rel}","templated":true}]}}